{"id":38715,"date":"2024-03-22T11:23:19","date_gmt":"2024-03-22T10:23:19","guid":{"rendered":"https:\/\/stage.aerothrive.com\/home-2\/sarpcheck\/"},"modified":"2026-03-12T15:58:39","modified_gmt":"2026-03-12T14:58:39","slug":"sarpcheck","status":"publish","type":"page","link":"https:\/\/aerothrive.com\/de\/home-2\/sarpcheck\/","title":{"rendered":"SARPcheck"},"content":{"rendered":"\n<div  class=\" f4-block-hero-header is-layout-constrained aspect-20-9 alignfull\"   >\n    <div class=\"block-media\">\n        <div class=\"f4_img--adaptive hero-image\" ><div class=\"f4_img-container f4_img--mobile landscape\" ><img width=\"1920\" height=\"1080\" src=\"https:\/\/aerothrive.com\/wp-content\/uploads\/2024\/07\/IMG_7123-5b-1920x1080.jpg\" class=\"attachment-16-to-9 size-16-to-9\" alt=\"\" decoding=\"async\" loading=\"lazy\" srcset=\"https:\/\/aerothrive.com\/wp-content\/uploads\/2024\/07\/IMG_7123-5b-1920x1080.jpg 1920w, https:\/\/aerothrive.com\/wp-content\/uploads\/2024\/07\/IMG_7123-5b-528x297.jpg 528w, https:\/\/aerothrive.com\/wp-content\/uploads\/2024\/07\/IMG_7123-5b-532x299.jpg 532w\" sizes=\"auto, (max-width: 1920px) 100vw, 1920px\" \/><\/div><div class=\"f4_img-container f4_img--desktop landscape\" ><img width=\"1920\" height=\"864\" src=\"https:\/\/aerothrive.com\/wp-content\/uploads\/2024\/07\/IMG_7123-5b-1920x864.jpg\" class=\"attachment-20-to-9 size-20-to-9\" alt=\"\" decoding=\"async\" loading=\"lazy\" \/><\/div><\/div>    <\/div>\n    <div class=\"block-content\">\n            <div class=\"acf-innerblocks-container\"><\/div>    <\/div>\n<\/div>\n\n<div class=\"wp-block-group is-layout-constrained wp-block-group-is-layout-constrained\" style=\"margin-top:var(--wp--preset--spacing--default);margin-bottom:var(--wp--preset--spacing--default);padding-top:0;padding-bottom:0\">\n<h1 class=\"wp-block-heading is-style-decor-element\">SARPcheck<\/h1>\n\n\n\n<div class=\"wp-block-columns is-layout-flex wp-container-core-columns-is-layout-9216ddd0 wp-block-columns-is-layout-flex\" style=\"margin-top:0;margin-bottom:var(--wp--preset--spacing--default)\">\n<div class=\"wp-block-column is-layout-flow wp-block-column-is-layout-flow\">\n<p>SARPcheck ist ein globales Auditprogramm, das zur Verbesserung der Flugsicherheit in verschiedenen Bereichen der Luftfahrtindustrie entwickelt wurde und sich zun\u00e4chst haupts\u00e4chlich auf die kommerzielle Luftfahrt mit Gro\u00dfflugzeugen konzentriert.<\/p>\n\n\n\n<p>Vier hocherfahrene Luftfahrtexperten bewerten alle anwendbaren Standards und empfohlenen Verfahren (SARPs) aus den ICAO-Anh\u00e4ngen 1, 2, 6 Teil 1, 8, 17, 18 und 19 im Verlauf von vier Tagen, alle zwei Jahre.<\/p>\n<\/div>\n\n\n\n<div class=\"wp-block-column is-layout-flow wp-block-column-is-layout-flow\">\n<p>Diese einzigartige Kombination aus risikobasierter, tiefgehender Auditierung in Verbindung mit vollst\u00e4ndiger ICAO-Konformit\u00e4t f\u00f6rdert das Gesch\u00e4ft unserer Airline-Partner, indem sie Codeshares, Wet Leases und Chartervereinbarungen erm\u00f6glicht. Ein erfolgreiches SARPcheck-Audit verschafft Fluggesellschaften zudem Anerkennung und Wertsch\u00e4tzung von Regulierungsbeh\u00f6rden, Aufsichtsbeh\u00f6rden, potenziellen Kunden, Passagieren und anderen wichtigen Stakeholdern. <\/p>\n<\/div>\n<\/div>\n\n\n\n<h2 class=\"wp-block-heading is-style-h2\">SARPcheck-Informationen herunterladen<\/h2>\n\n\n\n<div class=\"wp-block-columns is-layout-flex wp-container-core-columns-is-layout-f9d03155 wp-block-columns-is-layout-flex\" style=\"margin-top:0;margin-bottom:0;padding-top:0;padding-bottom:0\">\n<div class=\"wp-block-column is-layout-flow wp-block-column-is-layout-flow\">\n<div class=\"wp-block-buttons is-layout-flex wp-block-buttons-is-layout-flex\">\n<div class=\"wp-block-button is-style-text has-icon--circle-outline-arrow-down--primary icon-position--left\"><a class=\"wp-block-button__link wp-element-button\" href=\"https:\/\/aerothrive.com\/wp-content\/uploads\/2024\/03\/2024_03_27_SARPcheck_Intro-Rev3.pdf\" target=\"_blank\" rel=\"noreferrer noopener\">Einseitige \u00dcbersicht herunterladen<\/a><\/div>\n<\/div>\n\n\n\n<div class=\"wp-block-buttons is-layout-flex wp-block-buttons-is-layout-flex\">\n<div class=\"wp-block-button is-style-text has-icon--circle-outline-arrow-down--primary icon-position--left\"><a class=\"wp-block-button__link wp-element-button\" href=\"https:\/\/aerothrive.com\/wp-content\/uploads\/2025\/10\/SARPCheck-Programme-Manual-Ed1-Rev7.pdf\" target=\"_blank\" rel=\"noreferrer noopener\">Programmhandbuch Ed 1 Rev 7 (OKT 2025) herunterladen<\/a><\/div>\n<\/div>\n<\/div>\n\n\n\n<div class=\"wp-block-column is-layout-flow wp-block-column-is-layout-flow\">\n<div class=\"wp-block-buttons is-layout-flex wp-block-buttons-is-layout-flex\">\n<div class=\"wp-block-button is-style-text has-icon--circle-outline-arrow-down--primary icon-position--left\"><a class=\"wp-block-button__link wp-element-button\" href=\"https:\/\/aerothrive.com\/wp-content\/uploads\/2024\/06\/SARPcheck_Brochure_Rev3_AT_light.pdf\" target=\"_blank\" rel=\"noreferrer noopener\">SARPcheck-Brosch\u00fcre herunterladen<\/a><\/div>\n<\/div>\n\n\n\n<div class=\"wp-block-buttons is-layout-flex wp-block-buttons-is-layout-flex\">\n<div class=\"wp-block-button is-style-text has-icon--circle-outline-arrow-down--primary icon-position--left\"><a class=\"wp-block-button__link wp-element-button\" href=\"https:\/\/aerothrive.com\/wp-content\/uploads\/2025\/10\/SARPCheck-Programme-Manual-Ed1-Rev7-Markups.pdf\" target=\"_blank\" rel=\"noreferrer noopener\">Programmhandbuch Ed 1 Rev 7 (OKT 2025) mit sichtbaren \u00c4nderungen im Vergleich zu Ed 6 herunterladen<\/a><\/div>\n<\/div>\n<\/div>\n<\/div>\n\n\n\n<div class=\"wp-block-columns is-layout-flex wp-container-core-columns-is-layout-c37af7d3 wp-block-columns-is-layout-flex\" style=\"margin-top:var(--wp--preset--spacing--default)\">\n<div class=\"wp-block-column is-layout-flow wp-block-column-is-layout-flow\">\n<h2 class=\"wp-block-heading\">Lufthansa City: AEROTHRIVE SARPcheck 1. Kunde<\/h2>\n\n\n\n<p>AEROTHRIVE hat ein vollst\u00e4ndiges Phase-I-SARPcheck-Audit bei Lufthansa City Airlines durchgef\u00fchrt und ist damit die weltweit erste SQO, die ein regul\u00e4res kommerzielles SARPcheck-Audit durchf\u00fchrt. Dies erm\u00f6glicht es Lufthansa City, unmittelbar nach Aufnahme des Flugbetriebs Codeshare-Partnercodes auf ihre Fl\u00fcge zu setzen. Lesen Sie den vollst\u00e4ndigen Medienartikel, <a href=\"https:\/\/aerothrive.com\/wp-content\/uploads\/2024\/05\/2024_05_17-Aerospace-Innovations.pdf\">HIER KLICKEN!<\/a>  <\/p>\n\n\n\n<p><\/p>\n<\/div>\n\n\n\n<div class=\"wp-block-column is-layout-flow wp-block-column-is-layout-flow\">\n<figure data-wp-context=\"{&quot;imageId&quot;:&quot;69e1776f882fd&quot;}\" data-wp-interactive=\"core\/image\" data-wp-key=\"69e1776f882fd\" class=\"wp-block-image size-3-to-4 wp-lightbox-container\"><img loading=\"lazy\" decoding=\"async\" width=\"765\" height=\"1020\" data-wp-class--hide=\"state.isContentHidden\" data-wp-class--show=\"state.isContentVisible\" data-wp-init=\"callbacks.setButtonStyles\" data-wp-on--click=\"actions.showLightbox\" data-wp-on--load=\"callbacks.setButtonStyles\" data-wp-on-window--resize=\"callbacks.setButtonStyles\" src=\"https:\/\/aerothrive.com\/wp-content\/uploads\/2024\/05\/image00037-765x1020.jpg\" alt=\"Lufthansa City SARPcheck-Audit durchgef&#xFC;hrt von zwei leitenden AEROTHRIVE-Auditoren\" class=\"wp-image-37356\"\/><button\n\t\t\tclass=\"lightbox-trigger\"\n\t\t\ttype=\"button\"\n\t\t\taria-haspopup=\"dialog\"\n\t\t\taria-label=\"Vergr\u00f6\u00dfern\"\n\t\t\tdata-wp-init=\"callbacks.initTriggerButton\"\n\t\t\tdata-wp-on--click=\"actions.showLightbox\"\n\t\t\tdata-wp-style--right=\"state.imageButtonRight\"\n\t\t\tdata-wp-style--top=\"state.imageButtonTop\"\n\t\t>\n\t\t\t<svg xmlns=\"http:\/\/www.w3.org\/2000\/svg\" width=\"12\" height=\"12\" fill=\"none\" viewBox=\"0 0 12 12\">\n\t\t\t\t<path fill=\"#fff\" d=\"M2 0a2 2 0 0 0-2 2v2h1.5V2a.5.5 0 0 1 .5-.5h2V0H2Zm2 10.5H2a.5.5 0 0 1-.5-.5V8H0v2a2 2 0 0 0 2 2h2v-1.5ZM8 12v-1.5h2a.5.5 0 0 0 .5-.5V8H12v2a2 2 0 0 1-2 2H8Zm2-12a2 2 0 0 1 2 2v2h-1.5V2a.5.5 0 0 0-.5-.5H8V0h2Z\" \/>\n\t\t\t<\/svg>\n\t\t<\/button><\/figure>\n<\/div>\n<\/div>\n\n\n\n<div class=\"wp-block-columns is-layout-flex wp-container-core-columns-is-layout-c37af7d3 wp-block-columns-is-layout-flex\" style=\"margin-top:var(--wp--preset--spacing--default)\">\n<div class=\"wp-block-column is-layout-flow wp-block-column-is-layout-flow\">\n<h2 class=\"wp-block-heading\">Gr\u00fcndungspartner, Governance-Rolle<\/h2>\n\n\n\n<p>Das Team von AEROTHRIVE ist stolz darauf, nicht nur eine von drei gr\u00fcndenden SQOs (Safety Quality Organizations, den Auditierungsorganisationen unter SARPcheck) zu sein, sondern auch eine von nur zwei SQOs mit Mitgliedschaft und Direktorenrolle in der gemeinn\u00fctzigen Governance-Einheit von SARPcheck, der in London ans\u00e4ssigen SARP Ltd.<\/p>\n\n\n\n<p>Die gemeinn\u00fctzige Governance des Programms ist der Schl\u00fcssel zu seinem Erfolg: Globale Stakeholder wie Fluggesellschaften, Beh\u00f6rden, Regulierungsbeh\u00f6rden und andere Organisationen sind eingeladen, aktiv an der Steuerung des Programms teilzunehmen und sicherzustellen, dass seine Kernvision der Verbesserung der globalen Flugsicherheit stets sein zentraler Wert und Fokus bleibt. Die Website der offiziellen Governance ist <a href=\"http:\/\/www.SARP.org\" target=\"_blank\" rel=\"noreferrer noopener\">www.SARP.org<\/a> <\/p>\n<\/div>\n\n\n\n<div class=\"wp-block-column is-layout-flow wp-block-column-is-layout-flow\">\n<figure data-wp-context=\"{&quot;imageId&quot;:&quot;69e1776f88b1f&quot;}\" data-wp-interactive=\"core\/image\" data-wp-key=\"69e1776f88b1f\" class=\"wp-block-image size-3-to-4 wp-lightbox-container\"><img loading=\"lazy\" decoding=\"async\" width=\"765\" height=\"1020\" data-wp-class--hide=\"state.isContentHidden\" data-wp-class--show=\"state.isContentVisible\" data-wp-init=\"callbacks.setButtonStyles\" data-wp-on--click=\"actions.showLightbox\" data-wp-on--load=\"callbacks.setButtonStyles\" data-wp-on-window--resize=\"callbacks.setButtonStyles\" src=\"https:\/\/aerothrive.com\/wp-content\/uploads\/2024\/03\/Accreditation_Certificate_SARP-V2-AT-765x1020.jpg\" alt=\"SARPcheck-Akkreditierungszertifikat f&#xFC;r Auditorganisationen\" class=\"wp-image-36526\"\/><button\n\t\t\tclass=\"lightbox-trigger\"\n\t\t\ttype=\"button\"\n\t\t\taria-haspopup=\"dialog\"\n\t\t\taria-label=\"Vergr\u00f6\u00dfern\"\n\t\t\tdata-wp-init=\"callbacks.initTriggerButton\"\n\t\t\tdata-wp-on--click=\"actions.showLightbox\"\n\t\t\tdata-wp-style--right=\"state.imageButtonRight\"\n\t\t\tdata-wp-style--top=\"state.imageButtonTop\"\n\t\t>\n\t\t\t<svg xmlns=\"http:\/\/www.w3.org\/2000\/svg\" width=\"12\" height=\"12\" fill=\"none\" viewBox=\"0 0 12 12\">\n\t\t\t\t<path fill=\"#fff\" d=\"M2 0a2 2 0 0 0-2 2v2h1.5V2a.5.5 0 0 1 .5-.5h2V0H2Zm2 10.5H2a.5.5 0 0 1-.5-.5V8H0v2a2 2 0 0 0 2 2h2v-1.5ZM8 12v-1.5h2a.5.5 0 0 0 .5-.5V8H12v2a2 2 0 0 1-2 2H8Zm2-12a2 2 0 0 1 2 2v2h-1.5V2a.5.5 0 0 0-.5-.5H8V0h2Z\" \/>\n\t\t\t<\/svg>\n\t\t<\/button><\/figure>\n<\/div>\n<\/div>\n<\/div>\n\n<div class=\"wp-block-group is-layout-flow wp-block-group-is-layout-flow\" style=\"margin-top:var(--wp--preset--spacing--medium);margin-bottom:var(--wp--preset--spacing--medium);padding-top:0;padding-bottom:0\">\n<div class=\"wp-block-columns is-layout-flex wp-container-core-columns-is-layout-9d6595d7 wp-block-columns-is-layout-flex\">\n<div class=\"wp-block-column is-layout-flow wp-block-column-is-layout-flow\">\n<h2 class=\"wp-block-heading\">Ihr weltweiter Partner.<br>Kontaktieren Sie uns weltweit.<\/h2>\n<\/div>\n\n\n\n<div class=\"wp-block-column is-layout-flow wp-block-column-is-layout-flow\">\n<p>Unsere Schulungen sowie weltweiten Audit- und Beratungsdienstleistungen erstrecken sich \u00fcber alle Zeitzonen weltweit. Mit Hauptsitz im Herzen Europas bieten wir auch lokalen Support \u00fcber unsere regionalen Niederlassungen, jede mit eigenen Ansprechpartnern. <\/p>\n<\/div>\n<\/div>\n\n\n\n<div  class=\" f4-block-image-with-cards cards-4\"   >\n    <div class=\"f4_img--adaptive card-image\" ><div class=\"f4_img-container f4_img--mobile landscape\" ><img width=\"1524\" height=\"762\" src=\"https:\/\/aerothrive.com\/wp-content\/uploads\/2024\/02\/aerothrive-map.png\" class=\"attachment-16-to-9 size-16-to-9\" alt=\"\" decoding=\"async\" loading=\"lazy\" srcset=\"https:\/\/aerothrive.com\/wp-content\/uploads\/2024\/02\/aerothrive-map.png 1524w, https:\/\/aerothrive.com\/wp-content\/uploads\/2024\/02\/aerothrive-map-300x150.png 300w, https:\/\/aerothrive.com\/wp-content\/uploads\/2024\/02\/aerothrive-map-1024x512.png 1024w\" sizes=\"auto, (max-width: 1524px) 100vw, 1524px\" \/><\/div><div class=\"f4_img-container f4_img--desktop landscape\" ><img width=\"1524\" height=\"762\" src=\"https:\/\/aerothrive.com\/wp-content\/uploads\/2024\/02\/aerothrive-map.png\" class=\"attachment-16-to-9 size-16-to-9\" alt=\"\" decoding=\"async\" loading=\"lazy\" srcset=\"https:\/\/aerothrive.com\/wp-content\/uploads\/2024\/02\/aerothrive-map.png 1524w, https:\/\/aerothrive.com\/wp-content\/uploads\/2024\/02\/aerothrive-map-300x150.png 300w, https:\/\/aerothrive.com\/wp-content\/uploads\/2024\/02\/aerothrive-map-1024x512.png 1024w\" sizes=\"auto, (max-width: 1524px) 100vw, 1524px\" \/><\/div><\/div><div class=\"cards-wrapper\"><div class=\"single-card\"><h3 class=\"hero-card-headline is-style-h4\">Amerika<\/h3><div class=\"hero-card-text\"><p>Miami, \u00d6stliche Standardzeit (EST)<br \/>\n&amp; \u00d6stliche Sommerzeit (EDT)<\/p>\n<p>E-Mail:<br \/>\n<a href=\"mailto:Americas@AEROTHRIVE.com\">Americas@AEROTHRIVE.com<\/a><\/p>\n<p>Telefon:<br \/>\n<span>+49 156 79267670<\/span><span><\/span><\/p>\n<p>&nbsp;<\/p>\n<\/div><div class=\"wp-block-buttons is-layout-flex wp-block-buttons-is-layout-flex\"><div class=\"wp-block-button is-style-text has-icon--circle-outline-arrow-right--primary icon-position--left\"><a class=\"wp-block-button__link wp-element-button\" target=\"\" href=\"https:\/\/aerothrive.com\/de\/kontakt\/\">Kontakt<\/a><\/div><\/div><\/div><div class=\"single-card\"><h3 class=\"hero-card-headline is-style-h4\">Europa, Afrika<\/h3><div class=\"hero-card-text\"><p>Hamburg, Mitteleurop\u00e4ische Zeit (CET)<br \/>\n&amp; Mitteleurop\u00e4ische Sommerzeit (CEST)<\/p>\n<p>E-Mail:<br \/>\n<a href=\"mailto:hello@AEROTHRIVE.com\">hello@AEROTHRIVE.com<\/a><\/p>\n<p>Telefon:<br \/>\n<span>+49 156 79267670<\/span><span><\/span><\/p>\n<\/div><div class=\"wp-block-buttons is-layout-flex wp-block-buttons-is-layout-flex\"><div class=\"wp-block-button is-style-text has-icon--circle-outline-arrow-right--primary icon-position--left\"><a class=\"wp-block-button__link wp-element-button\" target=\"\" href=\"https:\/\/aerothrive.com\/de\/kontakt\/\">Kontakt<\/a><\/div><\/div><\/div><div class=\"single-card\"><h3 class=\"hero-card-headline is-style-h4\">Naher Osten<\/h3><div class=\"hero-card-text\"><p>Dubai,<br \/>\nGolf-Standardzeit (GST)<\/p>\n<p>E-Mail:<br \/>\n<a href=\"mailto:AfricaMidEast@AEROTHRIVE.com\">AfricaMidEast@AEROTHRIVE.com<\/a><\/p>\n<p>Telefon:<br \/>\n<span>+49 156 79267670<\/span><span><\/span><\/p>\n<\/div><div class=\"wp-block-buttons is-layout-flex wp-block-buttons-is-layout-flex\"><div class=\"wp-block-button is-style-text has-icon--circle-outline-arrow-right--primary icon-position--left\"><a class=\"wp-block-button__link wp-element-button\" target=\"\" href=\"https:\/\/aerothrive.com\/de\/kontakt\/\">Kontakt<\/a><\/div><\/div><\/div><div class=\"single-card\"><h3 class=\"hero-card-headline is-style-h4\">Australien, Ferner Osten, Pazifik<\/h3><div class=\"hero-card-text\"><p>Hongkong,<br \/>\nHongkong-Zeit (HKT)<\/p>\n<p>E-Mail:<br \/>\n<a href=\"mailto:AustraliaFarEast@AEROTHRIVE.com\">AustraliaFarEast@AEROTHRIVE.com<\/a><\/p>\n<p>Telefon:<br \/>\n<span>+49 156 79267670<\/span><span><\/span><\/p>\n<\/div><div class=\"wp-block-buttons is-layout-flex wp-block-buttons-is-layout-flex\"><div class=\"wp-block-button is-style-text has-icon--circle-outline-arrow-right--primary icon-position--left\"><a class=\"wp-block-button__link wp-element-button\" target=\"\" href=\"https:\/\/aerothrive.com\/de\/kontakt\/\">Kontakt<\/a><\/div><\/div><\/div><\/div><\/div>\n<\/div>\n","protected":false},"excerpt":{"rendered":"<p>SARPcheck SARPcheck ist ein globales Auditprogramm, das zur Verbesserung der Flugsicherheit in verschiedenen Bereichen der Luftfahrtindustrie entwickelt wurde und sich zun\u00e4chst haupts\u00e4chlich auf die kommerzielle Luftfahrt mit Gro\u00dfflugzeugen konzentriert. Vier hocherfahrene Luftfahrtexperten bewerten alle anwendbaren Standards und empfohlenen Verfahren (SARPs) aus den ICAO-Anh\u00e4ngen 1, 2, 6 Teil 1, 8, 17, 18 und 19 im Verlauf [&hellip;]<\/p>\n","protected":false},"author":1,"featured_media":0,"parent":686,"menu_order":0,"comment_status":"closed","ping_status":"closed","template":"","meta":{"_acf_changed":false,"footnotes":""},"class_list":["post-38715","page","type-page","status-publish","hentry"],"yoast_head":"<!-- This site is optimized with the Yoast SEO plugin v27.4 - https:\/\/yoast.com\/product\/yoast-seo-wordpress\/ -->\n<title>SARPcheck | AEROTHRIVE<\/title>\n<meta name=\"description\" content=\"AEROTHRIVE ist der weltweit f\u00fchrende Anbieter von SARPcheck-Audits, einem kosteng\u00fcnstigen Instrument f\u00fcr Fluggesellschaften zur F\u00f6rderung von Codeshare- und Wet-Lease-Gesch\u00e4ften.\" \/>\n<meta name=\"robots\" content=\"index, follow, max-snippet:-1, max-image-preview:large, max-video-preview:-1\" \/>\n<link rel=\"canonical\" href=\"https:\/\/aerothrive.com\/de\/home-2\/sarpcheck\/\" \/>\n<meta property=\"og:locale\" content=\"de_DE\" \/>\n<meta property=\"og:type\" content=\"article\" \/>\n<meta property=\"og:title\" content=\"SARPcheck | AEROTHRIVE\" \/>\n<meta property=\"og:description\" content=\"AEROTHRIVE ist der weltweit f\u00fchrende Anbieter von SARPcheck-Audits, einem kosteng\u00fcnstigen Instrument f\u00fcr Fluggesellschaften zur F\u00f6rderung von Codeshare- und Wet-Lease-Gesch\u00e4ften.\" \/>\n<meta property=\"og:url\" content=\"https:\/\/aerothrive.com\/de\/home-2\/sarpcheck\/\" \/>\n<meta property=\"og:site_name\" content=\"AEROTHRIVE\" \/>\n<meta property=\"article:modified_time\" content=\"2026-03-12T14:58:39+00:00\" \/>\n<meta property=\"og:image\" content=\"https:\/\/aerothrive.com\/wp-content\/uploads\/2024\/05\/image00037-765x1020.jpg\" \/>\n<meta name=\"twitter:card\" content=\"summary_large_image\" \/>\n<meta name=\"twitter:label1\" content=\"Gesch\u00e4tzte Lesezeit\" \/>\n\t<meta name=\"twitter:data1\" content=\"2\u00a0Minuten\" \/>\n<script type=\"application\/ld+json\" class=\"yoast-schema-graph\">{\"@context\":\"https:\\\/\\\/schema.org\",\"@graph\":[{\"@type\":\"WebPage\",\"@id\":\"https:\\\/\\\/aerothrive.com\\\/de\\\/home-2\\\/sarpcheck\\\/\",\"url\":\"https:\\\/\\\/aerothrive.com\\\/de\\\/home-2\\\/sarpcheck\\\/\",\"name\":\"SARPcheck | AEROTHRIVE\",\"isPartOf\":{\"@id\":\"https:\\\/\\\/aerothrive.com\\\/de\\\/#website\"},\"primaryImageOfPage\":{\"@id\":\"https:\\\/\\\/aerothrive.com\\\/de\\\/home-2\\\/sarpcheck\\\/#primaryimage\"},\"image\":{\"@id\":\"https:\\\/\\\/aerothrive.com\\\/de\\\/home-2\\\/sarpcheck\\\/#primaryimage\"},\"thumbnailUrl\":\"https:\\\/\\\/aerothrive.com\\\/wp-content\\\/uploads\\\/2024\\\/05\\\/image00037-765x1020.jpg\",\"datePublished\":\"2024-03-22T10:23:19+00:00\",\"dateModified\":\"2026-03-12T14:58:39+00:00\",\"description\":\"AEROTHRIVE ist der weltweit f\u00fchrende Anbieter von SARPcheck-Audits, einem kosteng\u00fcnstigen Instrument f\u00fcr Fluggesellschaften zur F\u00f6rderung von Codeshare- und Wet-Lease-Gesch\u00e4ften.\",\"breadcrumb\":{\"@id\":\"https:\\\/\\\/aerothrive.com\\\/de\\\/home-2\\\/sarpcheck\\\/#breadcrumb\"},\"inLanguage\":\"de\",\"potentialAction\":[{\"@type\":\"ReadAction\",\"target\":[\"https:\\\/\\\/aerothrive.com\\\/de\\\/home-2\\\/sarpcheck\\\/\"]}]},{\"@type\":\"ImageObject\",\"inLanguage\":\"de\",\"@id\":\"https:\\\/\\\/aerothrive.com\\\/de\\\/home-2\\\/sarpcheck\\\/#primaryimage\",\"url\":\"https:\\\/\\\/aerothrive.com\\\/wp-content\\\/uploads\\\/2024\\\/05\\\/image00037-765x1020.jpg\",\"contentUrl\":\"https:\\\/\\\/aerothrive.com\\\/wp-content\\\/uploads\\\/2024\\\/05\\\/image00037-765x1020.jpg\"},{\"@type\":\"BreadcrumbList\",\"@id\":\"https:\\\/\\\/aerothrive.com\\\/de\\\/home-2\\\/sarpcheck\\\/#breadcrumb\",\"itemListElement\":[{\"@type\":\"ListItem\",\"position\":1,\"name\":\"Home\",\"item\":\"https:\\\/\\\/aerothrive.com\\\/de\\\/\"},{\"@type\":\"ListItem\",\"position\":2,\"name\":\"Audits\",\"item\":\"https:\\\/\\\/aerothrive.com\\\/de\\\/home-2\\\/\"},{\"@type\":\"ListItem\",\"position\":3,\"name\":\"SARPcheck\"}]},{\"@type\":\"WebSite\",\"@id\":\"https:\\\/\\\/aerothrive.com\\\/de\\\/#website\",\"url\":\"https:\\\/\\\/aerothrive.com\\\/de\\\/\",\"name\":\"AEROTHRIVE\",\"description\":\"Global Aviation Excellence\",\"publisher\":{\"@id\":\"https:\\\/\\\/aerothrive.com\\\/de\\\/#organization\"},\"alternateName\":\"AEROTHRIVE\",\"potentialAction\":[{\"@type\":\"SearchAction\",\"target\":{\"@type\":\"EntryPoint\",\"urlTemplate\":\"https:\\\/\\\/aerothrive.com\\\/de\\\/?s={search_term_string}\"},\"query-input\":{\"@type\":\"PropertyValueSpecification\",\"valueRequired\":true,\"valueName\":\"search_term_string\"}}],\"inLanguage\":\"de\"},{\"@type\":\"Organization\",\"@id\":\"https:\\\/\\\/aerothrive.com\\\/de\\\/#organization\",\"name\":\"AEROTHRIVE GmbH\",\"url\":\"https:\\\/\\\/aerothrive.com\\\/de\\\/\",\"logo\":{\"@type\":\"ImageObject\",\"inLanguage\":\"de\",\"@id\":\"https:\\\/\\\/aerothrive.com\\\/de\\\/#\\\/schema\\\/logo\\\/image\\\/\",\"url\":\"https:\\\/\\\/aerothrive.com\\\/wp-content\\\/uploads\\\/2024\\\/01\\\/aerothrive-logo.png\",\"contentUrl\":\"https:\\\/\\\/aerothrive.com\\\/wp-content\\\/uploads\\\/2024\\\/01\\\/aerothrive-logo.png\",\"width\":3508,\"height\":2480,\"caption\":\"AEROTHRIVE GmbH\"},\"image\":{\"@id\":\"https:\\\/\\\/aerothrive.com\\\/de\\\/#\\\/schema\\\/logo\\\/image\\\/\"}}]}<\/script>\n<!-- \/ Yoast SEO plugin. -->","yoast_head_json":{"title":"SARPcheck | AEROTHRIVE","description":"AEROTHRIVE ist der weltweit f\u00fchrende Anbieter von SARPcheck-Audits, einem kosteng\u00fcnstigen Instrument f\u00fcr Fluggesellschaften zur F\u00f6rderung von Codeshare- und Wet-Lease-Gesch\u00e4ften.","robots":{"index":"index","follow":"follow","max-snippet":"max-snippet:-1","max-image-preview":"max-image-preview:large","max-video-preview":"max-video-preview:-1"},"canonical":"https:\/\/aerothrive.com\/de\/home-2\/sarpcheck\/","og_locale":"de_DE","og_type":"article","og_title":"SARPcheck | AEROTHRIVE","og_description":"AEROTHRIVE ist der weltweit f\u00fchrende Anbieter von SARPcheck-Audits, einem kosteng\u00fcnstigen Instrument f\u00fcr Fluggesellschaften zur F\u00f6rderung von Codeshare- und Wet-Lease-Gesch\u00e4ften.","og_url":"https:\/\/aerothrive.com\/de\/home-2\/sarpcheck\/","og_site_name":"AEROTHRIVE","article_modified_time":"2026-03-12T14:58:39+00:00","og_image":[{"url":"https:\/\/aerothrive.com\/wp-content\/uploads\/2024\/05\/image00037-765x1020.jpg","type":"","width":"","height":""}],"twitter_card":"summary_large_image","twitter_misc":{"Gesch\u00e4tzte Lesezeit":"2\u00a0Minuten"},"schema":{"@context":"https:\/\/schema.org","@graph":[{"@type":"WebPage","@id":"https:\/\/aerothrive.com\/de\/home-2\/sarpcheck\/","url":"https:\/\/aerothrive.com\/de\/home-2\/sarpcheck\/","name":"SARPcheck | AEROTHRIVE","isPartOf":{"@id":"https:\/\/aerothrive.com\/de\/#website"},"primaryImageOfPage":{"@id":"https:\/\/aerothrive.com\/de\/home-2\/sarpcheck\/#primaryimage"},"image":{"@id":"https:\/\/aerothrive.com\/de\/home-2\/sarpcheck\/#primaryimage"},"thumbnailUrl":"https:\/\/aerothrive.com\/wp-content\/uploads\/2024\/05\/image00037-765x1020.jpg","datePublished":"2024-03-22T10:23:19+00:00","dateModified":"2026-03-12T14:58:39+00:00","description":"AEROTHRIVE ist der weltweit f\u00fchrende Anbieter von SARPcheck-Audits, einem kosteng\u00fcnstigen Instrument f\u00fcr Fluggesellschaften zur F\u00f6rderung von Codeshare- und Wet-Lease-Gesch\u00e4ften.","breadcrumb":{"@id":"https:\/\/aerothrive.com\/de\/home-2\/sarpcheck\/#breadcrumb"},"inLanguage":"de","potentialAction":[{"@type":"ReadAction","target":["https:\/\/aerothrive.com\/de\/home-2\/sarpcheck\/"]}]},{"@type":"ImageObject","inLanguage":"de","@id":"https:\/\/aerothrive.com\/de\/home-2\/sarpcheck\/#primaryimage","url":"https:\/\/aerothrive.com\/wp-content\/uploads\/2024\/05\/image00037-765x1020.jpg","contentUrl":"https:\/\/aerothrive.com\/wp-content\/uploads\/2024\/05\/image00037-765x1020.jpg"},{"@type":"BreadcrumbList","@id":"https:\/\/aerothrive.com\/de\/home-2\/sarpcheck\/#breadcrumb","itemListElement":[{"@type":"ListItem","position":1,"name":"Home","item":"https:\/\/aerothrive.com\/de\/"},{"@type":"ListItem","position":2,"name":"Audits","item":"https:\/\/aerothrive.com\/de\/home-2\/"},{"@type":"ListItem","position":3,"name":"SARPcheck"}]},{"@type":"WebSite","@id":"https:\/\/aerothrive.com\/de\/#website","url":"https:\/\/aerothrive.com\/de\/","name":"AEROTHRIVE","description":"Global Aviation Excellence","publisher":{"@id":"https:\/\/aerothrive.com\/de\/#organization"},"alternateName":"AEROTHRIVE","potentialAction":[{"@type":"SearchAction","target":{"@type":"EntryPoint","urlTemplate":"https:\/\/aerothrive.com\/de\/?s={search_term_string}"},"query-input":{"@type":"PropertyValueSpecification","valueRequired":true,"valueName":"search_term_string"}}],"inLanguage":"de"},{"@type":"Organization","@id":"https:\/\/aerothrive.com\/de\/#organization","name":"AEROTHRIVE GmbH","url":"https:\/\/aerothrive.com\/de\/","logo":{"@type":"ImageObject","inLanguage":"de","@id":"https:\/\/aerothrive.com\/de\/#\/schema\/logo\/image\/","url":"https:\/\/aerothrive.com\/wp-content\/uploads\/2024\/01\/aerothrive-logo.png","contentUrl":"https:\/\/aerothrive.com\/wp-content\/uploads\/2024\/01\/aerothrive-logo.png","width":3508,"height":2480,"caption":"AEROTHRIVE GmbH"},"image":{"@id":"https:\/\/aerothrive.com\/de\/#\/schema\/logo\/image\/"}}]}},"acf":[],"_links":{"self":[{"href":"https:\/\/aerothrive.com\/de\/wp-json\/wp\/v2\/pages\/38715","targetHints":{"allow":["GET"]}}],"collection":[{"href":"https:\/\/aerothrive.com\/de\/wp-json\/wp\/v2\/pages"}],"about":[{"href":"https:\/\/aerothrive.com\/de\/wp-json\/wp\/v2\/types\/page"}],"author":[{"embeddable":true,"href":"https:\/\/aerothrive.com\/de\/wp-json\/wp\/v2\/users\/1"}],"replies":[{"embeddable":true,"href":"https:\/\/aerothrive.com\/de\/wp-json\/wp\/v2\/comments?post=38715"}],"version-history":[{"count":1,"href":"https:\/\/aerothrive.com\/de\/wp-json\/wp\/v2\/pages\/38715\/revisions"}],"predecessor-version":[{"id":38716,"href":"https:\/\/aerothrive.com\/de\/wp-json\/wp\/v2\/pages\/38715\/revisions\/38716"}],"up":[{"embeddable":true,"href":"https:\/\/aerothrive.com\/de\/wp-json\/wp\/v2\/pages\/686"}],"wp:attachment":[{"href":"https:\/\/aerothrive.com\/de\/wp-json\/wp\/v2\/media?parent=38715"}],"curies":[{"name":"wp","href":"https:\/\/api.w.org\/{rel}","templated":true}]}}