{"id":38704,"date":"2024-01-16T15:29:34","date_gmt":"2024-01-16T14:29:34","guid":{"rendered":"https:\/\/stage.aerothrive.com\/beratung\/strategie-transformation\/"},"modified":"2026-03-12T15:57:47","modified_gmt":"2026-03-12T14:57:47","slug":"strategie-transformation","status":"publish","type":"page","link":"https:\/\/aerothrive.com\/de\/beratung\/strategie-transformation\/","title":{"rendered":"Strategie &amp; Transformation"},"content":{"rendered":"\n<div  class=\" f4-block-hero-header is-layout-constrained aspect-27-9 alignfull\"   >\n    <div class=\"block-media\">\n        <div class=\"f4_img--adaptive hero-image\" ><div class=\"f4_img-container f4_img--mobile landscape\" ><img width=\"1920\" height=\"1080\" src=\"https:\/\/aerothrive.com\/wp-content\/uploads\/2024\/03\/DSC00070_pimped-1920x1080.jpg\" class=\"attachment-16-to-9 size-16-to-9\" alt=\"\" decoding=\"async\" loading=\"lazy\" srcset=\"https:\/\/aerothrive.com\/wp-content\/uploads\/2024\/03\/DSC00070_pimped-1920x1080.jpg 1920w, https:\/\/aerothrive.com\/wp-content\/uploads\/2024\/03\/DSC00070_pimped-528x297.jpg 528w, https:\/\/aerothrive.com\/wp-content\/uploads\/2024\/03\/DSC00070_pimped-532x299.jpg 532w\" sizes=\"auto, (max-width: 1920px) 100vw, 1920px\" \/><\/div><div class=\"f4_img-container f4_img--desktop landscape\" ><img width=\"1920\" height=\"640\" src=\"https:\/\/aerothrive.com\/wp-content\/uploads\/2024\/03\/DSC00070_pimped-1920x640.jpg\" class=\"attachment-27-to-9 size-27-to-9\" alt=\"\" decoding=\"async\" loading=\"lazy\" \/><\/div><\/div>    <\/div>\n    <div class=\"block-content\">\n            <div class=\"acf-innerblocks-container\"><\/div>    <\/div>\n<\/div>\n\n<div class=\"wp-block-group is-layout-constrained wp-block-group-is-layout-constrained\" style=\"margin-top:var(--wp--preset--spacing--default);margin-bottom:var(--wp--preset--spacing--default);padding-top:0;padding-bottom:0\">\n<h1 class=\"wp-block-heading is-style-decor-element\">Strategie &amp; Transformation<\/h1>\n\n\n\n<div class=\"wp-block-columns is-layout-flex wp-container-core-columns-is-layout-9d6595d7 wp-block-columns-is-layout-flex\">\n<div class=\"wp-block-column is-layout-flow wp-block-column-is-layout-flow\">\n<p>Die Nutzung des globalen Netzwerks hochqualifizierter Luftfahrtexperten von AEROTHRIVE bietet unvergleichliche Vorteile. Unsere externe, unvoreingenommene Perspektive gew\u00e4hrleistet ma\u00dfgeschneiderte Strategie-, Nachhaltigkeits- und Transformationsberatung, die auf Ihre individuellen Anforderungen abgestimmt ist. <\/p>\n<\/div>\n\n\n\n<div class=\"wp-block-column is-layout-flow wp-block-column-is-layout-flow\">\n<p>Mit unseren Experten bringen wir vielf\u00e4ltige Erkenntnisse und innovative L\u00f6sungen in den Vordergrund und erm\u00f6glichen es Fluggesellschaften, komplexe Herausforderungen zu meistern, sich f\u00fcr Umweltverantwortung zu engagieren und nachhaltiges Wachstum zu erzielen. Werden Sie unser Partner, um Ihre Abl\u00e4ufe zu transformieren und in der wettbewerbsintensiven Luftfahrtbranche f\u00fchrend zu sein. <\/p>\n<\/div>\n<\/div>\n<\/div>\n\n<div class=\"wp-block-media-text is-stacked-on-mobile is-image-fill\" style=\"margin-top:var(--wp--preset--spacing--default);margin-bottom:var(--wp--preset--spacing--default)\"><figure class=\"wp-block-media-text__media\" style=\"background-image:url(https:\/\/aerothrive.com\/wp-content\/uploads\/2024\/03\/IMG-025-_pimped-1024x678.jpg);background-position:50% 50%\"><img loading=\"lazy\" decoding=\"async\" width=\"1024\" height=\"678\" src=\"https:\/\/aerothrive.com\/wp-content\/uploads\/2024\/03\/IMG-025-_pimped-1024x678.jpg\" alt=\"\" class=\"wp-image-36962 size-full\" srcset=\"https:\/\/aerothrive.com\/wp-content\/uploads\/2024\/03\/IMG-025-_pimped-1024x678.jpg 1024w, https:\/\/aerothrive.com\/wp-content\/uploads\/2024\/03\/IMG-025-_pimped-300x199.jpg 300w, https:\/\/aerothrive.com\/wp-content\/uploads\/2024\/03\/IMG-025-_pimped-1536x1018.jpg 1536w, https:\/\/aerothrive.com\/wp-content\/uploads\/2024\/03\/IMG-025-_pimped-2048x1357.jpg 2048w\" sizes=\"auto, (max-width: 1024px) 100vw, 1024px\" \/><\/figure><div class=\"wp-block-media-text__content\">\n<h2 class=\"wp-block-heading is-style-h3\">Startup-Management<\/h2>\n\n\n\n<p>Bei <strong>AERO<\/strong>THRIVE bringen unsere Experten umfassende globale Erfahrung in die Gr\u00fcndung von Fluggesellschaften ein. Wir bieten umfassende Unterst\u00fctzung in allen operativen, strategischen und kommerziellen Bereichen und stellen sicher, dass Ihr Vorhaben reibungslos und erfolgreich abhebt. <\/p>\n\n\n\n<div class=\"wp-block-buttons is-layout-flex wp-block-buttons-is-layout-flex\">\n<div class=\"wp-block-button is-style-text has-icon--circle-outline-arrow-right--primary icon-position--left\"><a class=\"wp-block-button__link wp-element-button\" href=\"https:\/\/aerothrive.com\/de\/beratung\/strategie-transformation\/startup-management\/\">Mehr<\/a><\/div>\n<\/div>\n<\/div><\/div>\n\n<div class=\"wp-block-media-text has-media-on-the-right is-stacked-on-mobile\" style=\"margin-top:var(--wp--preset--spacing--default);margin-bottom:var(--wp--preset--spacing--default)\"><div class=\"wp-block-media-text__content\">\n<h2 class=\"wp-block-heading is-style-h3\">Finanzstrategie<\/h2>\n\n\n\n<p>In der wettbewerbsintensiven Luftfahrtbranche mit geringen Margen ist die Optimierung Ihrer Finanzen nicht nur ein Vorteil \u2013 sie ist eine Notwendigkeit f\u00fcr den Erfolg. Unser Team erfahrener Experten ist auf die Verfeinerung von Finanzpl\u00e4nen und -strategien spezialisiert, um die Rentabilit\u00e4t zu steigern und erfolgreiches Wachstum voranzutreiben. Lassen Sie uns Sie zu einer erfolgreicheren Zukunft f\u00fchren.  <\/p>\n\n\n\n<div class=\"wp-block-buttons is-layout-flex wp-block-buttons-is-layout-flex\">\n<div class=\"wp-block-button is-style-text has-icon--circle-outline-arrow-right--primary icon-position--left\"><a class=\"wp-block-button__link wp-element-button\" href=\"https:\/\/aerothrive.com\/de\/beratung\/strategie-transformation\/finanzstrategie\/\">Mehr<\/a><\/div>\n<\/div>\n<\/div><figure class=\"wp-block-media-text__media\"><img loading=\"lazy\" decoding=\"async\" width=\"1024\" height=\"768\" src=\"https:\/\/aerothrive.com\/wp-content\/uploads\/2024\/01\/IMG_2841-2_Improved_new_Logos_Harry_version_new-1024x768.jpg\" alt=\"\" class=\"wp-image-840 size-full\" srcset=\"https:\/\/aerothrive.com\/wp-content\/uploads\/2024\/01\/IMG_2841-2_Improved_new_Logos_Harry_version_new-1024x768.jpg 1024w, https:\/\/aerothrive.com\/wp-content\/uploads\/2024\/01\/IMG_2841-2_Improved_new_Logos_Harry_version_new-300x225.jpg 300w, https:\/\/aerothrive.com\/wp-content\/uploads\/2024\/01\/IMG_2841-2_Improved_new_Logos_Harry_version_new-1536x1152.jpg 1536w, https:\/\/aerothrive.com\/wp-content\/uploads\/2024\/01\/IMG_2841-2_Improved_new_Logos_Harry_version_new-2048x1536.jpg 2048w\" sizes=\"auto, (max-width: 1024px) 100vw, 1024px\" \/><\/figure><\/div>\n\n<div class=\"wp-block-media-text is-stacked-on-mobile\" style=\"margin-top:var(--wp--preset--spacing--default);margin-bottom:var(--wp--preset--spacing--default)\"><figure class=\"wp-block-media-text__media\"><img loading=\"lazy\" decoding=\"async\" width=\"1024\" height=\"683\" src=\"https:\/\/aerothrive.com\/wp-content\/uploads\/2024\/03\/DSC02428-1024x683.jpg\" alt=\"\" class=\"wp-image-37044 size-full\" srcset=\"https:\/\/aerothrive.com\/wp-content\/uploads\/2024\/03\/DSC02428-1024x683.jpg 1024w, https:\/\/aerothrive.com\/wp-content\/uploads\/2024\/03\/DSC02428-300x200.jpg 300w, https:\/\/aerothrive.com\/wp-content\/uploads\/2024\/03\/DSC02428-1536x1024.jpg 1536w, https:\/\/aerothrive.com\/wp-content\/uploads\/2024\/03\/DSC02428-2048x1365.jpg 2048w\" sizes=\"auto, (max-width: 1024px) 100vw, 1024px\" \/><\/figure><div class=\"wp-block-media-text__content\">\n<h2 class=\"wp-block-heading is-style-h3\">Kommerzielles, Umsatz, Produkt<\/h2>\n\n\n\n<p>Maximieren Sie Ihre Ertr\u00e4ge und diversifizieren Sie Ihre Einnahmequellen, indem Sie den neuesten Trends bei wettbewerbsf\u00e4higen Produkten voraus bleiben. Mit unserem globalen Benchmarking k\u00f6nnen Sie neue Umsatzm\u00f6glichkeiten erschlie\u00dfen und sicherstellen, dass Ihr Unternehmen an der Spitze der Branche bleibt. <\/p>\n\n\n\n<div class=\"wp-block-buttons is-layout-flex wp-block-buttons-is-layout-flex\">\n<div class=\"wp-block-button is-style-text has-icon--circle-outline-arrow-right--primary icon-position--left\"><a class=\"wp-block-button__link wp-element-button\" href=\"https:\/\/aerothrive.com\/de\/beratung\/strategie-transformation\/kommerziell-umsatz-produkt\/\">Mehr<\/a><\/div>\n<\/div>\n<\/div><\/div>\n\n<div class=\"wp-block-media-text has-media-on-the-right is-stacked-on-mobile\" style=\"margin-top:var(--wp--preset--spacing--default);margin-bottom:var(--wp--preset--spacing--default)\"><div class=\"wp-block-media-text__content\">\n<h2 class=\"wp-block-heading is-style-h3\">PR &amp; Kommunikation<\/h2>\n\n\n\n<p>Verlassen Sie sich auf unsere erfahrenen Kommunikationsexperten, um sowohl Ihre interne als auch externe Kommunikation zu verbessern. Weltweit unterst\u00fctzen wir unsere Kunden bei der Entwicklung und Umsetzung robuster Kommunikationsstrategien, die operative Effizienz und kommerziellen Erfolg f\u00f6rdern. Lassen Sie uns Ihnen helfen, Ihre Kommunikation auf ein neues Niveau zu heben.  <\/p>\n\n\n\n<div class=\"wp-block-buttons is-layout-flex wp-block-buttons-is-layout-flex\">\n<div class=\"wp-block-button is-style-text has-icon--circle-outline-arrow-right--primary icon-position--left\"><a class=\"wp-block-button__link wp-element-button\" href=\"https:\/\/aerothrive.com\/de\/beratung\/strategie-transformation\/pr-kommunikation\/\">Mehr<\/a><\/div>\n<\/div>\n<\/div><figure class=\"wp-block-media-text__media\"><img loading=\"lazy\" decoding=\"async\" width=\"1024\" height=\"683\" src=\"https:\/\/aerothrive.com\/wp-content\/uploads\/2024\/03\/DSC08233pimped-1024x683.jpg\" alt=\"\" class=\"wp-image-36890 size-full\" srcset=\"https:\/\/aerothrive.com\/wp-content\/uploads\/2024\/03\/DSC08233pimped-1024x683.jpg 1024w, https:\/\/aerothrive.com\/wp-content\/uploads\/2024\/03\/DSC08233pimped-300x200.jpg 300w, https:\/\/aerothrive.com\/wp-content\/uploads\/2024\/03\/DSC08233pimped-1536x1024.jpg 1536w, https:\/\/aerothrive.com\/wp-content\/uploads\/2024\/03\/DSC08233pimped-2048x1365.jpg 2048w\" sizes=\"auto, (max-width: 1024px) 100vw, 1024px\" \/><\/figure><\/div>\n\n<div class=\"wp-block-media-text is-stacked-on-mobile\" style=\"margin-top:var(--wp--preset--spacing--default);margin-bottom:var(--wp--preset--spacing--default)\"><figure class=\"wp-block-media-text__media\"><img loading=\"lazy\" decoding=\"async\" width=\"1024\" height=\"574\" src=\"https:\/\/aerothrive.com\/wp-content\/uploads\/2024\/03\/kjhg-1024x574.jpg\" alt=\"\" class=\"wp-image-36611 size-full\" srcset=\"https:\/\/aerothrive.com\/wp-content\/uploads\/2024\/03\/kjhg-1024x574.jpg 1024w, https:\/\/aerothrive.com\/wp-content\/uploads\/2024\/03\/kjhg-300x168.jpg 300w, https:\/\/aerothrive.com\/wp-content\/uploads\/2024\/03\/kjhg-1536x861.jpg 1536w, https:\/\/aerothrive.com\/wp-content\/uploads\/2024\/03\/kjhg-2048x1148.jpg 2048w, https:\/\/aerothrive.com\/wp-content\/uploads\/2024\/03\/kjhg-528x297.jpg 528w, https:\/\/aerothrive.com\/wp-content\/uploads\/2024\/03\/kjhg-532x299.jpg 532w\" sizes=\"auto, (max-width: 1024px) 100vw, 1024px\" \/><\/figure><div class=\"wp-block-media-text__content\">\n<h2 class=\"wp-block-heading is-style-h3\">Luftfahrt-Know-how f\u00fcr andere Branchen<\/h2>\n\n\n\n<p>Die Luftfahrt hat in Bereichen wie Sicherheitsmanagement, Qualit\u00e4tskontrolle und regulatorischer Compliance Ma\u00dfst\u00e4be gesetzt und dabei unvergleichliche Exzellenz in ihren Prozessen, Systemen und deren Umsetzung erreicht. Nutzen Sie diese branchenf\u00fchrenden Errungenschaften mit unseren spezialisierten Beratungsdienstleistungen, die darauf zugeschnitten sind, andere Sektoren zu verbessern. Lassen Sie unsere Expertise Ihnen helfen, die Herausforderungen Ihrer Branche zu meistern, indem Sie auf die bew\u00e4hrten Praktiken der Luftfahrt zur\u00fcckgreifen, um greifbare, transformative Ergebnisse zu erzielen.  <\/p>\n\n\n\n<div class=\"wp-block-buttons is-layout-flex wp-block-buttons-is-layout-flex\">\n<div class=\"wp-block-button is-style-text has-icon--circle-outline-arrow-right--primary icon-position--left\"><a class=\"wp-block-button__link wp-element-button\" href=\"https:\/\/aerothrive.com\/de\/home-3\/\">Mehr<\/a><\/div>\n<\/div>\n<\/div><\/div>\n","protected":false},"excerpt":{"rendered":"<p>Strategie &amp; Transformation Die Nutzung des globalen Netzwerks hochqualifizierter Luftfahrtexperten von AEROTHRIVE bietet unvergleichliche Vorteile. Unsere externe, unvoreingenommene Perspektive gew\u00e4hrleistet ma\u00dfgeschneiderte Strategie-, Nachhaltigkeits- und Transformationsberatung, die auf Ihre individuellen Anforderungen abgestimmt ist. Mit unseren Experten bringen wir vielf\u00e4ltige Erkenntnisse und innovative L\u00f6sungen in den Vordergrund und erm\u00f6glichen es Fluggesellschaften, komplexe Herausforderungen zu meistern, sich f\u00fcr [&hellip;]<\/p>\n","protected":false},"author":1,"featured_media":0,"parent":38658,"menu_order":0,"comment_status":"closed","ping_status":"closed","template":"","meta":{"_acf_changed":false,"footnotes":""},"class_list":["post-38704","page","type-page","status-publish","hentry"],"yoast_head":"<!-- This site is optimized with the Yoast SEO plugin v27.4 - https:\/\/yoast.com\/product\/yoast-seo-wordpress\/ -->\n<title>Strategie &amp; Transformation | AEROTHRIVE<\/title>\n<meta name=\"robots\" content=\"index, follow, max-snippet:-1, max-image-preview:large, max-video-preview:-1\" \/>\n<link rel=\"canonical\" href=\"https:\/\/aerothrive.com\/de\/beratung\/strategie-transformation\/\" \/>\n<meta property=\"og:locale\" content=\"de_DE\" \/>\n<meta property=\"og:type\" content=\"article\" \/>\n<meta property=\"og:title\" content=\"Strategie &amp; Transformation | AEROTHRIVE\" \/>\n<meta property=\"og:description\" content=\"Strategie &amp; Transformation Die Nutzung des globalen Netzwerks hochqualifizierter Luftfahrtexperten von AEROTHRIVE bietet unvergleichliche Vorteile. Unsere externe, unvoreingenommene Perspektive gew\u00e4hrleistet ma\u00dfgeschneiderte Strategie-, Nachhaltigkeits- und Transformationsberatung, die auf Ihre individuellen Anforderungen abgestimmt ist. Mit unseren Experten bringen wir vielf\u00e4ltige Erkenntnisse und innovative L\u00f6sungen in den Vordergrund und erm\u00f6glichen es Fluggesellschaften, komplexe Herausforderungen zu meistern, sich f\u00fcr [&hellip;]\" \/>\n<meta property=\"og:url\" content=\"https:\/\/aerothrive.com\/de\/beratung\/strategie-transformation\/\" \/>\n<meta property=\"og:site_name\" content=\"AEROTHRIVE\" \/>\n<meta property=\"article:modified_time\" content=\"2026-03-12T14:57:47+00:00\" \/>\n<meta property=\"og:image\" content=\"https:\/\/aerothrive.com\/wp-content\/uploads\/2024\/03\/IMG-025-_pimped-1024x678.jpg\" \/>\n<meta name=\"twitter:card\" content=\"summary_large_image\" \/>\n<meta name=\"twitter:label1\" content=\"Gesch\u00e4tzte Lesezeit\" \/>\n\t<meta name=\"twitter:data1\" content=\"2\u00a0Minuten\" \/>\n<script type=\"application\/ld+json\" class=\"yoast-schema-graph\">{\"@context\":\"https:\\\/\\\/schema.org\",\"@graph\":[{\"@type\":\"WebPage\",\"@id\":\"https:\\\/\\\/aerothrive.com\\\/de\\\/beratung\\\/strategie-transformation\\\/\",\"url\":\"https:\\\/\\\/aerothrive.com\\\/de\\\/beratung\\\/strategie-transformation\\\/\",\"name\":\"Strategie &amp; Transformation | AEROTHRIVE\",\"isPartOf\":{\"@id\":\"https:\\\/\\\/aerothrive.com\\\/de\\\/#website\"},\"primaryImageOfPage\":{\"@id\":\"https:\\\/\\\/aerothrive.com\\\/de\\\/beratung\\\/strategie-transformation\\\/#primaryimage\"},\"image\":{\"@id\":\"https:\\\/\\\/aerothrive.com\\\/de\\\/beratung\\\/strategie-transformation\\\/#primaryimage\"},\"thumbnailUrl\":\"https:\\\/\\\/aerothrive.com\\\/wp-content\\\/uploads\\\/2024\\\/03\\\/IMG-025-_pimped-1024x678.jpg\",\"datePublished\":\"2024-01-16T14:29:34+00:00\",\"dateModified\":\"2026-03-12T14:57:47+00:00\",\"breadcrumb\":{\"@id\":\"https:\\\/\\\/aerothrive.com\\\/de\\\/beratung\\\/strategie-transformation\\\/#breadcrumb\"},\"inLanguage\":\"de\",\"potentialAction\":[{\"@type\":\"ReadAction\",\"target\":[\"https:\\\/\\\/aerothrive.com\\\/de\\\/beratung\\\/strategie-transformation\\\/\"]}]},{\"@type\":\"ImageObject\",\"inLanguage\":\"de\",\"@id\":\"https:\\\/\\\/aerothrive.com\\\/de\\\/beratung\\\/strategie-transformation\\\/#primaryimage\",\"url\":\"https:\\\/\\\/aerothrive.com\\\/wp-content\\\/uploads\\\/2024\\\/03\\\/IMG-025-_pimped-1024x678.jpg\",\"contentUrl\":\"https:\\\/\\\/aerothrive.com\\\/wp-content\\\/uploads\\\/2024\\\/03\\\/IMG-025-_pimped-1024x678.jpg\"},{\"@type\":\"BreadcrumbList\",\"@id\":\"https:\\\/\\\/aerothrive.com\\\/de\\\/beratung\\\/strategie-transformation\\\/#breadcrumb\",\"itemListElement\":[{\"@type\":\"ListItem\",\"position\":1,\"name\":\"Home\",\"item\":\"https:\\\/\\\/aerothrive.com\\\/de\\\/\"},{\"@type\":\"ListItem\",\"position\":2,\"name\":\"Beratung\",\"item\":\"https:\\\/\\\/aerothrive.com\\\/de\\\/beratung\\\/\"},{\"@type\":\"ListItem\",\"position\":3,\"name\":\"Strategie &amp; Transformation\"}]},{\"@type\":\"WebSite\",\"@id\":\"https:\\\/\\\/aerothrive.com\\\/de\\\/#website\",\"url\":\"https:\\\/\\\/aerothrive.com\\\/de\\\/\",\"name\":\"AEROTHRIVE\",\"description\":\"Global Aviation Excellence\",\"publisher\":{\"@id\":\"https:\\\/\\\/aerothrive.com\\\/de\\\/#organization\"},\"alternateName\":\"AEROTHRIVE\",\"potentialAction\":[{\"@type\":\"SearchAction\",\"target\":{\"@type\":\"EntryPoint\",\"urlTemplate\":\"https:\\\/\\\/aerothrive.com\\\/de\\\/?s={search_term_string}\"},\"query-input\":{\"@type\":\"PropertyValueSpecification\",\"valueRequired\":true,\"valueName\":\"search_term_string\"}}],\"inLanguage\":\"de\"},{\"@type\":\"Organization\",\"@id\":\"https:\\\/\\\/aerothrive.com\\\/de\\\/#organization\",\"name\":\"AEROTHRIVE GmbH\",\"url\":\"https:\\\/\\\/aerothrive.com\\\/de\\\/\",\"logo\":{\"@type\":\"ImageObject\",\"inLanguage\":\"de\",\"@id\":\"https:\\\/\\\/aerothrive.com\\\/de\\\/#\\\/schema\\\/logo\\\/image\\\/\",\"url\":\"https:\\\/\\\/aerothrive.com\\\/wp-content\\\/uploads\\\/2024\\\/01\\\/aerothrive-logo.png\",\"contentUrl\":\"https:\\\/\\\/aerothrive.com\\\/wp-content\\\/uploads\\\/2024\\\/01\\\/aerothrive-logo.png\",\"width\":3508,\"height\":2480,\"caption\":\"AEROTHRIVE GmbH\"},\"image\":{\"@id\":\"https:\\\/\\\/aerothrive.com\\\/de\\\/#\\\/schema\\\/logo\\\/image\\\/\"}}]}<\/script>\n<!-- \/ Yoast SEO plugin. -->","yoast_head_json":{"title":"Strategie &amp; Transformation | AEROTHRIVE","robots":{"index":"index","follow":"follow","max-snippet":"max-snippet:-1","max-image-preview":"max-image-preview:large","max-video-preview":"max-video-preview:-1"},"canonical":"https:\/\/aerothrive.com\/de\/beratung\/strategie-transformation\/","og_locale":"de_DE","og_type":"article","og_title":"Strategie &amp; Transformation | AEROTHRIVE","og_description":"Strategie &amp; Transformation Die Nutzung des globalen Netzwerks hochqualifizierter Luftfahrtexperten von AEROTHRIVE bietet unvergleichliche Vorteile. Unsere externe, unvoreingenommene Perspektive gew\u00e4hrleistet ma\u00dfgeschneiderte Strategie-, Nachhaltigkeits- und Transformationsberatung, die auf Ihre individuellen Anforderungen abgestimmt ist. Mit unseren Experten bringen wir vielf\u00e4ltige Erkenntnisse und innovative L\u00f6sungen in den Vordergrund und erm\u00f6glichen es Fluggesellschaften, komplexe Herausforderungen zu meistern, sich f\u00fcr [&hellip;]","og_url":"https:\/\/aerothrive.com\/de\/beratung\/strategie-transformation\/","og_site_name":"AEROTHRIVE","article_modified_time":"2026-03-12T14:57:47+00:00","og_image":[{"url":"https:\/\/aerothrive.com\/wp-content\/uploads\/2024\/03\/IMG-025-_pimped-1024x678.jpg","type":"","width":"","height":""}],"twitter_card":"summary_large_image","twitter_misc":{"Gesch\u00e4tzte Lesezeit":"2\u00a0Minuten"},"schema":{"@context":"https:\/\/schema.org","@graph":[{"@type":"WebPage","@id":"https:\/\/aerothrive.com\/de\/beratung\/strategie-transformation\/","url":"https:\/\/aerothrive.com\/de\/beratung\/strategie-transformation\/","name":"Strategie &amp; Transformation | AEROTHRIVE","isPartOf":{"@id":"https:\/\/aerothrive.com\/de\/#website"},"primaryImageOfPage":{"@id":"https:\/\/aerothrive.com\/de\/beratung\/strategie-transformation\/#primaryimage"},"image":{"@id":"https:\/\/aerothrive.com\/de\/beratung\/strategie-transformation\/#primaryimage"},"thumbnailUrl":"https:\/\/aerothrive.com\/wp-content\/uploads\/2024\/03\/IMG-025-_pimped-1024x678.jpg","datePublished":"2024-01-16T14:29:34+00:00","dateModified":"2026-03-12T14:57:47+00:00","breadcrumb":{"@id":"https:\/\/aerothrive.com\/de\/beratung\/strategie-transformation\/#breadcrumb"},"inLanguage":"de","potentialAction":[{"@type":"ReadAction","target":["https:\/\/aerothrive.com\/de\/beratung\/strategie-transformation\/"]}]},{"@type":"ImageObject","inLanguage":"de","@id":"https:\/\/aerothrive.com\/de\/beratung\/strategie-transformation\/#primaryimage","url":"https:\/\/aerothrive.com\/wp-content\/uploads\/2024\/03\/IMG-025-_pimped-1024x678.jpg","contentUrl":"https:\/\/aerothrive.com\/wp-content\/uploads\/2024\/03\/IMG-025-_pimped-1024x678.jpg"},{"@type":"BreadcrumbList","@id":"https:\/\/aerothrive.com\/de\/beratung\/strategie-transformation\/#breadcrumb","itemListElement":[{"@type":"ListItem","position":1,"name":"Home","item":"https:\/\/aerothrive.com\/de\/"},{"@type":"ListItem","position":2,"name":"Beratung","item":"https:\/\/aerothrive.com\/de\/beratung\/"},{"@type":"ListItem","position":3,"name":"Strategie &amp; Transformation"}]},{"@type":"WebSite","@id":"https:\/\/aerothrive.com\/de\/#website","url":"https:\/\/aerothrive.com\/de\/","name":"AEROTHRIVE","description":"Global Aviation Excellence","publisher":{"@id":"https:\/\/aerothrive.com\/de\/#organization"},"alternateName":"AEROTHRIVE","potentialAction":[{"@type":"SearchAction","target":{"@type":"EntryPoint","urlTemplate":"https:\/\/aerothrive.com\/de\/?s={search_term_string}"},"query-input":{"@type":"PropertyValueSpecification","valueRequired":true,"valueName":"search_term_string"}}],"inLanguage":"de"},{"@type":"Organization","@id":"https:\/\/aerothrive.com\/de\/#organization","name":"AEROTHRIVE GmbH","url":"https:\/\/aerothrive.com\/de\/","logo":{"@type":"ImageObject","inLanguage":"de","@id":"https:\/\/aerothrive.com\/de\/#\/schema\/logo\/image\/","url":"https:\/\/aerothrive.com\/wp-content\/uploads\/2024\/01\/aerothrive-logo.png","contentUrl":"https:\/\/aerothrive.com\/wp-content\/uploads\/2024\/01\/aerothrive-logo.png","width":3508,"height":2480,"caption":"AEROTHRIVE GmbH"},"image":{"@id":"https:\/\/aerothrive.com\/de\/#\/schema\/logo\/image\/"}}]}},"acf":[],"_links":{"self":[{"href":"https:\/\/aerothrive.com\/de\/wp-json\/wp\/v2\/pages\/38704","targetHints":{"allow":["GET"]}}],"collection":[{"href":"https:\/\/aerothrive.com\/de\/wp-json\/wp\/v2\/pages"}],"about":[{"href":"https:\/\/aerothrive.com\/de\/wp-json\/wp\/v2\/types\/page"}],"author":[{"embeddable":true,"href":"https:\/\/aerothrive.com\/de\/wp-json\/wp\/v2\/users\/1"}],"replies":[{"embeddable":true,"href":"https:\/\/aerothrive.com\/de\/wp-json\/wp\/v2\/comments?post=38704"}],"version-history":[{"count":1,"href":"https:\/\/aerothrive.com\/de\/wp-json\/wp\/v2\/pages\/38704\/revisions"}],"predecessor-version":[{"id":38705,"href":"https:\/\/aerothrive.com\/de\/wp-json\/wp\/v2\/pages\/38704\/revisions\/38705"}],"up":[{"embeddable":true,"href":"https:\/\/aerothrive.com\/de\/wp-json\/wp\/v2\/pages\/38658"}],"wp:attachment":[{"href":"https:\/\/aerothrive.com\/de\/wp-json\/wp\/v2\/media?parent=38704"}],"curies":[{"name":"wp","href":"https:\/\/api.w.org\/{rel}","templated":true}]}}