{"id":38683,"date":"2024-01-16T15:09:34","date_gmt":"2024-01-16T14:09:34","guid":{"rendered":"https:\/\/stage.aerothrive.com\/beratung\/flugbetrieb\/"},"modified":"2026-03-12T15:56:44","modified_gmt":"2026-03-12T14:56:44","slug":"flugbetrieb","status":"publish","type":"page","link":"https:\/\/aerothrive.com\/de\/beratung\/flugbetrieb\/","title":{"rendered":"Flugbetrieb"},"content":{"rendered":"\n<div  class=\" f4-block-hero-header is-layout-constrained aspect-27-9 alignfull\"   >\n    <div class=\"block-media\">\n        <div class=\"f4_img--adaptive hero-image\" ><div class=\"f4_img-container f4_img--mobile landscape\" ><img width=\"1920\" height=\"1080\" src=\"https:\/\/aerothrive.com\/wp-content\/uploads\/2024\/02\/bearbeitet_ops_160-6075_IMG-1920x1080.jpg\" class=\"attachment-16-to-9 size-16-to-9\" alt=\"\" decoding=\"async\" loading=\"lazy\" srcset=\"https:\/\/aerothrive.com\/wp-content\/uploads\/2024\/02\/bearbeitet_ops_160-6075_IMG-1920x1080.jpg 1920w, https:\/\/aerothrive.com\/wp-content\/uploads\/2024\/02\/bearbeitet_ops_160-6075_IMG-528x297.jpg 528w, https:\/\/aerothrive.com\/wp-content\/uploads\/2024\/02\/bearbeitet_ops_160-6075_IMG-532x299.jpg 532w\" sizes=\"auto, (max-width: 1920px) 100vw, 1920px\" \/><\/div><div class=\"f4_img-container f4_img--desktop landscape\" ><img width=\"1920\" height=\"640\" src=\"https:\/\/aerothrive.com\/wp-content\/uploads\/2024\/02\/bearbeitet_ops_160-6075_IMG-1920x640.jpg\" class=\"attachment-27-to-9 size-27-to-9\" alt=\"\" decoding=\"async\" loading=\"lazy\" \/><\/div><\/div>    <\/div>\n    <div class=\"block-content\">\n            <div class=\"acf-innerblocks-container\"><\/div>    <\/div>\n<\/div>\n\n<div class=\"wp-block-group is-layout-constrained wp-block-group-is-layout-constrained\" style=\"margin-top:var(--wp--preset--spacing--default);margin-bottom:var(--wp--preset--spacing--default);padding-top:0;padding-bottom:0\">\n<h1 class=\"wp-block-heading is-style-decor-element\">Flugbetrieb<\/h1>\n\n\n\n<div class=\"wp-block-columns is-layout-flex wp-container-core-columns-is-layout-9d6595d7 wp-block-columns-is-layout-flex\">\n<div class=\"wp-block-column is-layout-flow wp-block-column-is-layout-flow\">\n<p>Erschlie\u00dfen Sie das volle Potenzial mit der Beratung f\u00fcr den Flugbetrieb von <strong>AERO<\/strong>THRIVE. Durch eine Partnerschaft mit uns erhalten Sie Zugang zu einem erstklassigen Pool an Luftfahrtexperten, die weltweit strategisch positioniert sind. Unser Team bietet mit seiner tief verwurzelten Expertise im Flugbetrieb unvoreingenommene, operative Beratung und umfassende Audits.  <\/p>\n<\/div>\n\n\n\n<div class=\"wp-block-column is-layout-flow wp-block-column-is-layout-flow\">\n<p>Profitieren Sie von unserer einzigartigen Mischung aus globaler Erfahrung und lokalen Einblicken, die sicherstellt, dass Ihr Betrieb nicht nur konform, sondern auch f\u00fcr beispiellose Effizienz und Sicherheit optimiert ist. Steigern Sie Ihre Unternehmensleistung mit <strong>AERO<\/strong>THRIVE. <\/p>\n<\/div>\n<\/div>\n<\/div>\n\n<div class=\"wp-block-media-text is-stacked-on-mobile\" style=\"margin-top:var(--wp--preset--spacing--default);margin-bottom:var(--wp--preset--spacing--default)\"><figure class=\"wp-block-media-text__media\"><img loading=\"lazy\" decoding=\"async\" width=\"800\" height=\"561\" src=\"https:\/\/aerothrive.com\/wp-content\/uploads\/2024\/03\/an_pl_af777300.jpg\" alt=\"\" class=\"wp-image-36992 size-full\" srcset=\"https:\/\/aerothrive.com\/wp-content\/uploads\/2024\/03\/an_pl_af777300.jpg 800w, https:\/\/aerothrive.com\/wp-content\/uploads\/2024\/03\/an_pl_af777300-300x210.jpg 300w\" sizes=\"auto, (max-width: 800px) 100vw, 800px\" \/><\/figure><div class=\"wp-block-media-text__content\">\n<h2 class=\"wp-block-heading is-style-h3\">Flugbetrieb<\/h2>\n\n\n\n<p><strong>AERO<\/strong>THRIVE spezialisiert sich auf ma\u00dfgeschneiderte L\u00f6sungen f\u00fcr den Flugbetrieb, einschlie\u00dflich Sicherheitsmanagementsystemen, Einhaltung gesetzlicher Vorschriften und operativer Optimierung. Unser gezielter Ansatz gew\u00e4hrleistet operative Exzellenz und verbessert die Zuverl\u00e4ssigkeit sowie die Passagierzufriedenheit f\u00fcr Fluggesellschaften weltweit. <\/p>\n\n\n\n<div class=\"wp-block-buttons is-layout-flex wp-block-buttons-is-layout-flex\">\n<div class=\"wp-block-button is-style-text has-icon--circle-outline-arrow-right--primary icon-position--left\"><a class=\"wp-block-button__link wp-element-button\" href=\"https:\/\/aerothrive.com\/consulting\/air-operations\/flight-operations\/\">Mehr<\/a><\/div>\n<\/div>\n<\/div><\/div>\n\n<div class=\"wp-block-media-text has-media-on-the-right is-stacked-on-mobile\" style=\"margin-top:var(--wp--preset--spacing--default);margin-bottom:var(--wp--preset--spacing--default)\"><div class=\"wp-block-media-text__content\">\n<h2 class=\"wp-block-heading is-style-h3\">Instandhaltungsbetrieb<\/h2>\n\n\n\n<p><strong>AERO<\/strong>THRIVE verbessert den Instandhaltungsbetrieb durch expertengef\u00fchrte Bewertungen und ma\u00dfgeschneiderte Strategien, um Zuverl\u00e4ssigkeit und Kosteneffizienz zu gew\u00e4hrleisten. Unsere Spezialisten f\u00fchren Sie mit praktischer Branchenerfahrung durch die Einhaltung gesetzlicher Vorschriften, Prozessoptimierung und Technologieintegration f\u00fcr nachhaltige operative Exzellenz. <\/p>\n\n\n\n<div class=\"wp-block-buttons is-layout-flex wp-block-buttons-is-layout-flex\">\n<div class=\"wp-block-button is-style-text has-icon--circle-outline-arrow-right--primary icon-position--left\"><a class=\"wp-block-button__link wp-element-button\" href=\"https:\/\/aerothrive.com\/consulting\/air-operations\/maintenance-operations\/\">Mehr<\/a><\/div>\n<\/div>\n<\/div><figure class=\"wp-block-media-text__media\"><img loading=\"lazy\" decoding=\"async\" width=\"1024\" height=\"683\" src=\"https:\/\/aerothrive.com\/wp-content\/uploads\/2024\/03\/DSC02354-1024x683.jpg\" alt=\"\" class=\"wp-image-37112 size-full\" srcset=\"https:\/\/aerothrive.com\/wp-content\/uploads\/2024\/03\/DSC02354-1024x683.jpg 1024w, https:\/\/aerothrive.com\/wp-content\/uploads\/2024\/03\/DSC02354-300x200.jpg 300w, https:\/\/aerothrive.com\/wp-content\/uploads\/2024\/03\/DSC02354-1536x1024.jpg 1536w, https:\/\/aerothrive.com\/wp-content\/uploads\/2024\/03\/DSC02354-2048x1365.jpg 2048w\" sizes=\"auto, (max-width: 1024px) 100vw, 1024px\" \/><\/figure><\/div>\n\n<div class=\"wp-block-media-text is-stacked-on-mobile\" style=\"margin-top:var(--wp--preset--spacing--default);margin-bottom:var(--wp--preset--spacing--default)\"><figure class=\"wp-block-media-text__media\"><img loading=\"lazy\" decoding=\"async\" width=\"1024\" height=\"768\" src=\"https:\/\/aerothrive.com\/wp-content\/uploads\/2024\/03\/IMG_4921-1024x768.jpg\" alt=\"\" class=\"wp-image-36488 size-full\" srcset=\"https:\/\/aerothrive.com\/wp-content\/uploads\/2024\/03\/IMG_4921-1024x768.jpg 1024w, https:\/\/aerothrive.com\/wp-content\/uploads\/2024\/03\/IMG_4921-300x225.jpg 300w, https:\/\/aerothrive.com\/wp-content\/uploads\/2024\/03\/IMG_4921-1536x1152.jpg 1536w, https:\/\/aerothrive.com\/wp-content\/uploads\/2024\/03\/IMG_4921-2048x1536.jpg 2048w\" sizes=\"auto, (max-width: 1024px) 100vw, 1024px\" \/><\/figure><div class=\"wp-block-media-text__content\">\n<h2 class=\"wp-block-heading is-style-h3\">EASA-Implementierung<\/h2>\n\n\n\n<p><strong>AERO<\/strong>THRIVE spezialisiert sich auf die pr\u00e4zise Implementierung von EASA-Vorschriften und f\u00fchrt Fluggesellschaften durch komplexe regulatorische Landschaften. Unsere Dienstleistungen gew\u00e4hrleisten eine nahtlose Compliance und verbessern die Sicherheitsprotokolle bei gleichzeitiger Minimierung betrieblicher Unterbrechungen. Vertrauen Sie darauf, dass wir die Feinheiten der EASA-Standards f\u00fcr Sie meistern.  <\/p>\n\n\n\n<div class=\"wp-block-buttons is-layout-flex wp-block-buttons-is-layout-flex\">\n<div class=\"wp-block-button is-style-text has-icon--circle-outline-arrow-right--primary icon-position--left\"><a class=\"wp-block-button__link wp-element-button\" href=\"https:\/\/aerothrive.com\/consulting\/air-operations\/air-ops-implementation\/\">Mehr<\/a><\/div>\n<\/div>\n<\/div><\/div>\n\n<div class=\"wp-block-media-text has-media-on-the-right is-stacked-on-mobile\" style=\"margin-top:var(--wp--preset--spacing--default);margin-bottom:var(--wp--preset--spacing--default)\"><div class=\"wp-block-media-text__content\">\n<h2 class=\"wp-block-heading is-style-h3\">FAA FAR-Implementierung<\/h2>\n\n\n\n<p><strong>AERO<\/strong>THRIVE zeichnet sich durch die FAA FAR-Implementierung aus und stellt sicher, dass Ihr Betrieb nahtlos auf die Federal Aviation Regulations abgestimmt ist. Unser detaillierter Ansatz zur Einhaltung gesetzlicher Vorschriften deckt alles von der Dokumentation bis zur Personalschulung ab und garantiert, dass Fluggesellschaften die h\u00f6chsten Standards f\u00fcr Sicherheit und operative Integrit\u00e4t erf\u00fcllen. <\/p>\n\n\n\n<div class=\"wp-block-buttons is-layout-flex wp-block-buttons-is-layout-flex\">\n<div class=\"wp-block-button is-style-text has-icon--circle-outline-arrow-right--primary icon-position--left\"><a class=\"wp-block-button__link wp-element-button\" href=\"https:\/\/aerothrive.com\/consulting\/air-operations\/faa-far-implementation\/\">Mehr<\/a><\/div>\n<\/div>\n<\/div><figure class=\"wp-block-media-text__media\"><img loading=\"lazy\" decoding=\"async\" width=\"1024\" height=\"572\" src=\"https:\/\/aerothrive.com\/wp-content\/uploads\/2023\/12\/EASA-1024x572.jpg\" alt=\"\" class=\"wp-image-36115 size-full\" srcset=\"https:\/\/aerothrive.com\/wp-content\/uploads\/2023\/12\/EASA-1024x572.jpg 1024w, https:\/\/aerothrive.com\/wp-content\/uploads\/2023\/12\/EASA-300x168.jpg 300w, https:\/\/aerothrive.com\/wp-content\/uploads\/2023\/12\/EASA-1536x859.jpg 1536w, https:\/\/aerothrive.com\/wp-content\/uploads\/2023\/12\/EASA-2048x1145.jpg 2048w\" sizes=\"auto, (max-width: 1024px) 100vw, 1024px\" \/><\/figure><\/div>\n\n<div class=\"wp-block-media-text is-stacked-on-mobile\" style=\"margin-top:var(--wp--preset--spacing--default);margin-bottom:var(--wp--preset--spacing--default)\"><figure class=\"wp-block-media-text__media\"><img loading=\"lazy\" decoding=\"async\" width=\"1024\" height=\"768\" src=\"https:\/\/aerothrive.com\/wp-content\/uploads\/2024\/02\/bearbeitet_IMG_4754-1-1024x768.jpg\" alt=\"\" class=\"wp-image-36178 size-full\" srcset=\"https:\/\/aerothrive.com\/wp-content\/uploads\/2024\/02\/bearbeitet_IMG_4754-1-1024x768.jpg 1024w, https:\/\/aerothrive.com\/wp-content\/uploads\/2024\/02\/bearbeitet_IMG_4754-1-300x225.jpg 300w, https:\/\/aerothrive.com\/wp-content\/uploads\/2024\/02\/bearbeitet_IMG_4754-1-1536x1152.jpg 1536w, https:\/\/aerothrive.com\/wp-content\/uploads\/2024\/02\/bearbeitet_IMG_4754-1-2048x1536.jpg 2048w\" sizes=\"auto, (max-width: 1024px) 100vw, 1024px\" \/><\/figure><div class=\"wp-block-media-text__content\">\n<h2 class=\"wp-block-heading is-style-h3\">Boden- &amp; Frachtabfertigung<\/h2>\n\n\n\n<p>Verbessern Sie die Boden- und Frachtabfertigung mit der engagierten Expertise von <strong>AERO<\/strong>THRIVE. Unsere Berater optimieren Ihre Bodenabfertigungs- und Frachtprozesse und setzen innovative Strategien ein, um die Effizienz zu steigern, Kosten zu senken und die Sicherheit sowie die Kundenzufriedenheit in Ihrem gesamten Betrieb zu verbessern. <\/p>\n\n\n\n<div class=\"wp-block-buttons is-layout-flex wp-block-buttons-is-layout-flex\">\n<div class=\"wp-block-button is-style-text has-icon--circle-outline-arrow-right--primary icon-position--left\"><a class=\"wp-block-button__link wp-element-button\" href=\"https:\/\/aerothrive.com\/consulting\/air-operations\/ground-cargo-operations\/\">Mehr<\/a><\/div>\n<\/div>\n<\/div><\/div>\n\n<div class=\"wp-block-media-text has-media-on-the-right is-stacked-on-mobile\" style=\"margin-top:var(--wp--preset--spacing--default);margin-bottom:var(--wp--preset--spacing--default)\"><div class=\"wp-block-media-text__content\">\n<h2 class=\"wp-block-heading is-style-h3\">Nachhaltigkeit, Biokraftstoffe, Kohlenstoff<\/h2>\n\n\n\n<p>Bei <strong>AERO<\/strong>THRIVE setzen wir uns f\u00fcr eine nachhaltige Luftfahrt ein und unterst\u00fctzen Fluggesellschaften bei der Integration von Biokraftstoffen und CO2-Kompensationsstrategien. Unsere Dienstleistungen konzentrieren sich darauf, die Umweltbelastung zu reduzieren, die Einhaltung globaler Nachhaltigkeitsstandards sicherzustellen und den Weg f\u00fcr einen gr\u00fcneren Himmel zu ebnen. <\/p>\n\n\n\n<div class=\"wp-block-buttons is-layout-flex wp-block-buttons-is-layout-flex\">\n<div class=\"wp-block-button is-style-text has-icon--circle-outline-arrow-right--primary icon-position--left\"><a class=\"wp-block-button__link wp-element-button\" href=\"https:\/\/aerothrive.com\/de\/beratung\/flugbetrieb\/nachhaltigkeit-biokraftstoffe-kohlenstoff\/\">Mehr<\/a><\/div>\n<\/div>\n<\/div><figure class=\"wp-block-media-text__media\"><img loading=\"lazy\" decoding=\"async\" width=\"1024\" height=\"574\" src=\"https:\/\/aerothrive.com\/wp-content\/uploads\/2024\/02\/Windmill_Screenshot-1024x574.jpg\" alt=\"\" class=\"wp-image-36431 size-full\" srcset=\"https:\/\/aerothrive.com\/wp-content\/uploads\/2024\/02\/Windmill_Screenshot-1024x574.jpg 1024w, https:\/\/aerothrive.com\/wp-content\/uploads\/2024\/02\/Windmill_Screenshot-300x168.jpg 300w, https:\/\/aerothrive.com\/wp-content\/uploads\/2024\/02\/Windmill_Screenshot-1536x861.jpg 1536w, https:\/\/aerothrive.com\/wp-content\/uploads\/2024\/02\/Windmill_Screenshot-2048x1148.jpg 2048w, https:\/\/aerothrive.com\/wp-content\/uploads\/2024\/02\/Windmill_Screenshot-528x297.jpg 528w, https:\/\/aerothrive.com\/wp-content\/uploads\/2024\/02\/Windmill_Screenshot-532x299.jpg 532w\" sizes=\"auto, (max-width: 1024px) 100vw, 1024px\" \/><\/figure><\/div>\n","protected":false},"excerpt":{"rendered":"<p>Flugbetrieb Erschlie\u00dfen Sie das volle Potenzial mit der Beratung f\u00fcr den Flugbetrieb von AEROTHRIVE. Durch eine Partnerschaft mit uns erhalten Sie Zugang zu einem erstklassigen Pool an Luftfahrtexperten, die weltweit strategisch positioniert sind. Unser Team bietet mit seiner tief verwurzelten Expertise im Flugbetrieb unvoreingenommene, operative Beratung und umfassende Audits. Profitieren Sie von unserer einzigartigen Mischung [&hellip;]<\/p>\n","protected":false},"author":1,"featured_media":0,"parent":38658,"menu_order":0,"comment_status":"closed","ping_status":"closed","template":"","meta":{"_acf_changed":false,"footnotes":""},"class_list":["post-38683","page","type-page","status-publish","hentry"],"yoast_head":"<!-- This site is optimized with the Yoast SEO plugin v27.4 - https:\/\/yoast.com\/product\/yoast-seo-wordpress\/ -->\n<title>Flugbetrieb | AEROTHRIVE<\/title>\n<meta name=\"robots\" content=\"index, follow, max-snippet:-1, max-image-preview:large, max-video-preview:-1\" \/>\n<link rel=\"canonical\" href=\"https:\/\/aerothrive.com\/de\/beratung\/flugbetrieb\/\" \/>\n<meta property=\"og:locale\" content=\"de_DE\" \/>\n<meta property=\"og:type\" content=\"article\" \/>\n<meta property=\"og:title\" content=\"Flugbetrieb | AEROTHRIVE\" \/>\n<meta property=\"og:description\" content=\"Flugbetrieb Erschlie\u00dfen Sie das volle Potenzial mit der Beratung f\u00fcr den Flugbetrieb von AEROTHRIVE. Durch eine Partnerschaft mit uns erhalten Sie Zugang zu einem erstklassigen Pool an Luftfahrtexperten, die weltweit strategisch positioniert sind. Unser Team bietet mit seiner tief verwurzelten Expertise im Flugbetrieb unvoreingenommene, operative Beratung und umfassende Audits. Profitieren Sie von unserer einzigartigen Mischung [&hellip;]\" \/>\n<meta property=\"og:url\" content=\"https:\/\/aerothrive.com\/de\/beratung\/flugbetrieb\/\" \/>\n<meta property=\"og:site_name\" content=\"AEROTHRIVE\" \/>\n<meta property=\"article:modified_time\" content=\"2026-03-12T14:56:44+00:00\" \/>\n<meta property=\"og:image\" content=\"https:\/\/aerothrive.com\/wp-content\/uploads\/2024\/03\/an_pl_af777300.jpg\" \/>\n<meta name=\"twitter:card\" content=\"summary_large_image\" \/>\n<meta name=\"twitter:label1\" content=\"Gesch\u00e4tzte Lesezeit\" \/>\n\t<meta name=\"twitter:data1\" content=\"2\u00a0Minuten\" \/>\n<script type=\"application\/ld+json\" class=\"yoast-schema-graph\">{\"@context\":\"https:\\\/\\\/schema.org\",\"@graph\":[{\"@type\":\"WebPage\",\"@id\":\"https:\\\/\\\/aerothrive.com\\\/de\\\/beratung\\\/flugbetrieb\\\/\",\"url\":\"https:\\\/\\\/aerothrive.com\\\/de\\\/beratung\\\/flugbetrieb\\\/\",\"name\":\"Flugbetrieb | AEROTHRIVE\",\"isPartOf\":{\"@id\":\"https:\\\/\\\/aerothrive.com\\\/de\\\/#website\"},\"primaryImageOfPage\":{\"@id\":\"https:\\\/\\\/aerothrive.com\\\/de\\\/beratung\\\/flugbetrieb\\\/#primaryimage\"},\"image\":{\"@id\":\"https:\\\/\\\/aerothrive.com\\\/de\\\/beratung\\\/flugbetrieb\\\/#primaryimage\"},\"thumbnailUrl\":\"https:\\\/\\\/aerothrive.com\\\/wp-content\\\/uploads\\\/2024\\\/03\\\/an_pl_af777300.jpg\",\"datePublished\":\"2024-01-16T14:09:34+00:00\",\"dateModified\":\"2026-03-12T14:56:44+00:00\",\"breadcrumb\":{\"@id\":\"https:\\\/\\\/aerothrive.com\\\/de\\\/beratung\\\/flugbetrieb\\\/#breadcrumb\"},\"inLanguage\":\"de\",\"potentialAction\":[{\"@type\":\"ReadAction\",\"target\":[\"https:\\\/\\\/aerothrive.com\\\/de\\\/beratung\\\/flugbetrieb\\\/\"]}]},{\"@type\":\"ImageObject\",\"inLanguage\":\"de\",\"@id\":\"https:\\\/\\\/aerothrive.com\\\/de\\\/beratung\\\/flugbetrieb\\\/#primaryimage\",\"url\":\"https:\\\/\\\/aerothrive.com\\\/wp-content\\\/uploads\\\/2024\\\/03\\\/an_pl_af777300.jpg\",\"contentUrl\":\"https:\\\/\\\/aerothrive.com\\\/wp-content\\\/uploads\\\/2024\\\/03\\\/an_pl_af777300.jpg\"},{\"@type\":\"BreadcrumbList\",\"@id\":\"https:\\\/\\\/aerothrive.com\\\/de\\\/beratung\\\/flugbetrieb\\\/#breadcrumb\",\"itemListElement\":[{\"@type\":\"ListItem\",\"position\":1,\"name\":\"Home\",\"item\":\"https:\\\/\\\/aerothrive.com\\\/de\\\/\"},{\"@type\":\"ListItem\",\"position\":2,\"name\":\"Beratung\",\"item\":\"https:\\\/\\\/aerothrive.com\\\/de\\\/beratung\\\/\"},{\"@type\":\"ListItem\",\"position\":3,\"name\":\"Flugbetrieb\"}]},{\"@type\":\"WebSite\",\"@id\":\"https:\\\/\\\/aerothrive.com\\\/de\\\/#website\",\"url\":\"https:\\\/\\\/aerothrive.com\\\/de\\\/\",\"name\":\"AEROTHRIVE\",\"description\":\"Global Aviation Excellence\",\"publisher\":{\"@id\":\"https:\\\/\\\/aerothrive.com\\\/de\\\/#organization\"},\"alternateName\":\"AEROTHRIVE\",\"potentialAction\":[{\"@type\":\"SearchAction\",\"target\":{\"@type\":\"EntryPoint\",\"urlTemplate\":\"https:\\\/\\\/aerothrive.com\\\/de\\\/?s={search_term_string}\"},\"query-input\":{\"@type\":\"PropertyValueSpecification\",\"valueRequired\":true,\"valueName\":\"search_term_string\"}}],\"inLanguage\":\"de\"},{\"@type\":\"Organization\",\"@id\":\"https:\\\/\\\/aerothrive.com\\\/de\\\/#organization\",\"name\":\"AEROTHRIVE GmbH\",\"url\":\"https:\\\/\\\/aerothrive.com\\\/de\\\/\",\"logo\":{\"@type\":\"ImageObject\",\"inLanguage\":\"de\",\"@id\":\"https:\\\/\\\/aerothrive.com\\\/de\\\/#\\\/schema\\\/logo\\\/image\\\/\",\"url\":\"https:\\\/\\\/aerothrive.com\\\/wp-content\\\/uploads\\\/2024\\\/01\\\/aerothrive-logo.png\",\"contentUrl\":\"https:\\\/\\\/aerothrive.com\\\/wp-content\\\/uploads\\\/2024\\\/01\\\/aerothrive-logo.png\",\"width\":3508,\"height\":2480,\"caption\":\"AEROTHRIVE GmbH\"},\"image\":{\"@id\":\"https:\\\/\\\/aerothrive.com\\\/de\\\/#\\\/schema\\\/logo\\\/image\\\/\"}}]}<\/script>\n<!-- \/ Yoast SEO plugin. -->","yoast_head_json":{"title":"Flugbetrieb | AEROTHRIVE","robots":{"index":"index","follow":"follow","max-snippet":"max-snippet:-1","max-image-preview":"max-image-preview:large","max-video-preview":"max-video-preview:-1"},"canonical":"https:\/\/aerothrive.com\/de\/beratung\/flugbetrieb\/","og_locale":"de_DE","og_type":"article","og_title":"Flugbetrieb | AEROTHRIVE","og_description":"Flugbetrieb Erschlie\u00dfen Sie das volle Potenzial mit der Beratung f\u00fcr den Flugbetrieb von AEROTHRIVE. Durch eine Partnerschaft mit uns erhalten Sie Zugang zu einem erstklassigen Pool an Luftfahrtexperten, die weltweit strategisch positioniert sind. Unser Team bietet mit seiner tief verwurzelten Expertise im Flugbetrieb unvoreingenommene, operative Beratung und umfassende Audits. Profitieren Sie von unserer einzigartigen Mischung [&hellip;]","og_url":"https:\/\/aerothrive.com\/de\/beratung\/flugbetrieb\/","og_site_name":"AEROTHRIVE","article_modified_time":"2026-03-12T14:56:44+00:00","og_image":[{"url":"https:\/\/aerothrive.com\/wp-content\/uploads\/2024\/03\/an_pl_af777300.jpg","type":"","width":"","height":""}],"twitter_card":"summary_large_image","twitter_misc":{"Gesch\u00e4tzte Lesezeit":"2\u00a0Minuten"},"schema":{"@context":"https:\/\/schema.org","@graph":[{"@type":"WebPage","@id":"https:\/\/aerothrive.com\/de\/beratung\/flugbetrieb\/","url":"https:\/\/aerothrive.com\/de\/beratung\/flugbetrieb\/","name":"Flugbetrieb | AEROTHRIVE","isPartOf":{"@id":"https:\/\/aerothrive.com\/de\/#website"},"primaryImageOfPage":{"@id":"https:\/\/aerothrive.com\/de\/beratung\/flugbetrieb\/#primaryimage"},"image":{"@id":"https:\/\/aerothrive.com\/de\/beratung\/flugbetrieb\/#primaryimage"},"thumbnailUrl":"https:\/\/aerothrive.com\/wp-content\/uploads\/2024\/03\/an_pl_af777300.jpg","datePublished":"2024-01-16T14:09:34+00:00","dateModified":"2026-03-12T14:56:44+00:00","breadcrumb":{"@id":"https:\/\/aerothrive.com\/de\/beratung\/flugbetrieb\/#breadcrumb"},"inLanguage":"de","potentialAction":[{"@type":"ReadAction","target":["https:\/\/aerothrive.com\/de\/beratung\/flugbetrieb\/"]}]},{"@type":"ImageObject","inLanguage":"de","@id":"https:\/\/aerothrive.com\/de\/beratung\/flugbetrieb\/#primaryimage","url":"https:\/\/aerothrive.com\/wp-content\/uploads\/2024\/03\/an_pl_af777300.jpg","contentUrl":"https:\/\/aerothrive.com\/wp-content\/uploads\/2024\/03\/an_pl_af777300.jpg"},{"@type":"BreadcrumbList","@id":"https:\/\/aerothrive.com\/de\/beratung\/flugbetrieb\/#breadcrumb","itemListElement":[{"@type":"ListItem","position":1,"name":"Home","item":"https:\/\/aerothrive.com\/de\/"},{"@type":"ListItem","position":2,"name":"Beratung","item":"https:\/\/aerothrive.com\/de\/beratung\/"},{"@type":"ListItem","position":3,"name":"Flugbetrieb"}]},{"@type":"WebSite","@id":"https:\/\/aerothrive.com\/de\/#website","url":"https:\/\/aerothrive.com\/de\/","name":"AEROTHRIVE","description":"Global Aviation Excellence","publisher":{"@id":"https:\/\/aerothrive.com\/de\/#organization"},"alternateName":"AEROTHRIVE","potentialAction":[{"@type":"SearchAction","target":{"@type":"EntryPoint","urlTemplate":"https:\/\/aerothrive.com\/de\/?s={search_term_string}"},"query-input":{"@type":"PropertyValueSpecification","valueRequired":true,"valueName":"search_term_string"}}],"inLanguage":"de"},{"@type":"Organization","@id":"https:\/\/aerothrive.com\/de\/#organization","name":"AEROTHRIVE GmbH","url":"https:\/\/aerothrive.com\/de\/","logo":{"@type":"ImageObject","inLanguage":"de","@id":"https:\/\/aerothrive.com\/de\/#\/schema\/logo\/image\/","url":"https:\/\/aerothrive.com\/wp-content\/uploads\/2024\/01\/aerothrive-logo.png","contentUrl":"https:\/\/aerothrive.com\/wp-content\/uploads\/2024\/01\/aerothrive-logo.png","width":3508,"height":2480,"caption":"AEROTHRIVE GmbH"},"image":{"@id":"https:\/\/aerothrive.com\/de\/#\/schema\/logo\/image\/"}}]}},"acf":[],"_links":{"self":[{"href":"https:\/\/aerothrive.com\/de\/wp-json\/wp\/v2\/pages\/38683","targetHints":{"allow":["GET"]}}],"collection":[{"href":"https:\/\/aerothrive.com\/de\/wp-json\/wp\/v2\/pages"}],"about":[{"href":"https:\/\/aerothrive.com\/de\/wp-json\/wp\/v2\/types\/page"}],"author":[{"embeddable":true,"href":"https:\/\/aerothrive.com\/de\/wp-json\/wp\/v2\/users\/1"}],"replies":[{"embeddable":true,"href":"https:\/\/aerothrive.com\/de\/wp-json\/wp\/v2\/comments?post=38683"}],"version-history":[{"count":1,"href":"https:\/\/aerothrive.com\/de\/wp-json\/wp\/v2\/pages\/38683\/revisions"}],"predecessor-version":[{"id":38684,"href":"https:\/\/aerothrive.com\/de\/wp-json\/wp\/v2\/pages\/38683\/revisions\/38684"}],"up":[{"embeddable":true,"href":"https:\/\/aerothrive.com\/de\/wp-json\/wp\/v2\/pages\/38658"}],"wp:attachment":[{"href":"https:\/\/aerothrive.com\/de\/wp-json\/wp\/v2\/media?parent=38683"}],"curies":[{"name":"wp","href":"https:\/\/api.w.org\/{rel}","templated":true}]}}