{"id":38678,"date":"2024-01-16T15:22:44","date_gmt":"2024-01-16T14:22:44","guid":{"rendered":"https:\/\/stage.aerothrive.com\/beratung\/sicherheit-qualitaet-compliance-audit\/"},"modified":"2026-03-12T15:56:34","modified_gmt":"2026-03-12T14:56:34","slug":"sicherheit-qualitaet-compliance-audit","status":"publish","type":"page","link":"https:\/\/aerothrive.com\/de\/beratung\/sicherheit-qualitaet-compliance-audit\/","title":{"rendered":"Sicherheit, Qualit\u00e4t, Compliance, Audit"},"content":{"rendered":"\n<div  class=\" f4-block-hero-header is-layout-constrained aspect-20-9 alignfull\"   >\n    <div class=\"block-media\">\n        <div class=\"f4_img--adaptive hero-image\" ><div class=\"f4_img-container f4_img--mobile landscape\" ><img width=\"1920\" height=\"1080\" src=\"https:\/\/aerothrive.com\/wp-content\/uploads\/2024\/03\/DSC05659_pimped-1920x1080.jpg\" class=\"attachment-16-to-9 size-16-to-9\" alt=\"\" decoding=\"async\" loading=\"lazy\" srcset=\"https:\/\/aerothrive.com\/wp-content\/uploads\/2024\/03\/DSC05659_pimped-1920x1080.jpg 1920w, https:\/\/aerothrive.com\/wp-content\/uploads\/2024\/03\/DSC05659_pimped-528x297.jpg 528w, https:\/\/aerothrive.com\/wp-content\/uploads\/2024\/03\/DSC05659_pimped-532x299.jpg 532w\" sizes=\"auto, (max-width: 1920px) 100vw, 1920px\" \/><\/div><div class=\"f4_img-container f4_img--desktop landscape\" ><img width=\"1920\" height=\"864\" src=\"https:\/\/aerothrive.com\/wp-content\/uploads\/2024\/03\/DSC05659_pimped-1920x864.jpg\" class=\"attachment-20-to-9 size-20-to-9\" alt=\"\" decoding=\"async\" loading=\"lazy\" \/><\/div><\/div>    <\/div>\n    <div class=\"block-content\">\n            <div class=\"acf-innerblocks-container\"><\/div>    <\/div>\n<\/div>\n\n<div class=\"wp-block-group is-layout-constrained wp-block-group-is-layout-constrained\" style=\"margin-top:var(--wp--preset--spacing--default);margin-bottom:var(--wp--preset--spacing--default);padding-top:0;padding-bottom:0\">\n<h1 class=\"wp-block-heading is-style-decor-element\">Sicherheit, Qualit\u00e4t, Compliance, Audit<\/h1>\n\n\n\n<div class=\"wp-block-columns is-layout-flex wp-container-core-columns-is-layout-9d6595d7 wp-block-columns-is-layout-flex\">\n<div class=\"wp-block-column is-layout-flow wp-block-column-is-layout-flow\">\n<p>Die Nutzung des globalen Netzwerks von Luftfahrtexperten von <strong>AERO<\/strong>THRIVE gew\u00e4hrleistet Fluggesellschaften Zugang zu erstklassiger Beratung in den Bereichen Sicherheit, Qualit\u00e4t, Compliance und Audit. Unsere unparteiische, externe Perspektive bringt innovative L\u00f6sungen, minimiert Risiken und maximiert gleichzeitig die betriebliche Effizienz. <\/p>\n<\/div>\n\n\n\n<div class=\"wp-block-column is-layout-flow wp-block-column-is-layout-flow\">\n<p>Mit weltweit stationierten Spezialisten bieten wir zeitnahe, lokalisierte Unterst\u00fctzung, die auf die individuellen Bed\u00fcrfnisse jedes Kunden zugeschnitten ist. Vertrauen Sie auf unsere umfassende Erfahrung f\u00fcr verbesserte Sicherheitsstandards, Einhaltung gesetzlicher Vorschriften und Qualit\u00e4tssicherung, um Fluggesellschaften f\u00fcr den Erfolg in der wettbewerbsintensiven Luftfahrtbranche zu positionieren. <\/p>\n<\/div>\n<\/div>\n<\/div>\n\n<div class=\"wp-block-media-text is-stacked-on-mobile\" style=\"margin-top:var(--wp--preset--spacing--default);margin-bottom:var(--wp--preset--spacing--default)\"><figure class=\"wp-block-media-text__media\"><img loading=\"lazy\" decoding=\"async\" width=\"1024\" height=\"683\" src=\"https:\/\/aerothrive.com\/wp-content\/uploads\/2024\/03\/129-2978_IMG-1024x683.jpg\" alt=\"\" class=\"wp-image-37036 size-full\" srcset=\"https:\/\/aerothrive.com\/wp-content\/uploads\/2024\/03\/129-2978_IMG-1024x683.jpg 1024w, https:\/\/aerothrive.com\/wp-content\/uploads\/2024\/03\/129-2978_IMG-300x200.jpg 300w, https:\/\/aerothrive.com\/wp-content\/uploads\/2024\/03\/129-2978_IMG-1536x1024.jpg 1536w, https:\/\/aerothrive.com\/wp-content\/uploads\/2024\/03\/129-2978_IMG-2048x1365.jpg 2048w\" sizes=\"auto, (max-width: 1024px) 100vw, 1024px\" \/><\/figure><div class=\"wp-block-media-text__content\">\n<h2 class=\"wp-block-heading is-style-h3\">IOSA-Unterst\u00fctzung<\/h2>\n\n\n\n<p><strong>AERO<\/strong>THRIVE zeichnet sich durch spezialisierte Unterst\u00fctzung f\u00fcr Fluggesellschaften aus, die das IATA Operational Safety Audit (IOSA) durchlaufen. Unsere Experten begleiten Sie durch den Auditprozess und gew\u00e4hrleisten Compliance sowie die Verbesserung der Betriebssicherheit durch unsere zielgerichteten, effizienten Strategien. <\/p>\n\n\n\n<div class=\"wp-block-buttons is-layout-flex wp-block-buttons-is-layout-flex\">\n<div class=\"wp-block-button is-style-text has-icon--circle-outline-arrow-right--primary icon-position--left\"><a class=\"wp-block-button__link wp-element-button\" href=\"https:\/\/aerothrive.com\/de\/beratung\/sicherheit-qualitaet-compliance-audit\/iosa-support\/\">Mehr<\/a><\/div>\n<\/div>\n<\/div><\/div>\n\n<div class=\"wp-block-media-text has-media-on-the-right is-stacked-on-mobile\" style=\"margin-top:var(--wp--preset--spacing--default);margin-bottom:var(--wp--preset--spacing--default)\"><div class=\"wp-block-media-text__content\">\n<h2 class=\"wp-block-heading is-style-h3\">TCO-Unterst\u00fctzung<\/h2>\n\n\n\n<p>Unser engagiertes Team bietet spezialisierte Unterst\u00fctzung f\u00fcr Nicht-EASA-Betreiber, die eine EASA-TCO-Genehmigung anstreben. Wir navigieren durch den komplexen Genehmigungsprozess und gew\u00e4hrleisten die Einhaltung europ\u00e4ischer Sicherheits- und Betriebsstandards f\u00fcr einen reibungslosen Zugang zum EASA-regulierten Luftraum. <\/p>\n\n\n\n<div class=\"wp-block-buttons is-layout-flex wp-block-buttons-is-layout-flex\">\n<div class=\"wp-block-button is-style-text has-icon--circle-outline-arrow-right--primary icon-position--left\"><a class=\"wp-block-button__link wp-element-button\" href=\"https:\/\/aerothrive.com\/de\/beratung\/sicherheit-qualitaet-compliance-audit\/tco-unterstuetzung\/\">Mehr<\/a><\/div>\n<\/div>\n<\/div><figure class=\"wp-block-media-text__media\"><img loading=\"lazy\" decoding=\"async\" width=\"1024\" height=\"683\" src=\"https:\/\/aerothrive.com\/wp-content\/uploads\/2024\/03\/SE-DPM-1024x683.jpg\" alt=\"\" class=\"wp-image-36968 size-full\" srcset=\"https:\/\/aerothrive.com\/wp-content\/uploads\/2024\/03\/SE-DPM-1024x683.jpg 1024w, https:\/\/aerothrive.com\/wp-content\/uploads\/2024\/03\/SE-DPM-300x200.jpg 300w, https:\/\/aerothrive.com\/wp-content\/uploads\/2024\/03\/SE-DPM-1536x1024.jpg 1536w, https:\/\/aerothrive.com\/wp-content\/uploads\/2024\/03\/SE-DPM-2048x1366.jpg 2048w\" sizes=\"auto, (max-width: 1024px) 100vw, 1024px\" \/><\/figure><\/div>\n\n<div class=\"wp-block-media-text is-stacked-on-mobile\" style=\"margin-top:var(--wp--preset--spacing--default);margin-bottom:var(--wp--preset--spacing--default)\"><figure class=\"wp-block-media-text__media\"><img loading=\"lazy\" decoding=\"async\" width=\"1024\" height=\"768\" src=\"https:\/\/aerothrive.com\/wp-content\/uploads\/2024\/03\/IMG_4937-1024x768.jpg\" alt=\"\" class=\"wp-image-36479 size-full\" srcset=\"https:\/\/aerothrive.com\/wp-content\/uploads\/2024\/03\/IMG_4937-1024x768.jpg 1024w, https:\/\/aerothrive.com\/wp-content\/uploads\/2024\/03\/IMG_4937-300x225.jpg 300w, https:\/\/aerothrive.com\/wp-content\/uploads\/2024\/03\/IMG_4937-1536x1152.jpg 1536w, https:\/\/aerothrive.com\/wp-content\/uploads\/2024\/03\/IMG_4937-2048x1536.jpg 2048w\" sizes=\"auto, (max-width: 1024px) 100vw, 1024px\" \/><\/figure><div class=\"wp-block-media-text__content\">\n<h2 class=\"wp-block-heading is-style-h3\">Sicherheitsmanagementsystem, SMS<\/h2>\n\n\n\n<p><strong>AERO<\/strong>THRIVE ist spezialisiert auf die Optimierung von Sicherheitsmanagementsystemen (SMS) und bietet entscheidende Unterst\u00fctzung von der Einrichtung bis zur Optimierung. Unsere Experten begleiten Sie durch Risikobewertung, Minderungsstrategien und kontinuierliche Verbesserungspraktiken und gew\u00e4hrleisten eine robuste, proaktive Sicherheitskultur. <\/p>\n\n\n\n<div class=\"wp-block-buttons is-layout-flex wp-block-buttons-is-layout-flex\">\n<div class=\"wp-block-button is-style-text has-icon--circle-outline-arrow-right--primary icon-position--left\"><a class=\"wp-block-button__link wp-element-button\" href=\"https:\/\/aerothrive.com\/de\/beratung\/sicherheit-qualitaet-compliance-audit\/sicherheitsmanagementsysteme-sms\/\">Mehr<\/a><\/div>\n<\/div>\n<\/div><\/div>\n\n<div class=\"wp-block-media-text has-media-on-the-right is-stacked-on-mobile\" style=\"margin-top:var(--wp--preset--spacing--default);margin-bottom:var(--wp--preset--spacing--default)\"><div class=\"wp-block-media-text__content\">\n<h2 class=\"wp-block-heading is-style-h3\">Cybersicherheit<\/h2>\n\n\n\n<p><strong>AERO<\/strong>THRIVE verbessert die Cybersicherheit von Fluggesellschaften und bietet modernste Abwehrstrategien gegen digitale Bedrohungen. Unsere Cybersicherheitsexperten entwickeln robuste Schutzpl\u00e4ne, gew\u00e4hrleisten Datenintegrit\u00e4t und sch\u00fctzen kritische Systeme, wodurch die Widerstandsf\u00e4higkeit Ihrer Fluggesellschaft gegen sich entwickelnde Cyber-Herausforderungen gest\u00e4rkt wird. <\/p>\n\n\n\n<div class=\"wp-block-buttons is-layout-flex wp-block-buttons-is-layout-flex\">\n<div class=\"wp-block-button is-style-text has-icon--circle-outline-arrow-right--primary icon-position--left\"><a class=\"wp-block-button__link wp-element-button\" href=\"https:\/\/aerothrive.com\/de\/beratung\/sicherheit-qualitaet-compliance-audit\/cybersicherheit\/\">Mehr<\/a><\/div>\n<\/div>\n<\/div><figure class=\"wp-block-media-text__media\"><img loading=\"lazy\" decoding=\"async\" width=\"1024\" height=\"768\" src=\"https:\/\/aerothrive.com\/wp-content\/uploads\/2024\/02\/bearbeitet_image00022-1024x768.jpg\" alt=\"\" class=\"wp-image-36169 size-full\" srcset=\"https:\/\/aerothrive.com\/wp-content\/uploads\/2024\/02\/bearbeitet_image00022-1024x768.jpg 1024w, https:\/\/aerothrive.com\/wp-content\/uploads\/2024\/02\/bearbeitet_image00022-300x225.jpg 300w, https:\/\/aerothrive.com\/wp-content\/uploads\/2024\/02\/bearbeitet_image00022-1536x1152.jpg 1536w, https:\/\/aerothrive.com\/wp-content\/uploads\/2024\/02\/bearbeitet_image00022-2048x1536.jpg 2048w\" sizes=\"auto, (max-width: 1024px) 100vw, 1024px\" \/><\/figure><\/div>\n","protected":false},"excerpt":{"rendered":"<p>Sicherheit, Qualit\u00e4t, Compliance, Audit Die Nutzung des globalen Netzwerks von Luftfahrtexperten von AEROTHRIVE gew\u00e4hrleistet Fluggesellschaften Zugang zu erstklassiger Beratung in den Bereichen Sicherheit, Qualit\u00e4t, Compliance und Audit. Unsere unparteiische, externe Perspektive bringt innovative L\u00f6sungen, minimiert Risiken und maximiert gleichzeitig die betriebliche Effizienz. Mit weltweit stationierten Spezialisten bieten wir zeitnahe, lokalisierte Unterst\u00fctzung, die auf die individuellen [&hellip;]<\/p>\n","protected":false},"author":1,"featured_media":0,"parent":38658,"menu_order":0,"comment_status":"closed","ping_status":"closed","template":"","meta":{"_acf_changed":false,"footnotes":""},"class_list":["post-38678","page","type-page","status-publish","hentry"],"yoast_head":"<!-- This site is optimized with the Yoast SEO plugin v27.4 - https:\/\/yoast.com\/product\/yoast-seo-wordpress\/ -->\n<title>Sicherheit, Qualit\u00e4t, Compliance, Audit | AEROTHRIVE<\/title>\n<meta name=\"robots\" content=\"index, follow, max-snippet:-1, max-image-preview:large, max-video-preview:-1\" \/>\n<link rel=\"canonical\" href=\"https:\/\/aerothrive.com\/de\/beratung\/sicherheit-qualitaet-compliance-audit\/\" \/>\n<meta property=\"og:locale\" content=\"de_DE\" \/>\n<meta property=\"og:type\" content=\"article\" \/>\n<meta property=\"og:title\" content=\"Sicherheit, Qualit\u00e4t, Compliance, Audit | AEROTHRIVE\" \/>\n<meta property=\"og:description\" content=\"Sicherheit, Qualit\u00e4t, Compliance, Audit Die Nutzung des globalen Netzwerks von Luftfahrtexperten von AEROTHRIVE gew\u00e4hrleistet Fluggesellschaften Zugang zu erstklassiger Beratung in den Bereichen Sicherheit, Qualit\u00e4t, Compliance und Audit. Unsere unparteiische, externe Perspektive bringt innovative L\u00f6sungen, minimiert Risiken und maximiert gleichzeitig die betriebliche Effizienz. Mit weltweit stationierten Spezialisten bieten wir zeitnahe, lokalisierte Unterst\u00fctzung, die auf die individuellen [&hellip;]\" \/>\n<meta property=\"og:url\" content=\"https:\/\/aerothrive.com\/de\/beratung\/sicherheit-qualitaet-compliance-audit\/\" \/>\n<meta property=\"og:site_name\" content=\"AEROTHRIVE\" \/>\n<meta property=\"article:modified_time\" content=\"2026-03-12T14:56:34+00:00\" \/>\n<meta property=\"og:image\" content=\"https:\/\/aerothrive.com\/wp-content\/uploads\/2024\/03\/129-2978_IMG-1024x683.jpg\" \/>\n<meta name=\"twitter:card\" content=\"summary_large_image\" \/>\n<meta name=\"twitter:label1\" content=\"Gesch\u00e4tzte Lesezeit\" \/>\n\t<meta name=\"twitter:data1\" content=\"1\u00a0Minute\" \/>\n<script type=\"application\/ld+json\" class=\"yoast-schema-graph\">{\"@context\":\"https:\\\/\\\/schema.org\",\"@graph\":[{\"@type\":\"WebPage\",\"@id\":\"https:\\\/\\\/aerothrive.com\\\/de\\\/beratung\\\/sicherheit-qualitaet-compliance-audit\\\/\",\"url\":\"https:\\\/\\\/aerothrive.com\\\/de\\\/beratung\\\/sicherheit-qualitaet-compliance-audit\\\/\",\"name\":\"Sicherheit, Qualit\u00e4t, Compliance, Audit | AEROTHRIVE\",\"isPartOf\":{\"@id\":\"https:\\\/\\\/aerothrive.com\\\/de\\\/#website\"},\"primaryImageOfPage\":{\"@id\":\"https:\\\/\\\/aerothrive.com\\\/de\\\/beratung\\\/sicherheit-qualitaet-compliance-audit\\\/#primaryimage\"},\"image\":{\"@id\":\"https:\\\/\\\/aerothrive.com\\\/de\\\/beratung\\\/sicherheit-qualitaet-compliance-audit\\\/#primaryimage\"},\"thumbnailUrl\":\"https:\\\/\\\/aerothrive.com\\\/wp-content\\\/uploads\\\/2024\\\/03\\\/129-2978_IMG-1024x683.jpg\",\"datePublished\":\"2024-01-16T14:22:44+00:00\",\"dateModified\":\"2026-03-12T14:56:34+00:00\",\"breadcrumb\":{\"@id\":\"https:\\\/\\\/aerothrive.com\\\/de\\\/beratung\\\/sicherheit-qualitaet-compliance-audit\\\/#breadcrumb\"},\"inLanguage\":\"de\",\"potentialAction\":[{\"@type\":\"ReadAction\",\"target\":[\"https:\\\/\\\/aerothrive.com\\\/de\\\/beratung\\\/sicherheit-qualitaet-compliance-audit\\\/\"]}]},{\"@type\":\"ImageObject\",\"inLanguage\":\"de\",\"@id\":\"https:\\\/\\\/aerothrive.com\\\/de\\\/beratung\\\/sicherheit-qualitaet-compliance-audit\\\/#primaryimage\",\"url\":\"https:\\\/\\\/aerothrive.com\\\/wp-content\\\/uploads\\\/2024\\\/03\\\/129-2978_IMG-1024x683.jpg\",\"contentUrl\":\"https:\\\/\\\/aerothrive.com\\\/wp-content\\\/uploads\\\/2024\\\/03\\\/129-2978_IMG-1024x683.jpg\"},{\"@type\":\"BreadcrumbList\",\"@id\":\"https:\\\/\\\/aerothrive.com\\\/de\\\/beratung\\\/sicherheit-qualitaet-compliance-audit\\\/#breadcrumb\",\"itemListElement\":[{\"@type\":\"ListItem\",\"position\":1,\"name\":\"Home\",\"item\":\"https:\\\/\\\/aerothrive.com\\\/de\\\/\"},{\"@type\":\"ListItem\",\"position\":2,\"name\":\"Beratung\",\"item\":\"https:\\\/\\\/aerothrive.com\\\/de\\\/beratung\\\/\"},{\"@type\":\"ListItem\",\"position\":3,\"name\":\"Sicherheit, Qualit\u00e4t, Compliance, Audit\"}]},{\"@type\":\"WebSite\",\"@id\":\"https:\\\/\\\/aerothrive.com\\\/de\\\/#website\",\"url\":\"https:\\\/\\\/aerothrive.com\\\/de\\\/\",\"name\":\"AEROTHRIVE\",\"description\":\"Global Aviation Excellence\",\"publisher\":{\"@id\":\"https:\\\/\\\/aerothrive.com\\\/de\\\/#organization\"},\"alternateName\":\"AEROTHRIVE\",\"potentialAction\":[{\"@type\":\"SearchAction\",\"target\":{\"@type\":\"EntryPoint\",\"urlTemplate\":\"https:\\\/\\\/aerothrive.com\\\/de\\\/?s={search_term_string}\"},\"query-input\":{\"@type\":\"PropertyValueSpecification\",\"valueRequired\":true,\"valueName\":\"search_term_string\"}}],\"inLanguage\":\"de\"},{\"@type\":\"Organization\",\"@id\":\"https:\\\/\\\/aerothrive.com\\\/de\\\/#organization\",\"name\":\"AEROTHRIVE GmbH\",\"url\":\"https:\\\/\\\/aerothrive.com\\\/de\\\/\",\"logo\":{\"@type\":\"ImageObject\",\"inLanguage\":\"de\",\"@id\":\"https:\\\/\\\/aerothrive.com\\\/de\\\/#\\\/schema\\\/logo\\\/image\\\/\",\"url\":\"https:\\\/\\\/aerothrive.com\\\/wp-content\\\/uploads\\\/2024\\\/01\\\/aerothrive-logo.png\",\"contentUrl\":\"https:\\\/\\\/aerothrive.com\\\/wp-content\\\/uploads\\\/2024\\\/01\\\/aerothrive-logo.png\",\"width\":3508,\"height\":2480,\"caption\":\"AEROTHRIVE GmbH\"},\"image\":{\"@id\":\"https:\\\/\\\/aerothrive.com\\\/de\\\/#\\\/schema\\\/logo\\\/image\\\/\"}}]}<\/script>\n<!-- \/ Yoast SEO plugin. -->","yoast_head_json":{"title":"Sicherheit, Qualit\u00e4t, Compliance, Audit | AEROTHRIVE","robots":{"index":"index","follow":"follow","max-snippet":"max-snippet:-1","max-image-preview":"max-image-preview:large","max-video-preview":"max-video-preview:-1"},"canonical":"https:\/\/aerothrive.com\/de\/beratung\/sicherheit-qualitaet-compliance-audit\/","og_locale":"de_DE","og_type":"article","og_title":"Sicherheit, Qualit\u00e4t, Compliance, Audit | AEROTHRIVE","og_description":"Sicherheit, Qualit\u00e4t, Compliance, Audit Die Nutzung des globalen Netzwerks von Luftfahrtexperten von AEROTHRIVE gew\u00e4hrleistet Fluggesellschaften Zugang zu erstklassiger Beratung in den Bereichen Sicherheit, Qualit\u00e4t, Compliance und Audit. Unsere unparteiische, externe Perspektive bringt innovative L\u00f6sungen, minimiert Risiken und maximiert gleichzeitig die betriebliche Effizienz. Mit weltweit stationierten Spezialisten bieten wir zeitnahe, lokalisierte Unterst\u00fctzung, die auf die individuellen [&hellip;]","og_url":"https:\/\/aerothrive.com\/de\/beratung\/sicherheit-qualitaet-compliance-audit\/","og_site_name":"AEROTHRIVE","article_modified_time":"2026-03-12T14:56:34+00:00","og_image":[{"url":"https:\/\/aerothrive.com\/wp-content\/uploads\/2024\/03\/129-2978_IMG-1024x683.jpg","type":"","width":"","height":""}],"twitter_card":"summary_large_image","twitter_misc":{"Gesch\u00e4tzte Lesezeit":"1\u00a0Minute"},"schema":{"@context":"https:\/\/schema.org","@graph":[{"@type":"WebPage","@id":"https:\/\/aerothrive.com\/de\/beratung\/sicherheit-qualitaet-compliance-audit\/","url":"https:\/\/aerothrive.com\/de\/beratung\/sicherheit-qualitaet-compliance-audit\/","name":"Sicherheit, Qualit\u00e4t, Compliance, Audit | AEROTHRIVE","isPartOf":{"@id":"https:\/\/aerothrive.com\/de\/#website"},"primaryImageOfPage":{"@id":"https:\/\/aerothrive.com\/de\/beratung\/sicherheit-qualitaet-compliance-audit\/#primaryimage"},"image":{"@id":"https:\/\/aerothrive.com\/de\/beratung\/sicherheit-qualitaet-compliance-audit\/#primaryimage"},"thumbnailUrl":"https:\/\/aerothrive.com\/wp-content\/uploads\/2024\/03\/129-2978_IMG-1024x683.jpg","datePublished":"2024-01-16T14:22:44+00:00","dateModified":"2026-03-12T14:56:34+00:00","breadcrumb":{"@id":"https:\/\/aerothrive.com\/de\/beratung\/sicherheit-qualitaet-compliance-audit\/#breadcrumb"},"inLanguage":"de","potentialAction":[{"@type":"ReadAction","target":["https:\/\/aerothrive.com\/de\/beratung\/sicherheit-qualitaet-compliance-audit\/"]}]},{"@type":"ImageObject","inLanguage":"de","@id":"https:\/\/aerothrive.com\/de\/beratung\/sicherheit-qualitaet-compliance-audit\/#primaryimage","url":"https:\/\/aerothrive.com\/wp-content\/uploads\/2024\/03\/129-2978_IMG-1024x683.jpg","contentUrl":"https:\/\/aerothrive.com\/wp-content\/uploads\/2024\/03\/129-2978_IMG-1024x683.jpg"},{"@type":"BreadcrumbList","@id":"https:\/\/aerothrive.com\/de\/beratung\/sicherheit-qualitaet-compliance-audit\/#breadcrumb","itemListElement":[{"@type":"ListItem","position":1,"name":"Home","item":"https:\/\/aerothrive.com\/de\/"},{"@type":"ListItem","position":2,"name":"Beratung","item":"https:\/\/aerothrive.com\/de\/beratung\/"},{"@type":"ListItem","position":3,"name":"Sicherheit, Qualit\u00e4t, Compliance, Audit"}]},{"@type":"WebSite","@id":"https:\/\/aerothrive.com\/de\/#website","url":"https:\/\/aerothrive.com\/de\/","name":"AEROTHRIVE","description":"Global Aviation Excellence","publisher":{"@id":"https:\/\/aerothrive.com\/de\/#organization"},"alternateName":"AEROTHRIVE","potentialAction":[{"@type":"SearchAction","target":{"@type":"EntryPoint","urlTemplate":"https:\/\/aerothrive.com\/de\/?s={search_term_string}"},"query-input":{"@type":"PropertyValueSpecification","valueRequired":true,"valueName":"search_term_string"}}],"inLanguage":"de"},{"@type":"Organization","@id":"https:\/\/aerothrive.com\/de\/#organization","name":"AEROTHRIVE GmbH","url":"https:\/\/aerothrive.com\/de\/","logo":{"@type":"ImageObject","inLanguage":"de","@id":"https:\/\/aerothrive.com\/de\/#\/schema\/logo\/image\/","url":"https:\/\/aerothrive.com\/wp-content\/uploads\/2024\/01\/aerothrive-logo.png","contentUrl":"https:\/\/aerothrive.com\/wp-content\/uploads\/2024\/01\/aerothrive-logo.png","width":3508,"height":2480,"caption":"AEROTHRIVE GmbH"},"image":{"@id":"https:\/\/aerothrive.com\/de\/#\/schema\/logo\/image\/"}}]}},"acf":[],"_links":{"self":[{"href":"https:\/\/aerothrive.com\/de\/wp-json\/wp\/v2\/pages\/38678","targetHints":{"allow":["GET"]}}],"collection":[{"href":"https:\/\/aerothrive.com\/de\/wp-json\/wp\/v2\/pages"}],"about":[{"href":"https:\/\/aerothrive.com\/de\/wp-json\/wp\/v2\/types\/page"}],"author":[{"embeddable":true,"href":"https:\/\/aerothrive.com\/de\/wp-json\/wp\/v2\/users\/1"}],"replies":[{"embeddable":true,"href":"https:\/\/aerothrive.com\/de\/wp-json\/wp\/v2\/comments?post=38678"}],"version-history":[{"count":1,"href":"https:\/\/aerothrive.com\/de\/wp-json\/wp\/v2\/pages\/38678\/revisions"}],"predecessor-version":[{"id":38679,"href":"https:\/\/aerothrive.com\/de\/wp-json\/wp\/v2\/pages\/38678\/revisions\/38679"}],"up":[{"embeddable":true,"href":"https:\/\/aerothrive.com\/de\/wp-json\/wp\/v2\/pages\/38658"}],"wp:attachment":[{"href":"https:\/\/aerothrive.com\/de\/wp-json\/wp\/v2\/media?parent=38678"}],"curies":[{"name":"wp","href":"https:\/\/api.w.org\/{rel}","templated":true}]}}