{"id":38673,"date":"2024-01-16T16:09:51","date_gmt":"2024-01-16T15:09:51","guid":{"rendered":"https:\/\/stage.aerothrive.com\/iosa-support\/"},"modified":"2026-03-12T15:56:32","modified_gmt":"2026-03-12T14:56:32","slug":"iosa-support","status":"publish","type":"page","link":"https:\/\/aerothrive.com\/de\/beratung\/sicherheit-qualitaet-compliance-audit\/iosa-support\/","title":{"rendered":"IOSA-Support"},"content":{"rendered":"\n<div  class=\" f4-block-hero-header is-layout-constrained alignfull\"   >\n    <div class=\"block-media\">\n            <\/div>\n    <div class=\"block-content\">\n            <div class=\"acf-innerblocks-container\"><\/div>    <\/div>\n<\/div>\n\n<div class=\"wp-block-group is-layout-constrained wp-block-group-is-layout-constrained\" style=\"margin-top:var(--wp--preset--spacing--default);margin-bottom:var(--wp--preset--spacing--default);padding-top:0;padding-bottom:0\">\n<h1 class=\"wp-block-heading is-style-decor-element\">IOSA-Support<\/h1>\n\n\n\n<div class=\"wp-block-columns is-layout-flex wp-container-core-columns-is-layout-9216ddd0 wp-block-columns-is-layout-flex\" style=\"margin-top:0;margin-bottom:var(--wp--preset--spacing--default)\">\n<div class=\"wp-block-column is-layout-flow wp-block-column-is-layout-flow\">\n<p>Die Beauftragung von AEROTHRIVE f\u00fcr die IOSA-Beratung erm\u00f6glicht Fluggesellschaften, das un\u00fcbertroffene Fachwissen unseres globalen Netzwerks von Luftfahrtexperten zu nutzen. Unser weltweit aufgestelltes Team verf\u00fcgt \u00fcber jahrzehntelange Branchenkenntnisse und bietet unvoreingenommene, umfassende Beratung, um die Komplexit\u00e4t des IATA Operational Safety Audit zu meistern. <\/p>\n\n\n\n<p>Mit AEROTHRIVE profitieren Fluggesellschaften von ma\u00dfgeschneiderten L\u00f6sungen, die nicht nur die Einhaltung der Vorschriften gew\u00e4hrleisten, sondern auch die operative Exzellenz f\u00f6rdern, indem sie auf das kollektive Wissen und die innovativen Praktiken unserer angesehenen Experten zur\u00fcckgreifen.<\/p>\n<\/div>\n\n\n\n<div class=\"wp-block-column is-layout-flow wp-block-column-is-layout-flow\">\n<p>Unsere IOSA-Support-Projekte sind hochgradig kundenspezifisch und auf die Bed\u00fcrfnisse jedes Kunden zugeschnitten. Verschiedene Module bauen flexibel aufeinander auf und stellen sicher, dass unsere Kunden genau die gew\u00fcnschte Unterst\u00fctzung erhalten, einschlie\u00dflich: <\/p>\n\n\n\n<ul class=\"wp-block-list\">\n<li>Erstschulung f\u00fcr IOSA<\/li>\n\n\n\n<li>Durchf\u00fchrung einer IOSA-Gap-Analyse<\/li>\n\n\n\n<li>Unterst\u00fctzung bei der Behebung von Nichtkonformit\u00e4ten<\/li>\n\n\n\n<li>Abschlie\u00dfende Implementierungs-Gap-Analyse &amp; Health Check<\/li>\n\n\n\n<li>Vor-Ort-Unterst\u00fctzung w\u00e4hrend des eigentlichen IOSA-Audits<\/li>\n<\/ul>\n<\/div>\n<\/div>\n\n\n\n<div class=\"wp-block-columns is-layout-flex wp-container-core-columns-is-layout-c37af7d3 wp-block-columns-is-layout-flex\" style=\"margin-top:var(--wp--preset--spacing--default)\">\n<div class=\"wp-block-column is-layout-flow wp-block-column-is-layout-flow\">\n<h2 class=\"wp-block-heading\">\u201eLet&#8217;s Gap Started!\u201c<\/h2>\n\n\n\n<p>Bereit, die Sicherheits- und Compliance-Standards Ihrer Fluggesellschaft zu verbessern? Kontaktieren Sie AEROTHRIVE noch heute, um mit unseren IOSA-Beratungsdiensten eine transformative Reise anzutreten. Lassen Sie uns eine Strategie entwickeln, die Ihre Betriebsabl\u00e4ufe zu neuen H\u00f6hen f\u00fchrt.  <\/p>\n<\/div>\n\n\n\n<div class=\"wp-block-column is-layout-flow wp-block-column-is-layout-flow\">\n<figure class=\"wp-block-image size-16-to-9\"><img loading=\"lazy\" decoding=\"async\" width=\"1920\" height=\"1080\" src=\"https:\/\/aerothrive.com\/wp-content\/uploads\/2024\/03\/DSC00068pimped-1920x1080.jpg\" alt=\"\" class=\"wp-image-36976\" srcset=\"https:\/\/aerothrive.com\/wp-content\/uploads\/2024\/03\/DSC00068pimped-1920x1080.jpg 1920w, https:\/\/aerothrive.com\/wp-content\/uploads\/2024\/03\/DSC00068pimped-528x297.jpg 528w, https:\/\/aerothrive.com\/wp-content\/uploads\/2024\/03\/DSC00068pimped-532x299.jpg 532w\" sizes=\"auto, (max-width: 1920px) 100vw, 1920px\" \/><\/figure>\n<\/div>\n<\/div>\n<\/div>\n\n<div class=\"wp-block-group is-layout-flow wp-block-group-is-layout-flow\" style=\"margin-top:var(--wp--preset--spacing--medium);margin-bottom:var(--wp--preset--spacing--medium);padding-top:0;padding-bottom:0\">\n<div class=\"wp-block-columns is-layout-flex wp-container-core-columns-is-layout-9d6595d7 wp-block-columns-is-layout-flex\">\n<div class=\"wp-block-column is-layout-flow wp-block-column-is-layout-flow\">\n<h2 class=\"wp-block-heading\">Ihr weltweiter Partner.<br>Kontaktieren Sie uns weltweit.<\/h2>\n<\/div>\n\n\n\n<div class=\"wp-block-column is-layout-flow wp-block-column-is-layout-flow\">\n<p>Unsere Schulungen sowie weltweiten Audit- und Beratungsdienstleistungen erstrecken sich \u00fcber alle Zeitzonen weltweit. Mit Hauptsitz im Herzen Europas bieten wir auch lokalen Support \u00fcber unsere regionalen Niederlassungen, jede mit eigenen Ansprechpartnern. <\/p>\n<\/div>\n<\/div>\n\n\n\n<div  class=\" f4-block-image-with-cards cards-4\"   >\n    <div class=\"f4_img--adaptive card-image\" ><div class=\"f4_img-container f4_img--mobile landscape\" ><img width=\"1524\" height=\"762\" src=\"https:\/\/aerothrive.com\/wp-content\/uploads\/2024\/02\/aerothrive-map.png\" class=\"attachment-16-to-9 size-16-to-9\" alt=\"\" decoding=\"async\" loading=\"lazy\" srcset=\"https:\/\/aerothrive.com\/wp-content\/uploads\/2024\/02\/aerothrive-map.png 1524w, https:\/\/aerothrive.com\/wp-content\/uploads\/2024\/02\/aerothrive-map-300x150.png 300w, https:\/\/aerothrive.com\/wp-content\/uploads\/2024\/02\/aerothrive-map-1024x512.png 1024w\" sizes=\"auto, (max-width: 1524px) 100vw, 1524px\" \/><\/div><div class=\"f4_img-container f4_img--desktop landscape\" ><img width=\"1524\" height=\"762\" src=\"https:\/\/aerothrive.com\/wp-content\/uploads\/2024\/02\/aerothrive-map.png\" class=\"attachment-16-to-9 size-16-to-9\" alt=\"\" decoding=\"async\" loading=\"lazy\" srcset=\"https:\/\/aerothrive.com\/wp-content\/uploads\/2024\/02\/aerothrive-map.png 1524w, https:\/\/aerothrive.com\/wp-content\/uploads\/2024\/02\/aerothrive-map-300x150.png 300w, https:\/\/aerothrive.com\/wp-content\/uploads\/2024\/02\/aerothrive-map-1024x512.png 1024w\" sizes=\"auto, (max-width: 1524px) 100vw, 1524px\" \/><\/div><\/div><div class=\"cards-wrapper\"><div class=\"single-card\"><h3 class=\"hero-card-headline is-style-h4\">Amerika<\/h3><div class=\"hero-card-text\"><p>Miami, \u00d6stliche Standardzeit (EST)<br \/>\n&amp; \u00d6stliche Sommerzeit (EDT)<\/p>\n<p>E-Mail:<br \/>\n<a href=\"mailto:Americas@AEROTHRIVE.com\">Americas@AEROTHRIVE.com<\/a><\/p>\n<p>Telefon:<br \/>\n<span>+49 156 79267670<\/span><span><\/span><\/p>\n<p>&nbsp;<\/p>\n<\/div><div class=\"wp-block-buttons is-layout-flex wp-block-buttons-is-layout-flex\"><div class=\"wp-block-button is-style-text has-icon--circle-outline-arrow-right--primary icon-position--left\"><a class=\"wp-block-button__link wp-element-button\" target=\"\" href=\"https:\/\/aerothrive.com\/de\/kontakt\/\">Kontakt<\/a><\/div><\/div><\/div><div class=\"single-card\"><h3 class=\"hero-card-headline is-style-h4\">Europa, Afrika<\/h3><div class=\"hero-card-text\"><p>Hamburg, Mitteleurop\u00e4ische Zeit (CET)<br \/>\n&amp; Mitteleurop\u00e4ische Sommerzeit (CEST)<\/p>\n<p>E-Mail:<br \/>\n<a href=\"mailto:hello@AEROTHRIVE.com\">hello@AEROTHRIVE.com<\/a><\/p>\n<p>Telefon:<br \/>\n<span>+49 156 79267670<\/span><span><\/span><\/p>\n<\/div><div class=\"wp-block-buttons is-layout-flex wp-block-buttons-is-layout-flex\"><div class=\"wp-block-button is-style-text has-icon--circle-outline-arrow-right--primary icon-position--left\"><a class=\"wp-block-button__link wp-element-button\" target=\"\" href=\"https:\/\/aerothrive.com\/de\/kontakt\/\">Kontakt<\/a><\/div><\/div><\/div><div class=\"single-card\"><h3 class=\"hero-card-headline is-style-h4\">Naher Osten<\/h3><div class=\"hero-card-text\"><p>Dubai,<br \/>\nGolf-Standardzeit (GST)<\/p>\n<p>E-Mail:<br \/>\n<a href=\"mailto:AfricaMidEast@AEROTHRIVE.com\">AfricaMidEast@AEROTHRIVE.com<\/a><\/p>\n<p>Telefon:<br \/>\n<span>+49 156 79267670<\/span><span><\/span><\/p>\n<\/div><div class=\"wp-block-buttons is-layout-flex wp-block-buttons-is-layout-flex\"><div class=\"wp-block-button is-style-text has-icon--circle-outline-arrow-right--primary icon-position--left\"><a class=\"wp-block-button__link wp-element-button\" target=\"\" href=\"https:\/\/aerothrive.com\/de\/kontakt\/\">Kontakt<\/a><\/div><\/div><\/div><div class=\"single-card\"><h3 class=\"hero-card-headline is-style-h4\">Australien, Ferner Osten, Pazifik<\/h3><div class=\"hero-card-text\"><p>Hongkong,<br \/>\nHongkong-Zeit (HKT)<\/p>\n<p>E-Mail:<br \/>\n<a href=\"mailto:AustraliaFarEast@AEROTHRIVE.com\">AustraliaFarEast@AEROTHRIVE.com<\/a><\/p>\n<p>Telefon:<br \/>\n<span>+49 156 79267670<\/span><span><\/span><\/p>\n<\/div><div class=\"wp-block-buttons is-layout-flex wp-block-buttons-is-layout-flex\"><div class=\"wp-block-button is-style-text has-icon--circle-outline-arrow-right--primary icon-position--left\"><a class=\"wp-block-button__link wp-element-button\" target=\"\" href=\"https:\/\/aerothrive.com\/de\/kontakt\/\">Kontakt<\/a><\/div><\/div><\/div><\/div><\/div>\n<\/div>\n","protected":false},"excerpt":{"rendered":"<p>IOSA-Support Die Beauftragung von AEROTHRIVE f\u00fcr die IOSA-Beratung erm\u00f6glicht Fluggesellschaften, das un\u00fcbertroffene Fachwissen unseres globalen Netzwerks von Luftfahrtexperten zu nutzen. Unser weltweit aufgestelltes Team verf\u00fcgt \u00fcber jahrzehntelange Branchenkenntnisse und bietet unvoreingenommene, umfassende Beratung, um die Komplexit\u00e4t des IATA Operational Safety Audit zu meistern. Mit AEROTHRIVE profitieren Fluggesellschaften von ma\u00dfgeschneiderten L\u00f6sungen, die nicht nur die Einhaltung [&hellip;]<\/p>\n","protected":false},"author":1,"featured_media":0,"parent":38678,"menu_order":0,"comment_status":"closed","ping_status":"closed","template":"","meta":{"_acf_changed":false,"footnotes":""},"class_list":["post-38673","page","type-page","status-publish","hentry"],"yoast_head":"<!-- This site is optimized with the Yoast SEO plugin v27.4 - https:\/\/yoast.com\/product\/yoast-seo-wordpress\/ -->\n<title>IOSA-Support | AEROTHRIVE<\/title>\n<meta name=\"robots\" content=\"index, follow, max-snippet:-1, max-image-preview:large, max-video-preview:-1\" \/>\n<link rel=\"canonical\" href=\"https:\/\/aerothrive.com\/de\/beratung\/sicherheit-qualitaet-compliance-audit\/iosa-support\/\" \/>\n<meta property=\"og:locale\" content=\"de_DE\" \/>\n<meta property=\"og:type\" content=\"article\" \/>\n<meta property=\"og:title\" content=\"IOSA-Support | AEROTHRIVE\" \/>\n<meta property=\"og:description\" content=\"IOSA-Support Die Beauftragung von AEROTHRIVE f\u00fcr die IOSA-Beratung erm\u00f6glicht Fluggesellschaften, das un\u00fcbertroffene Fachwissen unseres globalen Netzwerks von Luftfahrtexperten zu nutzen. Unser weltweit aufgestelltes Team verf\u00fcgt \u00fcber jahrzehntelange Branchenkenntnisse und bietet unvoreingenommene, umfassende Beratung, um die Komplexit\u00e4t des IATA Operational Safety Audit zu meistern. Mit AEROTHRIVE profitieren Fluggesellschaften von ma\u00dfgeschneiderten L\u00f6sungen, die nicht nur die Einhaltung [&hellip;]\" \/>\n<meta property=\"og:url\" content=\"https:\/\/aerothrive.com\/de\/beratung\/sicherheit-qualitaet-compliance-audit\/iosa-support\/\" \/>\n<meta property=\"og:site_name\" content=\"AEROTHRIVE\" \/>\n<meta property=\"article:modified_time\" content=\"2026-03-12T14:56:32+00:00\" \/>\n<meta property=\"og:image\" content=\"https:\/\/aerothrive.com\/wp-content\/uploads\/2024\/03\/DSC00068pimped-scaled.jpg\" \/>\n\t<meta property=\"og:image:width\" content=\"2560\" \/>\n\t<meta property=\"og:image:height\" content=\"1710\" \/>\n\t<meta property=\"og:image:type\" content=\"image\/jpeg\" \/>\n<meta name=\"twitter:card\" content=\"summary_large_image\" \/>\n<meta name=\"twitter:label1\" content=\"Gesch\u00e4tzte Lesezeit\" \/>\n\t<meta name=\"twitter:data1\" content=\"1\u00a0Minute\" \/>\n<script type=\"application\/ld+json\" class=\"yoast-schema-graph\">{\"@context\":\"https:\\\/\\\/schema.org\",\"@graph\":[{\"@type\":\"WebPage\",\"@id\":\"https:\\\/\\\/aerothrive.com\\\/de\\\/beratung\\\/sicherheit-qualitaet-compliance-audit\\\/iosa-support\\\/\",\"url\":\"https:\\\/\\\/aerothrive.com\\\/de\\\/beratung\\\/sicherheit-qualitaet-compliance-audit\\\/iosa-support\\\/\",\"name\":\"IOSA-Support | AEROTHRIVE\",\"isPartOf\":{\"@id\":\"https:\\\/\\\/aerothrive.com\\\/de\\\/#website\"},\"primaryImageOfPage\":{\"@id\":\"https:\\\/\\\/aerothrive.com\\\/de\\\/beratung\\\/sicherheit-qualitaet-compliance-audit\\\/iosa-support\\\/#primaryimage\"},\"image\":{\"@id\":\"https:\\\/\\\/aerothrive.com\\\/de\\\/beratung\\\/sicherheit-qualitaet-compliance-audit\\\/iosa-support\\\/#primaryimage\"},\"thumbnailUrl\":\"https:\\\/\\\/aerothrive.com\\\/wp-content\\\/uploads\\\/2024\\\/03\\\/DSC00068pimped-1920x1080.jpg\",\"datePublished\":\"2024-01-16T15:09:51+00:00\",\"dateModified\":\"2026-03-12T14:56:32+00:00\",\"breadcrumb\":{\"@id\":\"https:\\\/\\\/aerothrive.com\\\/de\\\/beratung\\\/sicherheit-qualitaet-compliance-audit\\\/iosa-support\\\/#breadcrumb\"},\"inLanguage\":\"de\",\"potentialAction\":[{\"@type\":\"ReadAction\",\"target\":[\"https:\\\/\\\/aerothrive.com\\\/de\\\/beratung\\\/sicherheit-qualitaet-compliance-audit\\\/iosa-support\\\/\"]}]},{\"@type\":\"ImageObject\",\"inLanguage\":\"de\",\"@id\":\"https:\\\/\\\/aerothrive.com\\\/de\\\/beratung\\\/sicherheit-qualitaet-compliance-audit\\\/iosa-support\\\/#primaryimage\",\"url\":\"https:\\\/\\\/aerothrive.com\\\/wp-content\\\/uploads\\\/2024\\\/03\\\/DSC00068pimped-1920x1080.jpg\",\"contentUrl\":\"https:\\\/\\\/aerothrive.com\\\/wp-content\\\/uploads\\\/2024\\\/03\\\/DSC00068pimped-1920x1080.jpg\"},{\"@type\":\"BreadcrumbList\",\"@id\":\"https:\\\/\\\/aerothrive.com\\\/de\\\/beratung\\\/sicherheit-qualitaet-compliance-audit\\\/iosa-support\\\/#breadcrumb\",\"itemListElement\":[{\"@type\":\"ListItem\",\"position\":1,\"name\":\"Home\",\"item\":\"https:\\\/\\\/aerothrive.com\\\/de\\\/\"},{\"@type\":\"ListItem\",\"position\":2,\"name\":\"Beratung\",\"item\":\"https:\\\/\\\/aerothrive.com\\\/de\\\/beratung\\\/\"},{\"@type\":\"ListItem\",\"position\":3,\"name\":\"Sicherheit, Qualit\u00e4t, Compliance, Audit\",\"item\":\"https:\\\/\\\/aerothrive.com\\\/de\\\/beratung\\\/sicherheit-qualitaet-compliance-audit\\\/\"},{\"@type\":\"ListItem\",\"position\":4,\"name\":\"IOSA-Support\"}]},{\"@type\":\"WebSite\",\"@id\":\"https:\\\/\\\/aerothrive.com\\\/de\\\/#website\",\"url\":\"https:\\\/\\\/aerothrive.com\\\/de\\\/\",\"name\":\"AEROTHRIVE\",\"description\":\"Global Aviation Excellence\",\"publisher\":{\"@id\":\"https:\\\/\\\/aerothrive.com\\\/de\\\/#organization\"},\"alternateName\":\"AEROTHRIVE\",\"potentialAction\":[{\"@type\":\"SearchAction\",\"target\":{\"@type\":\"EntryPoint\",\"urlTemplate\":\"https:\\\/\\\/aerothrive.com\\\/de\\\/?s={search_term_string}\"},\"query-input\":{\"@type\":\"PropertyValueSpecification\",\"valueRequired\":true,\"valueName\":\"search_term_string\"}}],\"inLanguage\":\"de\"},{\"@type\":\"Organization\",\"@id\":\"https:\\\/\\\/aerothrive.com\\\/de\\\/#organization\",\"name\":\"AEROTHRIVE GmbH\",\"url\":\"https:\\\/\\\/aerothrive.com\\\/de\\\/\",\"logo\":{\"@type\":\"ImageObject\",\"inLanguage\":\"de\",\"@id\":\"https:\\\/\\\/aerothrive.com\\\/de\\\/#\\\/schema\\\/logo\\\/image\\\/\",\"url\":\"https:\\\/\\\/aerothrive.com\\\/wp-content\\\/uploads\\\/2024\\\/01\\\/aerothrive-logo.png\",\"contentUrl\":\"https:\\\/\\\/aerothrive.com\\\/wp-content\\\/uploads\\\/2024\\\/01\\\/aerothrive-logo.png\",\"width\":3508,\"height\":2480,\"caption\":\"AEROTHRIVE GmbH\"},\"image\":{\"@id\":\"https:\\\/\\\/aerothrive.com\\\/de\\\/#\\\/schema\\\/logo\\\/image\\\/\"}}]}<\/script>\n<!-- \/ Yoast SEO plugin. -->","yoast_head_json":{"title":"IOSA-Support | AEROTHRIVE","robots":{"index":"index","follow":"follow","max-snippet":"max-snippet:-1","max-image-preview":"max-image-preview:large","max-video-preview":"max-video-preview:-1"},"canonical":"https:\/\/aerothrive.com\/de\/beratung\/sicherheit-qualitaet-compliance-audit\/iosa-support\/","og_locale":"de_DE","og_type":"article","og_title":"IOSA-Support | AEROTHRIVE","og_description":"IOSA-Support Die Beauftragung von AEROTHRIVE f\u00fcr die IOSA-Beratung erm\u00f6glicht Fluggesellschaften, das un\u00fcbertroffene Fachwissen unseres globalen Netzwerks von Luftfahrtexperten zu nutzen. Unser weltweit aufgestelltes Team verf\u00fcgt \u00fcber jahrzehntelange Branchenkenntnisse und bietet unvoreingenommene, umfassende Beratung, um die Komplexit\u00e4t des IATA Operational Safety Audit zu meistern. Mit AEROTHRIVE profitieren Fluggesellschaften von ma\u00dfgeschneiderten L\u00f6sungen, die nicht nur die Einhaltung [&hellip;]","og_url":"https:\/\/aerothrive.com\/de\/beratung\/sicherheit-qualitaet-compliance-audit\/iosa-support\/","og_site_name":"AEROTHRIVE","article_modified_time":"2026-03-12T14:56:32+00:00","og_image":[{"width":2560,"height":1710,"url":"https:\/\/aerothrive.com\/wp-content\/uploads\/2024\/03\/DSC00068pimped-scaled.jpg","type":"image\/jpeg"}],"twitter_card":"summary_large_image","twitter_misc":{"Gesch\u00e4tzte Lesezeit":"1\u00a0Minute"},"schema":{"@context":"https:\/\/schema.org","@graph":[{"@type":"WebPage","@id":"https:\/\/aerothrive.com\/de\/beratung\/sicherheit-qualitaet-compliance-audit\/iosa-support\/","url":"https:\/\/aerothrive.com\/de\/beratung\/sicherheit-qualitaet-compliance-audit\/iosa-support\/","name":"IOSA-Support | AEROTHRIVE","isPartOf":{"@id":"https:\/\/aerothrive.com\/de\/#website"},"primaryImageOfPage":{"@id":"https:\/\/aerothrive.com\/de\/beratung\/sicherheit-qualitaet-compliance-audit\/iosa-support\/#primaryimage"},"image":{"@id":"https:\/\/aerothrive.com\/de\/beratung\/sicherheit-qualitaet-compliance-audit\/iosa-support\/#primaryimage"},"thumbnailUrl":"https:\/\/aerothrive.com\/wp-content\/uploads\/2024\/03\/DSC00068pimped-1920x1080.jpg","datePublished":"2024-01-16T15:09:51+00:00","dateModified":"2026-03-12T14:56:32+00:00","breadcrumb":{"@id":"https:\/\/aerothrive.com\/de\/beratung\/sicherheit-qualitaet-compliance-audit\/iosa-support\/#breadcrumb"},"inLanguage":"de","potentialAction":[{"@type":"ReadAction","target":["https:\/\/aerothrive.com\/de\/beratung\/sicherheit-qualitaet-compliance-audit\/iosa-support\/"]}]},{"@type":"ImageObject","inLanguage":"de","@id":"https:\/\/aerothrive.com\/de\/beratung\/sicherheit-qualitaet-compliance-audit\/iosa-support\/#primaryimage","url":"https:\/\/aerothrive.com\/wp-content\/uploads\/2024\/03\/DSC00068pimped-1920x1080.jpg","contentUrl":"https:\/\/aerothrive.com\/wp-content\/uploads\/2024\/03\/DSC00068pimped-1920x1080.jpg"},{"@type":"BreadcrumbList","@id":"https:\/\/aerothrive.com\/de\/beratung\/sicherheit-qualitaet-compliance-audit\/iosa-support\/#breadcrumb","itemListElement":[{"@type":"ListItem","position":1,"name":"Home","item":"https:\/\/aerothrive.com\/de\/"},{"@type":"ListItem","position":2,"name":"Beratung","item":"https:\/\/aerothrive.com\/de\/beratung\/"},{"@type":"ListItem","position":3,"name":"Sicherheit, Qualit\u00e4t, Compliance, Audit","item":"https:\/\/aerothrive.com\/de\/beratung\/sicherheit-qualitaet-compliance-audit\/"},{"@type":"ListItem","position":4,"name":"IOSA-Support"}]},{"@type":"WebSite","@id":"https:\/\/aerothrive.com\/de\/#website","url":"https:\/\/aerothrive.com\/de\/","name":"AEROTHRIVE","description":"Global Aviation Excellence","publisher":{"@id":"https:\/\/aerothrive.com\/de\/#organization"},"alternateName":"AEROTHRIVE","potentialAction":[{"@type":"SearchAction","target":{"@type":"EntryPoint","urlTemplate":"https:\/\/aerothrive.com\/de\/?s={search_term_string}"},"query-input":{"@type":"PropertyValueSpecification","valueRequired":true,"valueName":"search_term_string"}}],"inLanguage":"de"},{"@type":"Organization","@id":"https:\/\/aerothrive.com\/de\/#organization","name":"AEROTHRIVE GmbH","url":"https:\/\/aerothrive.com\/de\/","logo":{"@type":"ImageObject","inLanguage":"de","@id":"https:\/\/aerothrive.com\/de\/#\/schema\/logo\/image\/","url":"https:\/\/aerothrive.com\/wp-content\/uploads\/2024\/01\/aerothrive-logo.png","contentUrl":"https:\/\/aerothrive.com\/wp-content\/uploads\/2024\/01\/aerothrive-logo.png","width":3508,"height":2480,"caption":"AEROTHRIVE GmbH"},"image":{"@id":"https:\/\/aerothrive.com\/de\/#\/schema\/logo\/image\/"}}]}},"acf":[],"_links":{"self":[{"href":"https:\/\/aerothrive.com\/de\/wp-json\/wp\/v2\/pages\/38673","targetHints":{"allow":["GET"]}}],"collection":[{"href":"https:\/\/aerothrive.com\/de\/wp-json\/wp\/v2\/pages"}],"about":[{"href":"https:\/\/aerothrive.com\/de\/wp-json\/wp\/v2\/types\/page"}],"author":[{"embeddable":true,"href":"https:\/\/aerothrive.com\/de\/wp-json\/wp\/v2\/users\/1"}],"replies":[{"embeddable":true,"href":"https:\/\/aerothrive.com\/de\/wp-json\/wp\/v2\/comments?post=38673"}],"version-history":[{"count":1,"href":"https:\/\/aerothrive.com\/de\/wp-json\/wp\/v2\/pages\/38673\/revisions"}],"predecessor-version":[{"id":38674,"href":"https:\/\/aerothrive.com\/de\/wp-json\/wp\/v2\/pages\/38673\/revisions\/38674"}],"up":[{"embeddable":true,"href":"https:\/\/aerothrive.com\/de\/wp-json\/wp\/v2\/pages\/38678"}],"wp:attachment":[{"href":"https:\/\/aerothrive.com\/de\/wp-json\/wp\/v2\/media?parent=38673"}],"curies":[{"name":"wp","href":"https:\/\/api.w.org\/{rel}","templated":true}]}}