{"id":38658,"date":"2024-01-16T15:07:44","date_gmt":"2024-01-16T14:07:44","guid":{"rendered":"https:\/\/stage.aerothrive.com\/beratung\/"},"modified":"2026-03-12T15:57:47","modified_gmt":"2026-03-12T14:57:47","slug":"beratung","status":"publish","type":"page","link":"https:\/\/aerothrive.com\/de\/beratung\/","title":{"rendered":"Beratung"},"content":{"rendered":"\n<div class=\"wp-block-cover alignfull is-light\" style=\"min-height:579px;aspect-ratio:unset;\"><span aria-hidden=\"true\" class=\"wp-block-cover__background has-background-dim-30 has-background-dim\"><\/span><video class=\"wp-block-cover__video-background intrinsic-ignore\" autoplay muted loop playsinline src=\"https:\/\/aerothrive.com\/wp-content\/uploads\/2024\/03\/Consulting_Vers_INTERIM.mov\" data-object-fit=\"cover\"><\/video><div class=\"wp-block-cover__inner-container is-layout-flow wp-block-cover-is-layout-flow\">\n<div class=\"wp-block-columns is-layout-flex wp-container-core-columns-is-layout-9d6595d7 wp-block-columns-is-layout-flex\">\n<div class=\"wp-block-column is-layout-flow wp-block-column-is-layout-flow\">\n<h1 class=\"wp-block-heading is-style-tagline\"><strong>Luftfahrt-Beratungsdienste<\/strong><\/h1>\n\n\n\n<h2 class=\"wp-block-heading is-style-h1\">Beratungsdienste.<\/h2>\n\n\n\n<p class=\"is-style-h5\">Wir bef\u00e4higen Sie pragmatisch dazu, Ihre Herausforderungen in den Bereichen Sicherheit, Qualit\u00e4t, Compliance und Betrieb effektiv und effizient zu meistern.<\/p>\n<\/div>\n\n\n\n<div class=\"wp-block-column is-layout-flow wp-block-column-is-layout-flow\"><\/div>\n<\/div>\n<\/div><\/div>\n\n<div class=\"wp-block-group is-layout-constrained wp-block-group-is-layout-constrained\">\n<div class=\"wp-block-media-text has-media-on-the-right is-stacked-on-mobile\" style=\"margin-top:0;margin-bottom:0;padding-top:0;padding-bottom:0\"><div class=\"wp-block-media-text__content\">\n<h2 class=\"wp-block-heading is-style-decor-element\">Ihre Boutique f\u00fcr fortschrittliche Luftfahrtberatung<\/h2>\n\n\n\n<p>Die Vision eines vernetzten Luftfahrterlebnisses erfordert eine neue Art des Denkens, Lernens und F\u00fchrens der k\u00fcnftigen Luftfahrt-\u00d6kosysteme. K\u00fcnftiges Wachstum in der Luftfahrtindustrie verlangt nach wachsender Kompetenz, Exzellenz, sicherem Handeln und einer mutigen Denkweise. <\/p>\n\n\n\n<p>Als Ihre bevorzugten Wingmen bieten wir ma\u00dfgeschneiderte L\u00f6sungen, die komplexe Herausforderungen in Wachstumschancen verwandeln.<\/p>\n<\/div><figure class=\"wp-block-media-text__media\"><img loading=\"lazy\" decoding=\"async\" width=\"1024\" height=\"683\" src=\"https:\/\/aerothrive.com\/wp-content\/uploads\/2024\/03\/PICT0014-1024x683.jpg\" alt=\"\" class=\"wp-image-37042 size-full\" srcset=\"https:\/\/aerothrive.com\/wp-content\/uploads\/2024\/03\/PICT0014-1024x683.jpg 1024w, https:\/\/aerothrive.com\/wp-content\/uploads\/2024\/03\/PICT0014-300x200.jpg 300w, https:\/\/aerothrive.com\/wp-content\/uploads\/2024\/03\/PICT0014-1536x1024.jpg 1536w, https:\/\/aerothrive.com\/wp-content\/uploads\/2024\/03\/PICT0014-2048x1365.jpg 2048w\" sizes=\"auto, (max-width: 1024px) 100vw, 1024px\" \/><\/figure><\/div>\n<\/div>\n\n<div class=\"wp-block-group is-layout-constrained wp-block-group-is-layout-constrained\" style=\"padding-top:var(--wp--preset--spacing--default);padding-bottom:var(--wp--preset--spacing--default)\">\n<h2 class=\"wp-block-heading\">Beitrag zu einer sichereren, widerstandsf\u00e4higeren und nachhaltigeren Luftfahrtindustrie.<\/h2>\n\n\n\n<div class=\"wp-block-columns is-layout-flex wp-container-core-columns-is-layout-9d6595d7 wp-block-columns-is-layout-flex\">\n<div class=\"wp-block-column is-layout-flow wp-block-column-is-layout-flow\">\n<p>Bei AEROTHRIVE definieren wir Vertrauen in der globalen Luftfahrtgemeinschaft neu. Unser Ansatz ist einfach: tiefe Spezialisierung, ehrliches Verhalten und die St\u00e4rkung unserer Kunden. Wir glauben nicht an \u00fcbertriebene Verkaufsversprechen;  <\/p>\n<\/div>\n\n\n\n<div class=\"wp-block-column is-layout-flow wp-block-column-is-layout-flow\">\n<p>stattdessen konzentrieren wir uns darauf, unsere Kunden anzuleiten, Probleme eigenst\u00e4ndig zu l\u00f6sen. Das mag zu k\u00fcrzeren Projekten f\u00fchren, ist aber der Grund, warum unsere Kunden immer wieder zu uns kommen. Wir sind nicht nur Berater; wir sind Ihre langfristigen Partner f\u00fcr den Erfolg.  <\/p>\n<\/div>\n<\/div>\n\n\n\n<div class=\"wp-block-media-text is-stacked-on-mobile is-image-fill-element\" style=\"margin-top:var(--wp--preset--spacing--default);margin-bottom:var(--wp--preset--spacing--default)\"><figure class=\"wp-block-media-text__media\"><img loading=\"lazy\" decoding=\"async\" width=\"1024\" height=\"683\" src=\"https:\/\/aerothrive.com\/wp-content\/uploads\/2024\/02\/bearbeitet_ops_160-6075_IMG-1024x683.jpg\" alt=\"\" class=\"wp-image-36185 size-full\" style=\"object-position:50% 50%\" srcset=\"https:\/\/aerothrive.com\/wp-content\/uploads\/2024\/02\/bearbeitet_ops_160-6075_IMG-1024x683.jpg 1024w, https:\/\/aerothrive.com\/wp-content\/uploads\/2024\/02\/bearbeitet_ops_160-6075_IMG-300x200.jpg 300w, https:\/\/aerothrive.com\/wp-content\/uploads\/2024\/02\/bearbeitet_ops_160-6075_IMG-1536x1024.jpg 1536w, https:\/\/aerothrive.com\/wp-content\/uploads\/2024\/02\/bearbeitet_ops_160-6075_IMG.jpg 1953w\" sizes=\"auto, (max-width: 1024px) 100vw, 1024px\" \/><\/figure><div class=\"wp-block-media-text__content\">\n<h3 class=\"wp-block-heading\">Flugbetrieb<\/h3>\n\n\n\n<p>Unsere Expertise ist tief in allen Aspekten des Flugbetriebs verwurzelt. Unser Team besteht aus Experten mit umfassender Erfahrung in leitenden Positionen und wird sorgf\u00e4ltig nach ihren au\u00dfergew\u00f6hnlichen zwischenmenschlichen und Soft Skills ausgew\u00e4hlt. Erfahren Sie mehr dar\u00fcber, wie wir Ihr Erlebnis optimieren k\u00f6nnen!  <\/p>\n\n\n\n<div class=\"wp-block-buttons is-layout-flex wp-block-buttons-is-layout-flex\">\n<div class=\"wp-block-button is-style-text has-icon--circle-outline-arrow-right--primary icon-position--left\"><a class=\"wp-block-button__link wp-element-button\" href=\"https:\/\/aerothrive.com\/de\/beratung\/flugbetrieb\/\">Mehr<\/a><\/div>\n<\/div>\n<\/div><\/div>\n\n\n\n<div class=\"wp-block-media-text has-media-on-the-right is-stacked-on-mobile is-image-fill-element\" style=\"margin-top:var(--wp--preset--spacing--default);margin-bottom:var(--wp--preset--spacing--default)\"><div class=\"wp-block-media-text__content\">\n<h3 class=\"wp-block-heading\">Sicherheit, Qualit\u00e4t, Compliance, Audit<\/h3>\n\n\n\n<p>Unser Team umfasst einige der weltweit angesehensten Auditoren, Instruktoren und Berater, die auf Sicherheit, Qualit\u00e4t und Compliance spezialisiert sind. Als f\u00fchrende Autorit\u00e4t in diesen Bereichen bieten wir unvergleichliche Bewertungen, Expertenberatung und umfassende Unterst\u00fctzung bei der Implementierung. Erfahren Sie mehr \u00fcber unsere Dienstleistungen und wie wir Sie unterst\u00fctzen k\u00f6nnen!  <\/p>\n\n\n\n<div class=\"wp-block-buttons is-layout-flex wp-block-buttons-is-layout-flex\">\n<div class=\"wp-block-button is-style-text has-icon--circle-outline-arrow-right--primary icon-position--left\"><a class=\"wp-block-button__link wp-element-button\" href=\"https:\/\/aerothrive.com\/de\/beratung\/sicherheit-qualitaet-compliance-audit\/\">Mehr<\/a><\/div>\n<\/div>\n<\/div><figure class=\"wp-block-media-text__media\"><img loading=\"lazy\" decoding=\"async\" width=\"1024\" height=\"683\" src=\"https:\/\/aerothrive.com\/wp-content\/uploads\/2024\/03\/DSC05659_pimped-1024x683.jpg\" alt=\"\" class=\"wp-image-36972 size-full\" style=\"object-position:50% 50%\" srcset=\"https:\/\/aerothrive.com\/wp-content\/uploads\/2024\/03\/DSC05659_pimped-1024x683.jpg 1024w, https:\/\/aerothrive.com\/wp-content\/uploads\/2024\/03\/DSC05659_pimped-300x200.jpg 300w, https:\/\/aerothrive.com\/wp-content\/uploads\/2024\/03\/DSC05659_pimped-1536x1024.jpg 1536w, https:\/\/aerothrive.com\/wp-content\/uploads\/2024\/03\/DSC05659_pimped-2048x1365.jpg 2048w\" sizes=\"auto, (max-width: 1024px) 100vw, 1024px\" \/><\/figure><\/div>\n\n\n\n<div class=\"wp-block-media-text is-stacked-on-mobile is-image-fill-element\" style=\"margin-top:var(--wp--preset--spacing--default);margin-bottom:var(--wp--preset--spacing--default)\"><figure class=\"wp-block-media-text__media\"><img loading=\"lazy\" decoding=\"async\" width=\"1024\" height=\"684\" src=\"https:\/\/aerothrive.com\/wp-content\/uploads\/2024\/03\/DSC00070_pimped-1024x684.jpg\" alt=\"\" class=\"wp-image-36974 size-full\" style=\"object-position:50% 50%\" srcset=\"https:\/\/aerothrive.com\/wp-content\/uploads\/2024\/03\/DSC00070_pimped-1024x684.jpg 1024w, https:\/\/aerothrive.com\/wp-content\/uploads\/2024\/03\/DSC00070_pimped-300x200.jpg 300w, https:\/\/aerothrive.com\/wp-content\/uploads\/2024\/03\/DSC00070_pimped-1536x1026.jpg 1536w, https:\/\/aerothrive.com\/wp-content\/uploads\/2024\/03\/DSC00070_pimped-2048x1368.jpg 2048w\" sizes=\"auto, (max-width: 1024px) 100vw, 1024px\" \/><\/figure><div class=\"wp-block-media-text__content\">\n<h3 class=\"wp-block-heading\">Strategie, Nachhaltigkeit &amp; Transformation<\/h3>\n\n\n\n<p>Wir bringen f\u00fchrende Experten in diesen kritischen Bereichen zusammen und bieten innovative L\u00f6sungen, die die Zukunft der Luftfahrtindustrie gestalten. Unsere strategischen Einblicke helfen Unternehmen, komplexe Marktdynamiken zu meistern, w\u00e4hrend unser Fokus auf Nachhaltigkeit die Verpflichtung zu \u00f6kologischer Verantwortung sicherstellt. In einer \u00c4ra des schnellen Wandels sind unsere transformativen Ans\u00e4tze darauf ausgelegt, Ihr Unternehmen immer einen Schritt voraus zu halten.  <\/p>\n\n\n\n<div class=\"wp-block-buttons is-layout-flex wp-block-buttons-is-layout-flex\">\n<div class=\"wp-block-button is-style-text has-icon--circle-outline-arrow-right--primary icon-position--left\"><a class=\"wp-block-button__link wp-element-button\" href=\"https:\/\/aerothrive.com\/de\/beratung\/strategie-transformation\/\">Mehr<\/a><\/div>\n<\/div>\n<\/div><\/div>\n\n\n\n<div class=\"wp-block-media-text has-media-on-the-right is-stacked-on-mobile is-image-fill-element\" style=\"margin-top:var(--wp--preset--spacing--default);margin-bottom:var(--wp--preset--spacing--default)\"><div class=\"wp-block-media-text__content\">\n<h3 class=\"wp-block-heading\">Beratung zur Flugzeugbergung<\/h3>\n\n\n\n<p>Ob wir eine Fluggesellschaft, einen Flughafenbetreiber oder einen Versicherer unterst\u00fctzen \u2013 unsere Hilfe basiert auf jahrzehntelanger Erfahrung, internationalen Best Practices und enger Zusammenarbeit mit OEMs, Regulierungsbeh\u00f6rden und spezialisierten Bergungsteams. Unsere Berater kennen die Herausforderungen \u2013 von der Logistik und der beh\u00f6rdlichen Berichterstattung bis hin zur Bergung, Konservierung und Stakeholder-Kommunikation \u2013 und k\u00f6nnen in jeder Phase einsteigen. <\/p>\n\n\n\n<div class=\"wp-block-buttons is-layout-flex wp-block-buttons-is-layout-flex\">\n<div class=\"wp-block-button is-style-text has-icon--circle-outline-arrow-right--primary icon-position--left\"><a class=\"wp-block-button__link wp-element-button\" href=\"https:\/\/aerothrive.com\/de\/home-2\/beratung-zur-flugzeugbergung\/\">Mehr<\/a><\/div>\n<\/div>\n<\/div><figure class=\"wp-block-media-text__media\"><img loading=\"lazy\" decoding=\"async\" width=\"1024\" height=\"687\" src=\"https:\/\/aerothrive.com\/wp-content\/uploads\/2024\/03\/IMG-0287-_pimped-1024x687.jpg\" alt=\"\" class=\"wp-image-36984 size-full\" style=\"object-position:50% 50%\" srcset=\"https:\/\/aerothrive.com\/wp-content\/uploads\/2024\/03\/IMG-0287-_pimped-1024x687.jpg 1024w, https:\/\/aerothrive.com\/wp-content\/uploads\/2024\/03\/IMG-0287-_pimped-300x201.jpg 300w, https:\/\/aerothrive.com\/wp-content\/uploads\/2024\/03\/IMG-0287-_pimped-1536x1030.jpg 1536w, https:\/\/aerothrive.com\/wp-content\/uploads\/2024\/03\/IMG-0287-_pimped-2048x1373.jpg 2048w\" sizes=\"auto, (max-width: 1024px) 100vw, 1024px\" \/><\/figure><\/div>\n<\/div>\n\n<div class=\"wp-block-group is-layout-flow wp-block-group-is-layout-flow\" style=\"margin-top:var(--wp--preset--spacing--medium);margin-bottom:var(--wp--preset--spacing--medium);padding-top:0;padding-bottom:0\">\n<div class=\"wp-block-columns is-layout-flex wp-container-core-columns-is-layout-9d6595d7 wp-block-columns-is-layout-flex\">\n<div class=\"wp-block-column is-layout-flow wp-block-column-is-layout-flow\">\n<h2 class=\"wp-block-heading\">Ihr weltweiter Partner.<br>Kontaktieren Sie uns weltweit.<\/h2>\n<\/div>\n\n\n\n<div class=\"wp-block-column is-layout-flow wp-block-column-is-layout-flow\">\n<p>Unsere Schulungen sowie weltweiten Audit- und Beratungsdienstleistungen erstrecken sich \u00fcber alle Zeitzonen weltweit. Mit Hauptsitz im Herzen Europas bieten wir auch lokalen Support \u00fcber unsere regionalen Niederlassungen, jede mit eigenen Ansprechpartnern. <\/p>\n<\/div>\n<\/div>\n\n\n\n<div  class=\" f4-block-image-with-cards cards-4\"   >\n    <div class=\"f4_img--adaptive card-image\" ><div class=\"f4_img-container f4_img--mobile landscape\" ><img width=\"1524\" height=\"762\" src=\"https:\/\/aerothrive.com\/wp-content\/uploads\/2024\/02\/aerothrive-map.png\" class=\"attachment-16-to-9 size-16-to-9\" alt=\"\" decoding=\"async\" loading=\"lazy\" srcset=\"https:\/\/aerothrive.com\/wp-content\/uploads\/2024\/02\/aerothrive-map.png 1524w, https:\/\/aerothrive.com\/wp-content\/uploads\/2024\/02\/aerothrive-map-300x150.png 300w, https:\/\/aerothrive.com\/wp-content\/uploads\/2024\/02\/aerothrive-map-1024x512.png 1024w\" sizes=\"auto, (max-width: 1524px) 100vw, 1524px\" \/><\/div><div class=\"f4_img-container f4_img--desktop landscape\" ><img width=\"1524\" height=\"762\" src=\"https:\/\/aerothrive.com\/wp-content\/uploads\/2024\/02\/aerothrive-map.png\" class=\"attachment-16-to-9 size-16-to-9\" alt=\"\" decoding=\"async\" loading=\"lazy\" srcset=\"https:\/\/aerothrive.com\/wp-content\/uploads\/2024\/02\/aerothrive-map.png 1524w, https:\/\/aerothrive.com\/wp-content\/uploads\/2024\/02\/aerothrive-map-300x150.png 300w, https:\/\/aerothrive.com\/wp-content\/uploads\/2024\/02\/aerothrive-map-1024x512.png 1024w\" sizes=\"auto, (max-width: 1524px) 100vw, 1524px\" \/><\/div><\/div><div class=\"cards-wrapper\"><div class=\"single-card\"><h3 class=\"hero-card-headline is-style-h4\">Amerika<\/h3><div class=\"hero-card-text\"><p>Miami, \u00d6stliche Standardzeit (EST)<br \/>\n&amp; \u00d6stliche Sommerzeit (EDT)<\/p>\n<p>E-Mail:<br \/>\n<a href=\"mailto:Americas@AEROTHRIVE.com\">Americas@AEROTHRIVE.com<\/a><\/p>\n<p>Telefon:<br \/>\n<span>+49 156 79267670<\/span><span><\/span><\/p>\n<p>&nbsp;<\/p>\n<\/div><div class=\"wp-block-buttons is-layout-flex wp-block-buttons-is-layout-flex\"><div class=\"wp-block-button is-style-text has-icon--circle-outline-arrow-right--primary icon-position--left\"><a class=\"wp-block-button__link wp-element-button\" target=\"\" href=\"https:\/\/aerothrive.com\/de\/kontakt\/\">Kontakt<\/a><\/div><\/div><\/div><div class=\"single-card\"><h3 class=\"hero-card-headline is-style-h4\">Europa, Afrika<\/h3><div class=\"hero-card-text\"><p>Hamburg, Mitteleurop\u00e4ische Zeit (CET)<br \/>\n&amp; Mitteleurop\u00e4ische Sommerzeit (CEST)<\/p>\n<p>E-Mail:<br \/>\n<a href=\"mailto:hello@AEROTHRIVE.com\">hello@AEROTHRIVE.com<\/a><\/p>\n<p>Telefon:<br \/>\n<span>+49 156 79267670<\/span><span><\/span><\/p>\n<\/div><div class=\"wp-block-buttons is-layout-flex wp-block-buttons-is-layout-flex\"><div class=\"wp-block-button is-style-text has-icon--circle-outline-arrow-right--primary icon-position--left\"><a class=\"wp-block-button__link wp-element-button\" target=\"\" href=\"https:\/\/aerothrive.com\/de\/kontakt\/\">Kontakt<\/a><\/div><\/div><\/div><div class=\"single-card\"><h3 class=\"hero-card-headline is-style-h4\">Naher Osten<\/h3><div class=\"hero-card-text\"><p>Dubai,<br \/>\nGolf-Standardzeit (GST)<\/p>\n<p>E-Mail:<br \/>\n<a href=\"mailto:AfricaMidEast@AEROTHRIVE.com\">AfricaMidEast@AEROTHRIVE.com<\/a><\/p>\n<p>Telefon:<br \/>\n<span>+49 156 79267670<\/span><span><\/span><\/p>\n<\/div><div class=\"wp-block-buttons is-layout-flex wp-block-buttons-is-layout-flex\"><div class=\"wp-block-button is-style-text has-icon--circle-outline-arrow-right--primary icon-position--left\"><a class=\"wp-block-button__link wp-element-button\" target=\"\" href=\"https:\/\/aerothrive.com\/de\/kontakt\/\">Kontakt<\/a><\/div><\/div><\/div><div class=\"single-card\"><h3 class=\"hero-card-headline is-style-h4\">Australien, Ferner Osten, Pazifik<\/h3><div class=\"hero-card-text\"><p>Hongkong,<br \/>\nHongkong-Zeit (HKT)<\/p>\n<p>E-Mail:<br \/>\n<a href=\"mailto:AustraliaFarEast@AEROTHRIVE.com\">AustraliaFarEast@AEROTHRIVE.com<\/a><\/p>\n<p>Telefon:<br \/>\n<span>+49 156 79267670<\/span><span><\/span><\/p>\n<\/div><div class=\"wp-block-buttons is-layout-flex wp-block-buttons-is-layout-flex\"><div class=\"wp-block-button is-style-text has-icon--circle-outline-arrow-right--primary icon-position--left\"><a class=\"wp-block-button__link wp-element-button\" target=\"\" href=\"https:\/\/aerothrive.com\/de\/kontakt\/\">Kontakt<\/a><\/div><\/div><\/div><\/div><\/div>\n<\/div>\n\n<div  class=\" f4-block-linkedin-newsletter alignwide\"   >\n    <div class=\"block-inner\">\n        <div class=\"block-content\">\n                    <\/div>\n\n    <\/div>\n<\/div>\n","protected":false},"excerpt":{"rendered":"<p>Ihre Boutique f\u00fcr fortschrittliche Luftfahrtberatung Die Vision eines vernetzten Luftfahrterlebnisses erfordert eine neue Art des Denkens, Lernens und F\u00fchrens der k\u00fcnftigen Luftfahrt-\u00d6kosysteme. K\u00fcnftiges Wachstum in der Luftfahrtindustrie verlangt nach wachsender Kompetenz, Exzellenz, sicherem Handeln und einer mutigen Denkweise. Als Ihre bevorzugten Wingmen bieten wir ma\u00dfgeschneiderte L\u00f6sungen, die komplexe Herausforderungen in Wachstumschancen verwandeln. Beitrag zu einer [&hellip;]<\/p>\n","protected":false},"author":1,"featured_media":0,"parent":0,"menu_order":0,"comment_status":"closed","ping_status":"closed","template":"","meta":{"_acf_changed":false,"footnotes":""},"class_list":["post-38658","page","type-page","status-publish","hentry"],"yoast_head":"<!-- This site is optimized with the Yoast SEO plugin v27.4 - https:\/\/yoast.com\/product\/yoast-seo-wordpress\/ -->\n<title>Beratung | AEROTHRIVE<\/title>\n<meta name=\"robots\" content=\"index, follow, max-snippet:-1, max-image-preview:large, max-video-preview:-1\" \/>\n<link rel=\"canonical\" href=\"https:\/\/aerothrive.com\/de\/beratung\/\" \/>\n<meta property=\"og:locale\" content=\"de_DE\" \/>\n<meta property=\"og:type\" content=\"article\" \/>\n<meta property=\"og:title\" content=\"Beratung | AEROTHRIVE\" \/>\n<meta property=\"og:description\" content=\"Ihre Boutique f\u00fcr fortschrittliche Luftfahrtberatung Die Vision eines vernetzten Luftfahrterlebnisses erfordert eine neue Art des Denkens, Lernens und F\u00fchrens der k\u00fcnftigen Luftfahrt-\u00d6kosysteme. K\u00fcnftiges Wachstum in der Luftfahrtindustrie verlangt nach wachsender Kompetenz, Exzellenz, sicherem Handeln und einer mutigen Denkweise. Als Ihre bevorzugten Wingmen bieten wir ma\u00dfgeschneiderte L\u00f6sungen, die komplexe Herausforderungen in Wachstumschancen verwandeln. Beitrag zu einer [&hellip;]\" \/>\n<meta property=\"og:url\" content=\"https:\/\/aerothrive.com\/de\/beratung\/\" \/>\n<meta property=\"og:site_name\" content=\"AEROTHRIVE\" \/>\n<meta property=\"article:modified_time\" content=\"2026-03-12T14:57:47+00:00\" \/>\n<meta property=\"og:image\" content=\"https:\/\/aerothrive.com\/wp-content\/uploads\/2024\/03\/PICT0014.jpg\" \/>\n\t<meta property=\"og:image:width\" content=\"2520\" \/>\n\t<meta property=\"og:image:height\" content=\"1680\" \/>\n\t<meta property=\"og:image:type\" content=\"image\/jpeg\" \/>\n<meta name=\"twitter:card\" content=\"summary_large_image\" \/>\n<meta name=\"twitter:label1\" content=\"Gesch\u00e4tzte Lesezeit\" \/>\n\t<meta name=\"twitter:data1\" content=\"2\u00a0Minuten\" \/>\n<script type=\"application\/ld+json\" class=\"yoast-schema-graph\">{\"@context\":\"https:\\\/\\\/schema.org\",\"@graph\":[{\"@type\":\"WebPage\",\"@id\":\"https:\\\/\\\/aerothrive.com\\\/de\\\/beratung\\\/\",\"url\":\"https:\\\/\\\/aerothrive.com\\\/de\\\/beratung\\\/\",\"name\":\"Beratung | AEROTHRIVE\",\"isPartOf\":{\"@id\":\"https:\\\/\\\/aerothrive.com\\\/de\\\/#website\"},\"primaryImageOfPage\":{\"@id\":\"https:\\\/\\\/aerothrive.com\\\/de\\\/beratung\\\/#primaryimage\"},\"image\":{\"@id\":\"https:\\\/\\\/aerothrive.com\\\/de\\\/beratung\\\/#primaryimage\"},\"thumbnailUrl\":\"https:\\\/\\\/aerothrive.com\\\/wp-content\\\/uploads\\\/2024\\\/03\\\/PICT0014-1024x683.jpg\",\"datePublished\":\"2024-01-16T14:07:44+00:00\",\"dateModified\":\"2026-03-12T14:57:47+00:00\",\"breadcrumb\":{\"@id\":\"https:\\\/\\\/aerothrive.com\\\/de\\\/beratung\\\/#breadcrumb\"},\"inLanguage\":\"de\",\"potentialAction\":[{\"@type\":\"ReadAction\",\"target\":[\"https:\\\/\\\/aerothrive.com\\\/de\\\/beratung\\\/\"]}]},{\"@type\":\"ImageObject\",\"inLanguage\":\"de\",\"@id\":\"https:\\\/\\\/aerothrive.com\\\/de\\\/beratung\\\/#primaryimage\",\"url\":\"https:\\\/\\\/aerothrive.com\\\/wp-content\\\/uploads\\\/2024\\\/03\\\/PICT0014-1024x683.jpg\",\"contentUrl\":\"https:\\\/\\\/aerothrive.com\\\/wp-content\\\/uploads\\\/2024\\\/03\\\/PICT0014-1024x683.jpg\"},{\"@type\":\"BreadcrumbList\",\"@id\":\"https:\\\/\\\/aerothrive.com\\\/de\\\/beratung\\\/#breadcrumb\",\"itemListElement\":[{\"@type\":\"ListItem\",\"position\":1,\"name\":\"Home\",\"item\":\"https:\\\/\\\/aerothrive.com\\\/de\\\/\"},{\"@type\":\"ListItem\",\"position\":2,\"name\":\"Beratung\"}]},{\"@type\":\"WebSite\",\"@id\":\"https:\\\/\\\/aerothrive.com\\\/de\\\/#website\",\"url\":\"https:\\\/\\\/aerothrive.com\\\/de\\\/\",\"name\":\"AEROTHRIVE\",\"description\":\"Global Aviation Excellence\",\"publisher\":{\"@id\":\"https:\\\/\\\/aerothrive.com\\\/de\\\/#organization\"},\"alternateName\":\"AEROTHRIVE\",\"potentialAction\":[{\"@type\":\"SearchAction\",\"target\":{\"@type\":\"EntryPoint\",\"urlTemplate\":\"https:\\\/\\\/aerothrive.com\\\/de\\\/?s={search_term_string}\"},\"query-input\":{\"@type\":\"PropertyValueSpecification\",\"valueRequired\":true,\"valueName\":\"search_term_string\"}}],\"inLanguage\":\"de\"},{\"@type\":\"Organization\",\"@id\":\"https:\\\/\\\/aerothrive.com\\\/de\\\/#organization\",\"name\":\"AEROTHRIVE GmbH\",\"url\":\"https:\\\/\\\/aerothrive.com\\\/de\\\/\",\"logo\":{\"@type\":\"ImageObject\",\"inLanguage\":\"de\",\"@id\":\"https:\\\/\\\/aerothrive.com\\\/de\\\/#\\\/schema\\\/logo\\\/image\\\/\",\"url\":\"https:\\\/\\\/aerothrive.com\\\/wp-content\\\/uploads\\\/2024\\\/01\\\/aerothrive-logo.png\",\"contentUrl\":\"https:\\\/\\\/aerothrive.com\\\/wp-content\\\/uploads\\\/2024\\\/01\\\/aerothrive-logo.png\",\"width\":3508,\"height\":2480,\"caption\":\"AEROTHRIVE GmbH\"},\"image\":{\"@id\":\"https:\\\/\\\/aerothrive.com\\\/de\\\/#\\\/schema\\\/logo\\\/image\\\/\"}}]}<\/script>\n<!-- \/ Yoast SEO plugin. -->","yoast_head_json":{"title":"Beratung | AEROTHRIVE","robots":{"index":"index","follow":"follow","max-snippet":"max-snippet:-1","max-image-preview":"max-image-preview:large","max-video-preview":"max-video-preview:-1"},"canonical":"https:\/\/aerothrive.com\/de\/beratung\/","og_locale":"de_DE","og_type":"article","og_title":"Beratung | AEROTHRIVE","og_description":"Ihre Boutique f\u00fcr fortschrittliche Luftfahrtberatung Die Vision eines vernetzten Luftfahrterlebnisses erfordert eine neue Art des Denkens, Lernens und F\u00fchrens der k\u00fcnftigen Luftfahrt-\u00d6kosysteme. K\u00fcnftiges Wachstum in der Luftfahrtindustrie verlangt nach wachsender Kompetenz, Exzellenz, sicherem Handeln und einer mutigen Denkweise. Als Ihre bevorzugten Wingmen bieten wir ma\u00dfgeschneiderte L\u00f6sungen, die komplexe Herausforderungen in Wachstumschancen verwandeln. Beitrag zu einer [&hellip;]","og_url":"https:\/\/aerothrive.com\/de\/beratung\/","og_site_name":"AEROTHRIVE","article_modified_time":"2026-03-12T14:57:47+00:00","og_image":[{"width":2520,"height":1680,"url":"https:\/\/aerothrive.com\/wp-content\/uploads\/2024\/03\/PICT0014.jpg","type":"image\/jpeg"}],"twitter_card":"summary_large_image","twitter_misc":{"Gesch\u00e4tzte Lesezeit":"2\u00a0Minuten"},"schema":{"@context":"https:\/\/schema.org","@graph":[{"@type":"WebPage","@id":"https:\/\/aerothrive.com\/de\/beratung\/","url":"https:\/\/aerothrive.com\/de\/beratung\/","name":"Beratung | AEROTHRIVE","isPartOf":{"@id":"https:\/\/aerothrive.com\/de\/#website"},"primaryImageOfPage":{"@id":"https:\/\/aerothrive.com\/de\/beratung\/#primaryimage"},"image":{"@id":"https:\/\/aerothrive.com\/de\/beratung\/#primaryimage"},"thumbnailUrl":"https:\/\/aerothrive.com\/wp-content\/uploads\/2024\/03\/PICT0014-1024x683.jpg","datePublished":"2024-01-16T14:07:44+00:00","dateModified":"2026-03-12T14:57:47+00:00","breadcrumb":{"@id":"https:\/\/aerothrive.com\/de\/beratung\/#breadcrumb"},"inLanguage":"de","potentialAction":[{"@type":"ReadAction","target":["https:\/\/aerothrive.com\/de\/beratung\/"]}]},{"@type":"ImageObject","inLanguage":"de","@id":"https:\/\/aerothrive.com\/de\/beratung\/#primaryimage","url":"https:\/\/aerothrive.com\/wp-content\/uploads\/2024\/03\/PICT0014-1024x683.jpg","contentUrl":"https:\/\/aerothrive.com\/wp-content\/uploads\/2024\/03\/PICT0014-1024x683.jpg"},{"@type":"BreadcrumbList","@id":"https:\/\/aerothrive.com\/de\/beratung\/#breadcrumb","itemListElement":[{"@type":"ListItem","position":1,"name":"Home","item":"https:\/\/aerothrive.com\/de\/"},{"@type":"ListItem","position":2,"name":"Beratung"}]},{"@type":"WebSite","@id":"https:\/\/aerothrive.com\/de\/#website","url":"https:\/\/aerothrive.com\/de\/","name":"AEROTHRIVE","description":"Global Aviation Excellence","publisher":{"@id":"https:\/\/aerothrive.com\/de\/#organization"},"alternateName":"AEROTHRIVE","potentialAction":[{"@type":"SearchAction","target":{"@type":"EntryPoint","urlTemplate":"https:\/\/aerothrive.com\/de\/?s={search_term_string}"},"query-input":{"@type":"PropertyValueSpecification","valueRequired":true,"valueName":"search_term_string"}}],"inLanguage":"de"},{"@type":"Organization","@id":"https:\/\/aerothrive.com\/de\/#organization","name":"AEROTHRIVE GmbH","url":"https:\/\/aerothrive.com\/de\/","logo":{"@type":"ImageObject","inLanguage":"de","@id":"https:\/\/aerothrive.com\/de\/#\/schema\/logo\/image\/","url":"https:\/\/aerothrive.com\/wp-content\/uploads\/2024\/01\/aerothrive-logo.png","contentUrl":"https:\/\/aerothrive.com\/wp-content\/uploads\/2024\/01\/aerothrive-logo.png","width":3508,"height":2480,"caption":"AEROTHRIVE GmbH"},"image":{"@id":"https:\/\/aerothrive.com\/de\/#\/schema\/logo\/image\/"}}]}},"acf":[],"_links":{"self":[{"href":"https:\/\/aerothrive.com\/de\/wp-json\/wp\/v2\/pages\/38658","targetHints":{"allow":["GET"]}}],"collection":[{"href":"https:\/\/aerothrive.com\/de\/wp-json\/wp\/v2\/pages"}],"about":[{"href":"https:\/\/aerothrive.com\/de\/wp-json\/wp\/v2\/types\/page"}],"author":[{"embeddable":true,"href":"https:\/\/aerothrive.com\/de\/wp-json\/wp\/v2\/users\/1"}],"replies":[{"embeddable":true,"href":"https:\/\/aerothrive.com\/de\/wp-json\/wp\/v2\/comments?post=38658"}],"version-history":[{"count":2,"href":"https:\/\/aerothrive.com\/de\/wp-json\/wp\/v2\/pages\/38658\/revisions"}],"predecessor-version":[{"id":38706,"href":"https:\/\/aerothrive.com\/de\/wp-json\/wp\/v2\/pages\/38658\/revisions\/38706"}],"wp:attachment":[{"href":"https:\/\/aerothrive.com\/de\/wp-json\/wp\/v2\/media?parent=38658"}],"curies":[{"name":"wp","href":"https:\/\/api.w.org\/{rel}","templated":true}]}}