{"id":38652,"date":"2024-01-23T09:56:49","date_gmt":"2024-01-23T08:56:49","guid":{"rendered":"https:\/\/stage.aerothrive.com\/datenschutzerklaerung\/"},"modified":"2026-03-12T15:53:56","modified_gmt":"2026-03-12T14:53:56","slug":"datenschutzerklaerung","status":"publish","type":"page","link":"https:\/\/aerothrive.com\/de\/datenschutzerklaerung\/","title":{"rendered":"Datenschutzerkl\u00e4rung"},"content":{"rendered":"\n<div class=\"wp-block-group is-layout-constrained wp-block-group-is-layout-constrained\" style=\"margin-top:0;margin-bottom:0;padding-top:var(--wp--preset--spacing--default);padding-bottom:var(--wp--preset--spacing--default)\">\n<h1 class=\"wp-block-heading is-style-default\">Datenschutzerkl\u00e4rung<\/h1>\n\n\n\n<ol class=\"wp-block-list\">\n<li><strong>Verantwortlicher<\/strong><br\/>Wir, die AEROTHRIVE GmbH (im Folgenden auch \u201ewir\u201c oder \u201euns\u201c genannt), m\u00f6chten Sie dar\u00fcber informieren, wie wir Ihre personenbezogenen Daten verarbeiten, wenn Sie unsere Website <a href=\"http:\/\/www.aerothrive.com\/\">www.AEROTHRIVE.com<\/a> nutzen.<br\/>Sollten Sie weitere Fragen zum Datenschutz im Zusammenhang mit unserer Website oder den darauf angebotenen Diensten haben, wenden Sie sich bitte an unseren Datenschutzbeauftragten:<br\/><br\/><strong>AEROT<\/strong>HRIVE GmbH<br\/>Datenschutzbeauftragter<br\/><br\/>Schulkoppel 33<br\/>25337 K\u00f6lln-Reisiek<br\/>Gro\u00dfraum Hamburg<br\/>Deutschland<br\/><br\/>E-Mail: <a href=\"mailto:dataprotection@AEROTHRIVE.com\">dataprotection@AEROTHRIVE.com<\/a><br\/>Telefon: +49 (0)176 57387478  <\/li>\n\n\n\n<li><strong>Umfang, Zweck und Rechtsgrundlage der Verarbeitung personenbezogener Daten<\/strong><br>Wir erheben und verwenden personenbezogene Daten direkt von unseren Nutzern oder aus anderen Quellen (wie unten beschrieben) in den folgenden Situationen:\n<ol class=\"wp-block-list\">\n<li><strong>Nutzung der Website und Erstellung von Logfiles<\/strong><br>Wenn Nutzer unsere Website besuchen, erfasst unser System bei jedem Zugriff auf unsere Website automatisch Daten und Informationen \u00fcber den Computer, der auf unsere Website zugreift. Dabei werden die folgenden Daten (\u201etechnische Informationen\u201c) erhoben: <br><br>\u2022 Informationen \u00fcber den Typ und die Version des verwendeten Browsers<br>\u2022 Das Betriebssystem des Nutzers<br>\u2022 Der Internetdienstanbieter des Nutzers<br>\u2022 Die IP-Adresse des Nutzers<br>\u2022 Datum und Uhrzeit des Zugriffs auf die Website<br>\u2022 Websites, von denen der Nutzer auf unsere Website gelangt ist.<br><br>Diese Daten werden auch in den Logfiles unseres Systems gespeichert. Diese Daten werden nicht zusammen mit anderen personenbezogenen Daten des Nutzers gespeichert.<br>Wir erheben und verwenden diese technischen Informationen zu Zwecken der (Netzwerk-)Sicherheit (z. B. zur Abwehr von Cyberangriffen), des Marketings und um die Anforderungen unserer Nutzer besser zu verstehen sowie unsere Website kontinuierlich zu verbessern und dem jeweiligen Nutzer den Zugriff auf die Website von seinem Computer aus zu erm\u00f6glichen. <br><br>Diese Informationen werden in Logfiles gespeichert, um die Funktionalit\u00e4t der Website zu gew\u00e4hrleisten. Dar\u00fcber hinaus verwenden wir die Daten zur Optimierung unserer Website und zur Sicherstellung der Sicherheit unserer informationstechnischen Systeme. Die in diesem Zusammenhang erhobenen Daten verarbeiten wir nicht zu Marketingzwecken.  <br><br>Die Rechtsgrundlage f\u00fcr die vor\u00fcbergehende Speicherung der Daten und Logfiles ist Artikel 6 Absatz 1 Buchstabe f der DSGVO.\n<ol class=\"wp-block-list\">\n<li><strong>Verwendung von Cookies<\/strong><br\/>Unsere Website verwendet Cookies. Cookies sind Textdateien, die im Webbrowser des Nutzers oder vom Webbrowser des Nutzers auf dessen Computersystem gespeichert werden. Wenn ein Nutzer eine Website besucht, kann ein Cookie auf dem Betriebssystem des Nutzers gespeichert werden. Dieses Cookie enth\u00e4lt eine eindeutige Zeichenfolge, die den Browser des Nutzers eindeutig identifiziert, wenn der Nutzer auf die Website zur\u00fcckkehrt.   <br\/><br\/>Cookies werden auf dem Computer des Nutzers gespeichert und an unsere Website \u00fcbermittelt. Dadurch haben Sie als Nutzer auch die volle Kontrolle \u00fcber die Verwendung von Cookies. Sie k\u00f6nnen die Verwendung von Cookies deaktivieren oder einschr\u00e4nken, indem Sie die Einstellungen in Ihrem Webbrowser \u00e4ndern. Bereits gespeicherte Cookies k\u00f6nnen jederzeit gel\u00f6scht werden. Dies kann auch automatisch erfolgen. Bitte beachten Sie, dass Sie bei Deaktivierung von Cookies f\u00fcr unsere Website m\u00f6glicherweise nicht mehr alle Funktionen unserer Website vollumf\u00e4nglich nutzen k\u00f6nnen.     <br\/><br\/><a href=\"http:\/\/www.aerothrive.com\/\">www.AEROTHRIVE.com<\/a> verwendet die folgenden Cookies:<br\/>\u2022 Stripe<br\/>\u2022 Google Analytics<br\/><br\/>Diese Website verwendet Cookies. Wir verwenden Cookies, um Inhalte und Anzeigen zu personalisieren, Funktionen f\u00fcr soziale Medien anzubieten und unseren Traffic zu analysieren. Wir teilen auch Informationen \u00fcber Ihre Nutzung unserer Website mit unseren Social-Media-, Werbe- und Analysepartnern, die diese m\u00f6glicherweise mit anderen Informationen kombinieren, die Sie ihnen zur Verf\u00fcgung gestellt haben oder die sie aus Ihrer Nutzung ihrer Dienste gesammelt haben.    <br\/><br\/>Cookies sind kleine Textdateien, die von Websites verwendet werden k\u00f6nnen, um die Benutzererfahrung effizienter zu gestalten.<br\/><br\/>Das Gesetz besagt, dass wir Cookies auf Ihrem Ger\u00e4t speichern d\u00fcrfen, wenn diese f\u00fcr den Betrieb dieser Website unbedingt notwendig sind. F\u00fcr alle anderen Arten von Cookies ben\u00f6tigen wir Ihre Erlaubnis. Diese Website verwendet verschiedene Arten von Cookies. Einige Cookies werden von Drittanbieterdiensten platziert, die auf unseren Seiten erscheinen. Sie k\u00f6nnen Ihre Einwilligung jederzeit \u00fcber die Cookie-Erkl\u00e4rung auf unserer Website \u00e4ndern oder widerrufen. Erfahren Sie mehr dar\u00fcber, wer wir sind, wie Sie uns kontaktieren k\u00f6nnen und wie wir personenbezogene Daten in unserer Datenschutzerkl\u00e4rung verarbeiten.     <\/li>\n\n\n\n<li><strong>Tracking-Tools<\/strong><br\/>Wir verwenden auf unserer Website die folgenden Tracking- und Marketing-Tools (einschlie\u00dflich f\u00fcr Remarketing):<br\/>\u2022 Google Analytics<br\/><br\/>Die Rechtsgrundlage f\u00fcr die Nutzung der vorgenannten Tools ist unser berechtigtes Interesse gem\u00e4\u00df Artikel 6 Absatz 1 Buchstabe f der DSGVO zur Steigerung der Effizienz unserer Website und unserer Marketingaktivit\u00e4ten (einschlie\u00dflich Direktmarketing).<br\/>Weitere Informationen zu den einzelnen Tools finden Sie im Anhang\/Tracking-Tool-Richtlinie.<\/li>\n\n\n\n<li><strong>Social Media Plug-Ins<\/strong><br\/>\u2022 Facebook<br\/>\u2022 LinkedIn<br\/>\u2022 Instagram<br\/><br\/>Die Rechtsgrundlage f\u00fcr die generelle Bereitstellung dieser Plug-Ins auf unserer Website ist unser berechtigtes Interesse zu Marketingzwecken gem\u00e4\u00df Artikel 6 Absatz 1 Buchstabe f der DSGVO.<\/li>\n<\/ol>\n<\/li>\n\n\n\n<li><strong>Use of the Services offered on our Website<\/strong><br>We offer a wide range of services on our website. In order to provide these services, we must collect and process personal data from users or our customers.&nbsp;\n<ol class=\"wp-block-list\">\n<li><strong>Newsletter<\/strong><br\/>Sie haben die M\u00f6glichkeit, sich auf unserer Website f\u00fcr einen kostenlosen LinkedIn-Newsletter anzumelden. Die Registrierung erfolgt auf der LinkedIn-Website und die Daten werden in der alleinigen Verantwortung von LinkedIn erhoben. <br\/><br\/>Die Rechtsgrundlage f\u00fcr die Datenverarbeitung nach Anmeldung f\u00fcr die Newsletter und Erteilung der Einwilligung ist Artikel 6 Absatz 1 Buchstabe f der DSGVO.<\/li>\n<\/ol>\n<\/li>\n\n\n\n<li><strong>Verarbeitung personenbezogener Daten auf der Grundlage unserer berechtigten Interessen<\/strong><br\/>F\u00fcr den Fall, dass Artikel 6 Absatz 1 Buchstabe f der DSGVO unsere Rechtsgrundlage f\u00fcr die Verarbeitung ist, umfassen unsere berechtigten Interessen zus\u00e4tzlich zu den oben genannten Zwecken:<br\/>\u2022 Schutz des Unternehmens vor materiellen oder immateriellen Sch\u00e4den<br\/>\u2022 Professionalisierung (unserer Produkte und Dienstleistungen)<br\/>\u2022 Kostenoptimierung (Kostenkontrolle und Kostenminimierung)<\/li>\n\n\n\n<li><strong>Pflichten zur Bereitstellung personenbezogener Daten<\/strong><br\/>Um gesetzliche oder vertragliche Anforderungen zu erf\u00fcllen, haben wir die entsprechenden Felder in den Formularen auf unserer Website markiert, die ausgef\u00fcllt werden m\u00fcssen, damit wir den angeforderten Vertrag oder Dienst erbringen k\u00f6nnen.<\/li>\n<\/ol>\n<\/li>\n\n\n\n<li><strong>Dauer der Datenverarbeitung<\/strong><br\/>Ihre personenbezogenen Daten werden gel\u00f6scht, sobald sie f\u00fcr die vorgenannten Zwecke nicht mehr erforderlich sind. In diesem Zusammenhang k\u00f6nnen personenbezogene Daten f\u00fcr den Zeitraum gespeichert werden, in dem Rechtsanspr\u00fcche gegen die AEROTHRIVE GmbH geltend gemacht werden k\u00f6nnen (gesetzliche Verj\u00e4hrungsfrist von drei bis drei\u00dfig Jahren). Dar\u00fcber hinaus werden personenbezogene Daten in dem Umfang und so lange gespeichert, wie die AEROTHRIVE GmbH dazu gesetzlich verpflichtet ist. Entsprechende Dokumentations- und Aufbewahrungspflichten ergeben sich unter anderem aus dem Handelsgesetzbuch, der Abgabenordnung und dem Geldw\u00e4schegesetz. Basierend auf den vorgenannten Gesetzen k\u00f6nnen Daten f\u00fcr einen Zeitraum von bis zu 10 Jahren gespeichert werden.    <\/li>\n\n\n\n<li><strong>Widerspruchsrecht gem\u00e4\u00df Artikel 21 der DSGVO<\/strong><br\/>Sie haben das Recht, aus Gr\u00fcnden, die sich aus Ihrer besonderen Situation ergeben, jederzeit gegen die Verarbeitung Sie betreffender personenbezogener Daten, die aufgrund von Artikel 6 Absatz 1 Buchstabe e oder f der DSGVO erfolgt, Widerspruch einzulegen; dies gilt auch f\u00fcr ein auf diese Bestimmungen gest\u00fctztes Profiling.  <br\/><br\/>Legen Sie Widerspruch ein, verarbeitet der Verantwortliche die Sie betreffenden personenbezogenen Daten nicht mehr, es sei denn, er kann zwingende schutzw\u00fcrdige Gr\u00fcnde f\u00fcr die Verarbeitung nachweisen, die Ihre Interessen, Rechte und Freiheiten \u00fcberwiegen, oder die Verarbeitung dient der Geltendmachung, Aus\u00fcbung oder Verteidigung von Rechtsanspr\u00fcchen.<br\/><br\/>Werden personenbezogene Daten verarbeitet, um Direktwerbung zu betreiben, so haben Sie das Recht, jederzeit Widerspruch gegen die Verarbeitung Sie betreffender personenbezogener Daten zum Zwecke derartiger Werbung einzulegen; dies gilt auch f\u00fcr das Profiling, soweit es mit solcher Direktwerbung in Verbindung steht.<br\/><br\/>Widersprechen Sie der Verarbeitung Ihrer personenbezogenen Daten f\u00fcr Direktmarketingzwecke, so werden wir Ihre personenbezogenen Daten f\u00fcr diese Zwecke nicht mehr verarbeiten.<br\/><br\/>Im Zusammenhang mit der Nutzung von Diensten der Informationsgesellschaft k\u00f6nnen Sie ungeachtet der Richtlinie 2002\/58\/EG Ihr Widerspruchsrecht mittels automatisierter Verfahren aus\u00fcben, bei denen technische Spezifikationen verwendet werden.<br\/><br\/>Werden personenbezogene Daten zu wissenschaftlichen oder historischen Forschungszwecken oder zu statistischen Zwecken gem\u00e4\u00df Artikel 89 Absatz 1 der DSGVO verarbeitet, so haben Sie das Recht, aus Gr\u00fcnden, die sich aus Ihrer besonderen Situation ergeben, Widerspruch gegen die Verarbeitung Ihrer personenbezogenen Daten einzulegen, es sei denn, die Verarbeitung ist zur Erf\u00fcllung einer im \u00f6ffentlichen Interesse liegenden Aufgabe erforderlich.<\/li>\n\n\n\n<li><strong>Weitergabe personenbezogener Daten an Dritte<\/strong><br\/>Um Ihnen unsere Produkte und Dienstleistungen auf der Grundlage unserer vertraglichen Verpflichtungen oder im Einklang mit unseren berechtigten Interessen anbieten zu k\u00f6nnen, m\u00fcssen wir Ihre personenbezogenen Daten m\u00f6glicherweise an Dritte innerhalb oder au\u00dferhalb der AEROTHRIVE GmbH weitergeben. Diese Empf\u00e4nger k\u00f6nnen wie folgt kategorisiert werden: <br\/><br\/>\u2022 Dienstleister<br\/>\u2022 Im Zusammenhang mit der Erbringung der Dienstleistungen<br\/>\u2022 Im Zusammenhang mit Buchhaltung, Rechnungsstellung, Steuerberatung und Wirtschaftspr\u00fcfung<br\/>\u2022 Regierungsbeh\u00f6rden und \u00c4mter<br\/><br\/>In diesem Zusammenhang k\u00f6nnen personenbezogene Daten in Drittl\u00e4nder oder an internationale Organisationen \u00fcbermittelt werden. Zu Ihrem Schutz und zum Schutz Ihrer personenbezogenen Daten unterliegen solche Daten\u00fcbermittlungen geeigneten Garantien gem\u00e4\u00df und in \u00dcbereinstimmung mit den geltenden gesetzlichen Bestimmungen (insbesondere Anwendung von EU-Standardvertragsklauseln) oder einem von der EU-Kommission erlassenen Angemessenheitsbeschluss (Artikel 45 der DSGVO). <br\/><br\/>Informationen zu EU-Standardvertragsklauseln finden Sie unter:<br\/><a href=\"http:\/\/eur-lex.europa.eu\/LexUriServ\/LexUriServ.do?uri=OJ:L:2010:039:0005:0018:EN:PDF\">http:\/\/eur-lex.europa.eu\/LexUriServ\/LexUriServ.do?uri=OJ:L:2010:039:0005:0018:EN:PDF<\/a><br\/><br\/>Die EU-Kommission informiert \u00fcber ihre Angemessenheitsbeschl\u00fcsse unter:<br\/><a href=\"https:\/\/ec.europa.eu\/info\/law\/law-topic\/data-protection\/data-transfers-outside-eu\/adequacy-protection-personal-data-non-eu-countries_en#dataprotectionincountriesoutsidetheeu\">https:\/\/ec.europa.eu\/info\/law\/law-topic\/data-protection\/data-transfers-outside-eu\/adequacy-protection-personal-data-non-eu-countries_en#dataprotectionincountriesoutsidetheeu<\/a><br\/><br\/>Eine Kopie der von uns implementierten Sicherheitsma\u00dfnahmen k\u00f6nnen Sie auch per E-Mail an <a href=\"mailto:ceo@AEROTHRIVE.com\">ceo@AEROTHRIVE.com<\/a> anfordern.<br\/>Dar\u00fcber hinaus sind wir gesetzlich verpflichtet, personenbezogene Daten gem\u00e4\u00df Artikel 6 Absatz 1 Buchstabe c der DSGVO in Verbindung mit lokalen und internationalen Vorschriften und Vereinbarungen an deutsche und internationale Beh\u00f6rden weiterzugeben.<\/li>\n\n\n\n<li><strong>Rechte der betroffenen Person<\/strong><br\/>Die Gew\u00e4hrleistung fairer und transparenter Verarbeitungsvorg\u00e4nge ist f\u00fcr die AEROTHRIVE GmbH \u00e4u\u00dferst wichtig. Aus diesem Grund ist es uns wichtig, dass Sie als betroffene Person neben dem Widerspruchsrecht die folgenden Rechte aus\u00fcben k\u00f6nnen, sofern die jeweiligen gesetzlichen Voraussetzungen erf\u00fcllt sind: <br\/><br\/>\u2022 Auskunftsrecht gem\u00e4\u00df Artikel 15 der DSGVO<br\/>\u2022 Recht auf Berichtigung gem\u00e4\u00df Artikel 16 der DSGVO<br\/>\u2022 Recht auf L\u00f6schung (\u201eRecht auf Vergessenwerden\u201c) gem\u00e4\u00df Artikel 17 der DSGVO<br\/>\u2022 Recht auf Einschr\u00e4nkung der Verarbeitung gem\u00e4\u00df Artikel 18 der DSGVO<br\/>\u2022 Recht auf Daten\u00fcbertragbarkeit gem\u00e4\u00df Artikel 20 der DSGVO<br\/><br\/>Zur Aus\u00fcbung Ihrer Rechte senden Sie einfach eine E-Mail an <a href=\"mailto:ceo@AEROTHRIVE.com\">ceo@AEROTHRIVE.com<\/a>. In diesem Fall m\u00f6chten wir darauf hinweisen, dass wir zur Bearbeitung Ihrer Anfrage und zu Ihrer Identifizierung Ihre personenbezogenen Daten gem\u00e4\u00df Artikel 6 Absatz 1 Buchstabe c der DSGVO verarbeiten werden.<br\/>Dar\u00fcber hinaus haben Sie das Recht, eine Beschwerde bei einer Aufsichtsbeh\u00f6rde einzureichen. Die f\u00fcr die AEROTHRIVE GmbH zust\u00e4ndige Aufsichtsbeh\u00f6rde ist:  <br\/><br\/><strong>Landesdatenschutzbeauftragter Schleswig-Holstein<\/strong><br\/><strong>Postfach 71 16<\/strong><br\/><strong>24171 Kiel<\/strong><br\/><br\/>E-Mail: <a href=\"https:\/\/www.datenschutzexperte.de\/landesdatenschutzbeauftragter-schleswig-holstein\/\">mail@datenschutzzentrum.de<\/a><br\/>Telefon: +49 (0)431 988-1200<br\/>Telefax: +49 (0)431 988-1223<\/li>\n\n\n\n<li><strong>Einwilligung<\/strong><br\/>Wenn Sie uns Ihre Einwilligung zur Verarbeitung Ihrer personenbezogenen Daten erteilt haben, informieren wir Sie hiermit, dass Sie das Recht haben, diese Einwilligung jederzeit zu widerrufen.<br\/>Wenn Sie Ihre Einwilligung auf dieser Website erteilt haben, besuchen Sie bitte die Seite, auf der Sie urspr\u00fcnglich Ihre Einwilligung erteilt haben. <br\/>In allen anderen F\u00e4llen oder wenn Sie Schwierigkeiten beim Widerruf Ihrer Einwilligung auf dieser Website haben, k\u00f6nnen Sie eine E-Mail an <a href=\"mailto:ceo@AEROTHRIVE.com\">ceo@AEROTHRIVE.com<\/a> senden.<br\/><br\/>Bitte beachten Sie, dass der Widerruf der Einwilligung nur f\u00fcr die Zukunft gilt und die Rechtm\u00e4\u00dfigkeit der aufgrund der Einwilligung bis zum Widerruf erfolgten Verarbeitung nicht ber\u00fchrt. In bestimmten F\u00e4llen k\u00f6nnen wir trotz Ihres Widerrufs berechtigt sein, Ihre personenbezogenen Daten auf einer anderen Rechtsgrundlage \u2013 wie z. B. zur Erf\u00fcllung eines Vertrages \u2013 weiter zu verarbeiten. <\/li>\n\n\n\n<li><strong>Haftungsausschluss und Grenzen dieser Datenschutzerkl\u00e4rung<\/strong><br\/>Die in dieser Datenschutzerkl\u00e4rung enthaltenen Informationen zum Datenschutz gelten nur f\u00fcr die Datenverarbeitung auf der Website <a href=\"http:\/\/www.aerothrive.com\/\">www.AEROTHRIVE.com<\/a>. Andere Websites sind von dieser Datenschutzerkl\u00e4rung nicht abgedeckt und stellen ihre eigene spezifische Datenschutzerkl\u00e4rung bereit. <br\/><br\/><\/li>\n<\/ol>\n<\/div>\n","protected":false},"excerpt":{"rendered":"<p>Datenschutzerkl\u00e4rung<\/p>\n","protected":false},"author":5,"featured_media":0,"parent":0,"menu_order":0,"comment_status":"closed","ping_status":"closed","template":"","meta":{"_acf_changed":false,"footnotes":""},"class_list":["post-38652","page","type-page","status-publish","hentry"],"yoast_head":"<!-- This site is optimized with the Yoast SEO plugin v27.4 - https:\/\/yoast.com\/product\/yoast-seo-wordpress\/ -->\n<title>Datenschutzerkl\u00e4rung | AEROTHRIVE<\/title>\n<meta name=\"robots\" content=\"index, follow, max-snippet:-1, max-image-preview:large, max-video-preview:-1\" \/>\n<link rel=\"canonical\" href=\"https:\/\/aerothrive.com\/de\/datenschutzerklaerung\/\" \/>\n<meta property=\"og:locale\" content=\"de_DE\" \/>\n<meta property=\"og:type\" content=\"article\" \/>\n<meta property=\"og:title\" content=\"Datenschutzerkl\u00e4rung | AEROTHRIVE\" \/>\n<meta property=\"og:description\" content=\"Datenschutzerkl\u00e4rung\" \/>\n<meta property=\"og:url\" content=\"https:\/\/aerothrive.com\/de\/datenschutzerklaerung\/\" \/>\n<meta property=\"og:site_name\" content=\"AEROTHRIVE\" \/>\n<meta property=\"article:modified_time\" content=\"2026-03-12T14:53:56+00:00\" \/>\n<meta name=\"twitter:card\" content=\"summary_large_image\" \/>\n<meta name=\"twitter:label1\" content=\"Gesch\u00e4tzte Lesezeit\" \/>\n\t<meta name=\"twitter:data1\" content=\"9\u00a0Minuten\" \/>\n<script type=\"application\/ld+json\" class=\"yoast-schema-graph\">{\"@context\":\"https:\\\/\\\/schema.org\",\"@graph\":[{\"@type\":\"WebPage\",\"@id\":\"https:\\\/\\\/aerothrive.com\\\/de\\\/datenschutzerklaerung\\\/\",\"url\":\"https:\\\/\\\/aerothrive.com\\\/de\\\/datenschutzerklaerung\\\/\",\"name\":\"Datenschutzerkl\u00e4rung | AEROTHRIVE\",\"isPartOf\":{\"@id\":\"https:\\\/\\\/aerothrive.com\\\/de\\\/#website\"},\"datePublished\":\"2024-01-23T08:56:49+00:00\",\"dateModified\":\"2026-03-12T14:53:56+00:00\",\"breadcrumb\":{\"@id\":\"https:\\\/\\\/aerothrive.com\\\/de\\\/datenschutzerklaerung\\\/#breadcrumb\"},\"inLanguage\":\"de\",\"potentialAction\":[{\"@type\":\"ReadAction\",\"target\":[\"https:\\\/\\\/aerothrive.com\\\/de\\\/datenschutzerklaerung\\\/\"]}]},{\"@type\":\"BreadcrumbList\",\"@id\":\"https:\\\/\\\/aerothrive.com\\\/de\\\/datenschutzerklaerung\\\/#breadcrumb\",\"itemListElement\":[{\"@type\":\"ListItem\",\"position\":1,\"name\":\"Home\",\"item\":\"https:\\\/\\\/aerothrive.com\\\/de\\\/\"},{\"@type\":\"ListItem\",\"position\":2,\"name\":\"Datenschutzerkl\u00e4rung\"}]},{\"@type\":\"WebSite\",\"@id\":\"https:\\\/\\\/aerothrive.com\\\/de\\\/#website\",\"url\":\"https:\\\/\\\/aerothrive.com\\\/de\\\/\",\"name\":\"AEROTHRIVE\",\"description\":\"Global Aviation Excellence\",\"publisher\":{\"@id\":\"https:\\\/\\\/aerothrive.com\\\/de\\\/#organization\"},\"alternateName\":\"AEROTHRIVE\",\"potentialAction\":[{\"@type\":\"SearchAction\",\"target\":{\"@type\":\"EntryPoint\",\"urlTemplate\":\"https:\\\/\\\/aerothrive.com\\\/de\\\/?s={search_term_string}\"},\"query-input\":{\"@type\":\"PropertyValueSpecification\",\"valueRequired\":true,\"valueName\":\"search_term_string\"}}],\"inLanguage\":\"de\"},{\"@type\":\"Organization\",\"@id\":\"https:\\\/\\\/aerothrive.com\\\/de\\\/#organization\",\"name\":\"AEROTHRIVE GmbH\",\"url\":\"https:\\\/\\\/aerothrive.com\\\/de\\\/\",\"logo\":{\"@type\":\"ImageObject\",\"inLanguage\":\"de\",\"@id\":\"https:\\\/\\\/aerothrive.com\\\/de\\\/#\\\/schema\\\/logo\\\/image\\\/\",\"url\":\"https:\\\/\\\/aerothrive.com\\\/wp-content\\\/uploads\\\/2024\\\/01\\\/aerothrive-logo.png\",\"contentUrl\":\"https:\\\/\\\/aerothrive.com\\\/wp-content\\\/uploads\\\/2024\\\/01\\\/aerothrive-logo.png\",\"width\":3508,\"height\":2480,\"caption\":\"AEROTHRIVE GmbH\"},\"image\":{\"@id\":\"https:\\\/\\\/aerothrive.com\\\/de\\\/#\\\/schema\\\/logo\\\/image\\\/\"}}]}<\/script>\n<!-- \/ Yoast SEO plugin. -->","yoast_head_json":{"title":"Datenschutzerkl\u00e4rung | AEROTHRIVE","robots":{"index":"index","follow":"follow","max-snippet":"max-snippet:-1","max-image-preview":"max-image-preview:large","max-video-preview":"max-video-preview:-1"},"canonical":"https:\/\/aerothrive.com\/de\/datenschutzerklaerung\/","og_locale":"de_DE","og_type":"article","og_title":"Datenschutzerkl\u00e4rung | AEROTHRIVE","og_description":"Datenschutzerkl\u00e4rung","og_url":"https:\/\/aerothrive.com\/de\/datenschutzerklaerung\/","og_site_name":"AEROTHRIVE","article_modified_time":"2026-03-12T14:53:56+00:00","twitter_card":"summary_large_image","twitter_misc":{"Gesch\u00e4tzte Lesezeit":"9\u00a0Minuten"},"schema":{"@context":"https:\/\/schema.org","@graph":[{"@type":"WebPage","@id":"https:\/\/aerothrive.com\/de\/datenschutzerklaerung\/","url":"https:\/\/aerothrive.com\/de\/datenschutzerklaerung\/","name":"Datenschutzerkl\u00e4rung | AEROTHRIVE","isPartOf":{"@id":"https:\/\/aerothrive.com\/de\/#website"},"datePublished":"2024-01-23T08:56:49+00:00","dateModified":"2026-03-12T14:53:56+00:00","breadcrumb":{"@id":"https:\/\/aerothrive.com\/de\/datenschutzerklaerung\/#breadcrumb"},"inLanguage":"de","potentialAction":[{"@type":"ReadAction","target":["https:\/\/aerothrive.com\/de\/datenschutzerklaerung\/"]}]},{"@type":"BreadcrumbList","@id":"https:\/\/aerothrive.com\/de\/datenschutzerklaerung\/#breadcrumb","itemListElement":[{"@type":"ListItem","position":1,"name":"Home","item":"https:\/\/aerothrive.com\/de\/"},{"@type":"ListItem","position":2,"name":"Datenschutzerkl\u00e4rung"}]},{"@type":"WebSite","@id":"https:\/\/aerothrive.com\/de\/#website","url":"https:\/\/aerothrive.com\/de\/","name":"AEROTHRIVE","description":"Global Aviation Excellence","publisher":{"@id":"https:\/\/aerothrive.com\/de\/#organization"},"alternateName":"AEROTHRIVE","potentialAction":[{"@type":"SearchAction","target":{"@type":"EntryPoint","urlTemplate":"https:\/\/aerothrive.com\/de\/?s={search_term_string}"},"query-input":{"@type":"PropertyValueSpecification","valueRequired":true,"valueName":"search_term_string"}}],"inLanguage":"de"},{"@type":"Organization","@id":"https:\/\/aerothrive.com\/de\/#organization","name":"AEROTHRIVE GmbH","url":"https:\/\/aerothrive.com\/de\/","logo":{"@type":"ImageObject","inLanguage":"de","@id":"https:\/\/aerothrive.com\/de\/#\/schema\/logo\/image\/","url":"https:\/\/aerothrive.com\/wp-content\/uploads\/2024\/01\/aerothrive-logo.png","contentUrl":"https:\/\/aerothrive.com\/wp-content\/uploads\/2024\/01\/aerothrive-logo.png","width":3508,"height":2480,"caption":"AEROTHRIVE GmbH"},"image":{"@id":"https:\/\/aerothrive.com\/de\/#\/schema\/logo\/image\/"}}]}},"acf":[],"_links":{"self":[{"href":"https:\/\/aerothrive.com\/de\/wp-json\/wp\/v2\/pages\/38652","targetHints":{"allow":["GET"]}}],"collection":[{"href":"https:\/\/aerothrive.com\/de\/wp-json\/wp\/v2\/pages"}],"about":[{"href":"https:\/\/aerothrive.com\/de\/wp-json\/wp\/v2\/types\/page"}],"author":[{"embeddable":true,"href":"https:\/\/aerothrive.com\/de\/wp-json\/wp\/v2\/users\/5"}],"replies":[{"embeddable":true,"href":"https:\/\/aerothrive.com\/de\/wp-json\/wp\/v2\/comments?post=38652"}],"version-history":[{"count":1,"href":"https:\/\/aerothrive.com\/de\/wp-json\/wp\/v2\/pages\/38652\/revisions"}],"predecessor-version":[{"id":38653,"href":"https:\/\/aerothrive.com\/de\/wp-json\/wp\/v2\/pages\/38652\/revisions\/38653"}],"wp:attachment":[{"href":"https:\/\/aerothrive.com\/de\/wp-json\/wp\/v2\/media?parent=38652"}],"curies":[{"name":"wp","href":"https:\/\/api.w.org\/{rel}","templated":true}]}}