{"id":38642,"date":"2024-02-20T09:38:47","date_gmt":"2024-02-20T08:38:47","guid":{"rendered":"https:\/\/stage.aerothrive.com\/behoerden-organisationen\/"},"modified":"2026-03-12T15:52:32","modified_gmt":"2026-03-12T14:52:32","slug":"behoerden-organisationen","status":"publish","type":"page","link":"https:\/\/aerothrive.com\/de\/behoerden-organisationen\/","title":{"rendered":"Beh\u00f6rden &amp; Organisationen"},"content":{"rendered":"\n<div  class=\" f4-block-hero-header is-layout-constrained has-content alignfull\"   >\n    <div class=\"block-media\">\n            <\/div>\n    <div class=\"block-content\">\n            <div class=\"acf-innerblocks-container\">\n\n<h1 class=\"wp-block-heading\">Beh\u00f6rden &amp; Organisationen<\/h1>\n\n\n\n<div class=\"wp-block-columns is-layout-flex wp-container-core-columns-is-layout-9d6595d7 wp-block-columns-is-layout-flex\">\n<div class=\"wp-block-column is-layout-flow wp-block-column-is-layout-flow\">\n<p class=\"is-style-h5\">Die St\u00e4rkung von Luftfahrtbeh\u00f6rden, Aufsichtsbeh\u00f6rden und verwandten Organisationen durch f\u00fchrende Branchenpraktiken, Erkenntnisse und Expertise steht im Mittelpunkt der Mission von AEROTHRIVE.<\/p>\n<\/div>\n\n\n\n<div class=\"wp-block-column is-layout-flow wp-block-column-is-layout-flow\"><\/div>\n<\/div>\n\n<\/div>    <\/div>\n<\/div>\n\n<div class=\"wp-block-group is-layout-constrained wp-block-group-is-layout-constrained\" style=\"padding-top:0;padding-bottom:0\">\n<div class=\"wp-block-group is-layout-constrained wp-block-group-is-layout-constrained\" style=\"padding-top:var(--wp--preset--spacing--default);padding-bottom:var(--wp--preset--spacing--default)\">\n<div class=\"wp-block-media-text is-stacked-on-mobile is-image-fill\" style=\"margin-top:var(--wp--preset--spacing--medium);margin-bottom:var(--wp--preset--spacing--default)\"><figure class=\"wp-block-media-text__media\" style=\"background-image:url(https:\/\/aerothrive.com\/wp-content\/uploads\/2024\/03\/hzfzrhf-1024x539.jpg);background-position:50% 50%\"><img loading=\"lazy\" decoding=\"async\" width=\"1024\" height=\"539\" src=\"https:\/\/aerothrive.com\/wp-content\/uploads\/2024\/03\/hzfzrhf-1024x539.jpg\" alt=\"\" class=\"wp-image-37209 size-teaser-big\" srcset=\"https:\/\/aerothrive.com\/wp-content\/uploads\/2024\/03\/hzfzrhf-1024x539.jpg 1024w, https:\/\/aerothrive.com\/wp-content\/uploads\/2024\/03\/hzfzrhf-300x158.jpg 300w, https:\/\/aerothrive.com\/wp-content\/uploads\/2024\/03\/hzfzrhf-1536x809.jpg 1536w, https:\/\/aerothrive.com\/wp-content\/uploads\/2024\/03\/hzfzrhf-2048x1079.jpg 2048w\" sizes=\"auto, (max-width: 1024px) 100vw, 1024px\" \/><\/figure><div class=\"wp-block-media-text__content\">\n<h3 class=\"wp-block-heading is-style-default\">Training<\/h3>\n\n\n\n<p class=\"is-style-p-large\">Das AEROTHRIVE-Trainingsprogramm bietet ein umfassendes Portfolio spezialisierter Kurse in den Bereichen Auditierung, Compliance, Sicherheitsmanagement, Human Factors und Fatigue Management sowie weiteren Themen.<\/p>\n\n\n\n<div class=\"wp-block-buttons is-layout-flex wp-block-buttons-is-layout-flex\">\n<div class=\"wp-block-button is-style-text has-icon--circle-outline-arrow-right--primary icon-position--left\"><a class=\"wp-block-button__link wp-element-button\" href=\"https:\/\/aerothrive.com\/de\/training-2\/\">Mehr<\/a><\/div>\n<\/div>\n<\/div><\/div>\n\n\n\n<div class=\"wp-block-media-text has-media-on-the-right is-stacked-on-mobile is-image-fill\" style=\"margin-top:var(--wp--preset--spacing--default);margin-bottom:var(--wp--preset--spacing--default)\"><div class=\"wp-block-media-text__content\">\n<h3 class=\"wp-block-heading is-style-default\">Audits<\/h3>\n\n\n\n<p class=\"is-style-p-large\">Unser Team umfasst zahlreiche leitende Luftfahrtauditoren, die jeweils \u00fcber umfangreiche Erfahrung verf\u00fcgen. So stellen wir sicher, dass wir \u00fcber die unvergleichlichen F\u00e4higkeiten, die Expertise und die Ressourcen verf\u00fcgen, um Fluggesellschaften weltweit erstklassige Auditdienstleistungen anzubieten. Entdecken Sie die Bandbreite unserer Audit-Services! <\/p>\n\n\n\n<div class=\"wp-block-buttons is-layout-flex wp-block-buttons-is-layout-flex\">\n<div class=\"wp-block-button is-style-text has-icon--circle-outline-arrow-right--primary icon-position--left\"><a class=\"wp-block-button__link wp-element-button\" href=\"https:\/\/aerothrive.com\/de\/home-2\/\">Mehr<\/a><\/div>\n<\/div>\n<\/div><figure class=\"wp-block-media-text__media\" style=\"background-image:url(https:\/\/aerothrive.com\/wp-content\/uploads\/2024\/03\/aewrgrew-1024x539.jpg);background-position:50% 50%\"><img loading=\"lazy\" decoding=\"async\" width=\"1024\" height=\"539\" src=\"https:\/\/aerothrive.com\/wp-content\/uploads\/2024\/03\/aewrgrew-1024x539.jpg\" alt=\"\" class=\"wp-image-37212 size-full\" srcset=\"https:\/\/aerothrive.com\/wp-content\/uploads\/2024\/03\/aewrgrew-1024x539.jpg 1024w, https:\/\/aerothrive.com\/wp-content\/uploads\/2024\/03\/aewrgrew-300x158.jpg 300w, https:\/\/aerothrive.com\/wp-content\/uploads\/2024\/03\/aewrgrew-1536x809.jpg 1536w, https:\/\/aerothrive.com\/wp-content\/uploads\/2024\/03\/aewrgrew-2048x1079.jpg 2048w\" sizes=\"auto, (max-width: 1024px) 100vw, 1024px\" \/><\/figure><\/div>\n\n\n\n<div class=\"wp-block-media-text is-stacked-on-mobile is-image-fill\" style=\"margin-top:var(--wp--preset--spacing--medium);margin-bottom:var(--wp--preset--spacing--default)\"><figure class=\"wp-block-media-text__media\" style=\"background-image:url(https:\/\/aerothrive.com\/wp-content\/uploads\/2024\/03\/qwefwfe-1024x539.jpg);background-position:50% 50%\"><img loading=\"lazy\" decoding=\"async\" width=\"1024\" height=\"539\" src=\"https:\/\/aerothrive.com\/wp-content\/uploads\/2024\/03\/qwefwfe-1024x539.jpg\" alt=\"\" class=\"wp-image-37214 size-teaser-big\" srcset=\"https:\/\/aerothrive.com\/wp-content\/uploads\/2024\/03\/qwefwfe-1024x539.jpg 1024w, https:\/\/aerothrive.com\/wp-content\/uploads\/2024\/03\/qwefwfe-300x158.jpg 300w, https:\/\/aerothrive.com\/wp-content\/uploads\/2024\/03\/qwefwfe-1536x809.jpg 1536w, https:\/\/aerothrive.com\/wp-content\/uploads\/2024\/03\/qwefwfe-2048x1078.jpg 2048w\" sizes=\"auto, (max-width: 1024px) 100vw, 1024px\" \/><\/figure><div class=\"wp-block-media-text__content\">\n<h3 class=\"wp-block-heading is-style-default\">Beratung<\/h3>\n\n\n\n<p class=\"is-style-p-large\">Wir sind darauf spezialisiert, Fluggesellschaften auf IOSA, ISSA, SARPcheck, BARS und andere Auditprogramme vorzubereiten sowie Sicherheitsmanagementsysteme (SMS) zu implementieren. Unsere Leistungen unterst\u00fctzen Fluggesellschaften weltweit und verbessern deren Sicherheit und operative Effizienz. <\/p>\n\n\n\n<div class=\"wp-block-buttons is-layout-flex wp-block-buttons-is-layout-flex\">\n<div class=\"wp-block-button is-style-text has-icon--circle-outline-arrow-right--primary icon-position--left\"><a class=\"wp-block-button__link wp-element-button\" href=\"https:\/\/aerothrive.com\/consulting\/\">Mehr<\/a><\/div>\n<\/div>\n<\/div><\/div>\n<\/div>\n<\/div>\n\n<div class=\"wp-block-group is-layout-flow wp-block-group-is-layout-flow\" style=\"margin-top:var(--wp--preset--spacing--medium);margin-bottom:var(--wp--preset--spacing--medium);padding-top:0;padding-bottom:0\">\n<div class=\"wp-block-columns is-layout-flex wp-container-core-columns-is-layout-9d6595d7 wp-block-columns-is-layout-flex\">\n<div class=\"wp-block-column is-layout-flow wp-block-column-is-layout-flow\">\n<h2 class=\"wp-block-heading\">Ihr weltweiter Partner.<br>Kontaktieren Sie uns weltweit.<\/h2>\n<\/div>\n\n\n\n<div class=\"wp-block-column is-layout-flow wp-block-column-is-layout-flow\">\n<p>Unsere Schulungen sowie weltweiten Audit- und Beratungsdienstleistungen erstrecken sich \u00fcber alle Zeitzonen weltweit. Mit Hauptsitz im Herzen Europas bieten wir auch lokalen Support \u00fcber unsere regionalen Niederlassungen, jede mit eigenen Ansprechpartnern. <\/p>\n<\/div>\n<\/div>\n\n\n\n<div  class=\" f4-block-image-with-cards cards-4\"   >\n    <div class=\"f4_img--adaptive card-image\" ><div class=\"f4_img-container f4_img--mobile landscape\" ><img width=\"1524\" height=\"762\" src=\"https:\/\/aerothrive.com\/wp-content\/uploads\/2024\/02\/aerothrive-map.png\" class=\"attachment-16-to-9 size-16-to-9\" alt=\"\" decoding=\"async\" loading=\"lazy\" srcset=\"https:\/\/aerothrive.com\/wp-content\/uploads\/2024\/02\/aerothrive-map.png 1524w, https:\/\/aerothrive.com\/wp-content\/uploads\/2024\/02\/aerothrive-map-300x150.png 300w, https:\/\/aerothrive.com\/wp-content\/uploads\/2024\/02\/aerothrive-map-1024x512.png 1024w\" sizes=\"auto, (max-width: 1524px) 100vw, 1524px\" \/><\/div><div class=\"f4_img-container f4_img--desktop landscape\" ><img width=\"1524\" height=\"762\" src=\"https:\/\/aerothrive.com\/wp-content\/uploads\/2024\/02\/aerothrive-map.png\" class=\"attachment-16-to-9 size-16-to-9\" alt=\"\" decoding=\"async\" loading=\"lazy\" srcset=\"https:\/\/aerothrive.com\/wp-content\/uploads\/2024\/02\/aerothrive-map.png 1524w, https:\/\/aerothrive.com\/wp-content\/uploads\/2024\/02\/aerothrive-map-300x150.png 300w, https:\/\/aerothrive.com\/wp-content\/uploads\/2024\/02\/aerothrive-map-1024x512.png 1024w\" sizes=\"auto, (max-width: 1524px) 100vw, 1524px\" \/><\/div><\/div><div class=\"cards-wrapper\"><div class=\"single-card\"><h3 class=\"hero-card-headline is-style-h4\">Amerika<\/h3><div class=\"hero-card-text\"><p>Miami, \u00d6stliche Standardzeit (EST)<br \/>\n&amp; \u00d6stliche Sommerzeit (EDT)<\/p>\n<p>E-Mail:<br \/>\n<a href=\"mailto:Americas@AEROTHRIVE.com\">Americas@AEROTHRIVE.com<\/a><\/p>\n<p>Telefon:<br \/>\n<span>+49 156 79267670<\/span><span><\/span><\/p>\n<p>&nbsp;<\/p>\n<\/div><div class=\"wp-block-buttons is-layout-flex wp-block-buttons-is-layout-flex\"><div class=\"wp-block-button is-style-text has-icon--circle-outline-arrow-right--primary icon-position--left\"><a class=\"wp-block-button__link wp-element-button\" target=\"\" href=\"https:\/\/aerothrive.com\/de\/kontakt\/\">Kontakt<\/a><\/div><\/div><\/div><div class=\"single-card\"><h3 class=\"hero-card-headline is-style-h4\">Europa, Afrika<\/h3><div class=\"hero-card-text\"><p>Hamburg, Mitteleurop\u00e4ische Zeit (CET)<br \/>\n&amp; Mitteleurop\u00e4ische Sommerzeit (CEST)<\/p>\n<p>E-Mail:<br \/>\n<a href=\"mailto:hello@AEROTHRIVE.com\">hello@AEROTHRIVE.com<\/a><\/p>\n<p>Telefon:<br \/>\n<span>+49 156 79267670<\/span><span><\/span><\/p>\n<\/div><div class=\"wp-block-buttons is-layout-flex wp-block-buttons-is-layout-flex\"><div class=\"wp-block-button is-style-text has-icon--circle-outline-arrow-right--primary icon-position--left\"><a class=\"wp-block-button__link wp-element-button\" target=\"\" href=\"https:\/\/aerothrive.com\/de\/kontakt\/\">Kontakt<\/a><\/div><\/div><\/div><div class=\"single-card\"><h3 class=\"hero-card-headline is-style-h4\">Naher Osten<\/h3><div class=\"hero-card-text\"><p>Dubai,<br \/>\nGolf-Standardzeit (GST)<\/p>\n<p>E-Mail:<br \/>\n<a href=\"mailto:AfricaMidEast@AEROTHRIVE.com\">AfricaMidEast@AEROTHRIVE.com<\/a><\/p>\n<p>Telefon:<br \/>\n<span>+49 156 79267670<\/span><span><\/span><\/p>\n<\/div><div class=\"wp-block-buttons is-layout-flex wp-block-buttons-is-layout-flex\"><div class=\"wp-block-button is-style-text has-icon--circle-outline-arrow-right--primary icon-position--left\"><a class=\"wp-block-button__link wp-element-button\" target=\"\" href=\"https:\/\/aerothrive.com\/de\/kontakt\/\">Kontakt<\/a><\/div><\/div><\/div><div class=\"single-card\"><h3 class=\"hero-card-headline is-style-h4\">Australien, Ferner Osten, Pazifik<\/h3><div class=\"hero-card-text\"><p>Hongkong,<br \/>\nHongkong-Zeit (HKT)<\/p>\n<p>E-Mail:<br \/>\n<a href=\"mailto:AustraliaFarEast@AEROTHRIVE.com\">AustraliaFarEast@AEROTHRIVE.com<\/a><\/p>\n<p>Telefon:<br \/>\n<span>+49 156 79267670<\/span><span><\/span><\/p>\n<\/div><div class=\"wp-block-buttons is-layout-flex wp-block-buttons-is-layout-flex\"><div class=\"wp-block-button is-style-text has-icon--circle-outline-arrow-right--primary icon-position--left\"><a class=\"wp-block-button__link wp-element-button\" target=\"\" href=\"https:\/\/aerothrive.com\/de\/kontakt\/\">Kontakt<\/a><\/div><\/div><\/div><\/div><\/div>\n<\/div>\n","protected":false},"excerpt":{"rendered":"<p>Training Das AEROTHRIVE-Trainingsprogramm bietet ein umfassendes Portfolio spezialisierter Kurse in den Bereichen Auditierung, Compliance, Sicherheitsmanagement, Human Factors und Fatigue Management sowie weiteren Themen. Audits Unser Team umfasst zahlreiche leitende Luftfahrtauditoren, die jeweils \u00fcber umfangreiche Erfahrung verf\u00fcgen. So stellen wir sicher, dass wir \u00fcber die unvergleichlichen F\u00e4higkeiten, die Expertise und die Ressourcen verf\u00fcgen, um Fluggesellschaften weltweit [&hellip;]<\/p>\n","protected":false},"author":1,"featured_media":0,"parent":0,"menu_order":0,"comment_status":"closed","ping_status":"closed","template":"","meta":{"_acf_changed":false,"footnotes":""},"class_list":["post-38642","page","type-page","status-publish","hentry"],"yoast_head":"<!-- This site is optimized with the Yoast SEO plugin v27.4 - https:\/\/yoast.com\/product\/yoast-seo-wordpress\/ -->\n<title>Beh\u00f6rden &amp; Organisationen | AEROTHRIVE<\/title>\n<meta name=\"robots\" content=\"index, follow, max-snippet:-1, max-image-preview:large, max-video-preview:-1\" \/>\n<link rel=\"canonical\" href=\"https:\/\/aerothrive.com\/de\/behoerden-organisationen\/\" \/>\n<meta property=\"og:locale\" content=\"de_DE\" \/>\n<meta property=\"og:type\" content=\"article\" \/>\n<meta property=\"og:title\" content=\"Beh\u00f6rden &amp; Organisationen | AEROTHRIVE\" \/>\n<meta property=\"og:description\" content=\"Training Das AEROTHRIVE-Trainingsprogramm bietet ein umfassendes Portfolio spezialisierter Kurse in den Bereichen Auditierung, Compliance, Sicherheitsmanagement, Human Factors und Fatigue Management sowie weiteren Themen. Audits Unser Team umfasst zahlreiche leitende Luftfahrtauditoren, die jeweils \u00fcber umfangreiche Erfahrung verf\u00fcgen. So stellen wir sicher, dass wir \u00fcber die unvergleichlichen F\u00e4higkeiten, die Expertise und die Ressourcen verf\u00fcgen, um Fluggesellschaften weltweit [&hellip;]\" \/>\n<meta property=\"og:url\" content=\"https:\/\/aerothrive.com\/de\/behoerden-organisationen\/\" \/>\n<meta property=\"og:site_name\" content=\"AEROTHRIVE\" \/>\n<meta property=\"article:modified_time\" content=\"2026-03-12T14:52:32+00:00\" \/>\n<meta property=\"og:image\" content=\"https:\/\/aerothrive.com\/wp-content\/uploads\/2024\/03\/hzfzrhf-scaled.jpg\" \/>\n\t<meta property=\"og:image:width\" content=\"2560\" \/>\n\t<meta property=\"og:image:height\" content=\"1348\" \/>\n\t<meta property=\"og:image:type\" content=\"image\/jpeg\" \/>\n<meta name=\"twitter:card\" content=\"summary_large_image\" \/>\n<meta name=\"twitter:label1\" content=\"Gesch\u00e4tzte Lesezeit\" \/>\n\t<meta name=\"twitter:data1\" content=\"1\u00a0Minute\" \/>\n<script type=\"application\/ld+json\" class=\"yoast-schema-graph\">{\"@context\":\"https:\\\/\\\/schema.org\",\"@graph\":[{\"@type\":\"WebPage\",\"@id\":\"https:\\\/\\\/aerothrive.com\\\/de\\\/behoerden-organisationen\\\/\",\"url\":\"https:\\\/\\\/aerothrive.com\\\/de\\\/behoerden-organisationen\\\/\",\"name\":\"Beh\u00f6rden &amp; Organisationen | AEROTHRIVE\",\"isPartOf\":{\"@id\":\"https:\\\/\\\/aerothrive.com\\\/de\\\/#website\"},\"primaryImageOfPage\":{\"@id\":\"https:\\\/\\\/aerothrive.com\\\/de\\\/behoerden-organisationen\\\/#primaryimage\"},\"image\":{\"@id\":\"https:\\\/\\\/aerothrive.com\\\/de\\\/behoerden-organisationen\\\/#primaryimage\"},\"thumbnailUrl\":\"https:\\\/\\\/aerothrive.com\\\/wp-content\\\/uploads\\\/2024\\\/03\\\/hzfzrhf-1024x539.jpg\",\"datePublished\":\"2024-02-20T08:38:47+00:00\",\"dateModified\":\"2026-03-12T14:52:32+00:00\",\"breadcrumb\":{\"@id\":\"https:\\\/\\\/aerothrive.com\\\/de\\\/behoerden-organisationen\\\/#breadcrumb\"},\"inLanguage\":\"de\",\"potentialAction\":[{\"@type\":\"ReadAction\",\"target\":[\"https:\\\/\\\/aerothrive.com\\\/de\\\/behoerden-organisationen\\\/\"]}]},{\"@type\":\"ImageObject\",\"inLanguage\":\"de\",\"@id\":\"https:\\\/\\\/aerothrive.com\\\/de\\\/behoerden-organisationen\\\/#primaryimage\",\"url\":\"https:\\\/\\\/aerothrive.com\\\/wp-content\\\/uploads\\\/2024\\\/03\\\/hzfzrhf-1024x539.jpg\",\"contentUrl\":\"https:\\\/\\\/aerothrive.com\\\/wp-content\\\/uploads\\\/2024\\\/03\\\/hzfzrhf-1024x539.jpg\"},{\"@type\":\"BreadcrumbList\",\"@id\":\"https:\\\/\\\/aerothrive.com\\\/de\\\/behoerden-organisationen\\\/#breadcrumb\",\"itemListElement\":[{\"@type\":\"ListItem\",\"position\":1,\"name\":\"Home\",\"item\":\"https:\\\/\\\/aerothrive.com\\\/de\\\/\"},{\"@type\":\"ListItem\",\"position\":2,\"name\":\"Beh\u00f6rden &amp; Organisationen\"}]},{\"@type\":\"WebSite\",\"@id\":\"https:\\\/\\\/aerothrive.com\\\/de\\\/#website\",\"url\":\"https:\\\/\\\/aerothrive.com\\\/de\\\/\",\"name\":\"AEROTHRIVE\",\"description\":\"Global Aviation Excellence\",\"publisher\":{\"@id\":\"https:\\\/\\\/aerothrive.com\\\/de\\\/#organization\"},\"alternateName\":\"AEROTHRIVE\",\"potentialAction\":[{\"@type\":\"SearchAction\",\"target\":{\"@type\":\"EntryPoint\",\"urlTemplate\":\"https:\\\/\\\/aerothrive.com\\\/de\\\/?s={search_term_string}\"},\"query-input\":{\"@type\":\"PropertyValueSpecification\",\"valueRequired\":true,\"valueName\":\"search_term_string\"}}],\"inLanguage\":\"de\"},{\"@type\":\"Organization\",\"@id\":\"https:\\\/\\\/aerothrive.com\\\/de\\\/#organization\",\"name\":\"AEROTHRIVE GmbH\",\"url\":\"https:\\\/\\\/aerothrive.com\\\/de\\\/\",\"logo\":{\"@type\":\"ImageObject\",\"inLanguage\":\"de\",\"@id\":\"https:\\\/\\\/aerothrive.com\\\/de\\\/#\\\/schema\\\/logo\\\/image\\\/\",\"url\":\"https:\\\/\\\/aerothrive.com\\\/wp-content\\\/uploads\\\/2024\\\/01\\\/aerothrive-logo.png\",\"contentUrl\":\"https:\\\/\\\/aerothrive.com\\\/wp-content\\\/uploads\\\/2024\\\/01\\\/aerothrive-logo.png\",\"width\":3508,\"height\":2480,\"caption\":\"AEROTHRIVE GmbH\"},\"image\":{\"@id\":\"https:\\\/\\\/aerothrive.com\\\/de\\\/#\\\/schema\\\/logo\\\/image\\\/\"}}]}<\/script>\n<!-- \/ Yoast SEO plugin. -->","yoast_head_json":{"title":"Beh\u00f6rden &amp; Organisationen | AEROTHRIVE","robots":{"index":"index","follow":"follow","max-snippet":"max-snippet:-1","max-image-preview":"max-image-preview:large","max-video-preview":"max-video-preview:-1"},"canonical":"https:\/\/aerothrive.com\/de\/behoerden-organisationen\/","og_locale":"de_DE","og_type":"article","og_title":"Beh\u00f6rden &amp; Organisationen | AEROTHRIVE","og_description":"Training Das AEROTHRIVE-Trainingsprogramm bietet ein umfassendes Portfolio spezialisierter Kurse in den Bereichen Auditierung, Compliance, Sicherheitsmanagement, Human Factors und Fatigue Management sowie weiteren Themen. Audits Unser Team umfasst zahlreiche leitende Luftfahrtauditoren, die jeweils \u00fcber umfangreiche Erfahrung verf\u00fcgen. So stellen wir sicher, dass wir \u00fcber die unvergleichlichen F\u00e4higkeiten, die Expertise und die Ressourcen verf\u00fcgen, um Fluggesellschaften weltweit [&hellip;]","og_url":"https:\/\/aerothrive.com\/de\/behoerden-organisationen\/","og_site_name":"AEROTHRIVE","article_modified_time":"2026-03-12T14:52:32+00:00","og_image":[{"width":2560,"height":1348,"url":"https:\/\/aerothrive.com\/wp-content\/uploads\/2024\/03\/hzfzrhf-scaled.jpg","type":"image\/jpeg"}],"twitter_card":"summary_large_image","twitter_misc":{"Gesch\u00e4tzte Lesezeit":"1\u00a0Minute"},"schema":{"@context":"https:\/\/schema.org","@graph":[{"@type":"WebPage","@id":"https:\/\/aerothrive.com\/de\/behoerden-organisationen\/","url":"https:\/\/aerothrive.com\/de\/behoerden-organisationen\/","name":"Beh\u00f6rden &amp; Organisationen | AEROTHRIVE","isPartOf":{"@id":"https:\/\/aerothrive.com\/de\/#website"},"primaryImageOfPage":{"@id":"https:\/\/aerothrive.com\/de\/behoerden-organisationen\/#primaryimage"},"image":{"@id":"https:\/\/aerothrive.com\/de\/behoerden-organisationen\/#primaryimage"},"thumbnailUrl":"https:\/\/aerothrive.com\/wp-content\/uploads\/2024\/03\/hzfzrhf-1024x539.jpg","datePublished":"2024-02-20T08:38:47+00:00","dateModified":"2026-03-12T14:52:32+00:00","breadcrumb":{"@id":"https:\/\/aerothrive.com\/de\/behoerden-organisationen\/#breadcrumb"},"inLanguage":"de","potentialAction":[{"@type":"ReadAction","target":["https:\/\/aerothrive.com\/de\/behoerden-organisationen\/"]}]},{"@type":"ImageObject","inLanguage":"de","@id":"https:\/\/aerothrive.com\/de\/behoerden-organisationen\/#primaryimage","url":"https:\/\/aerothrive.com\/wp-content\/uploads\/2024\/03\/hzfzrhf-1024x539.jpg","contentUrl":"https:\/\/aerothrive.com\/wp-content\/uploads\/2024\/03\/hzfzrhf-1024x539.jpg"},{"@type":"BreadcrumbList","@id":"https:\/\/aerothrive.com\/de\/behoerden-organisationen\/#breadcrumb","itemListElement":[{"@type":"ListItem","position":1,"name":"Home","item":"https:\/\/aerothrive.com\/de\/"},{"@type":"ListItem","position":2,"name":"Beh\u00f6rden &amp; Organisationen"}]},{"@type":"WebSite","@id":"https:\/\/aerothrive.com\/de\/#website","url":"https:\/\/aerothrive.com\/de\/","name":"AEROTHRIVE","description":"Global Aviation Excellence","publisher":{"@id":"https:\/\/aerothrive.com\/de\/#organization"},"alternateName":"AEROTHRIVE","potentialAction":[{"@type":"SearchAction","target":{"@type":"EntryPoint","urlTemplate":"https:\/\/aerothrive.com\/de\/?s={search_term_string}"},"query-input":{"@type":"PropertyValueSpecification","valueRequired":true,"valueName":"search_term_string"}}],"inLanguage":"de"},{"@type":"Organization","@id":"https:\/\/aerothrive.com\/de\/#organization","name":"AEROTHRIVE GmbH","url":"https:\/\/aerothrive.com\/de\/","logo":{"@type":"ImageObject","inLanguage":"de","@id":"https:\/\/aerothrive.com\/de\/#\/schema\/logo\/image\/","url":"https:\/\/aerothrive.com\/wp-content\/uploads\/2024\/01\/aerothrive-logo.png","contentUrl":"https:\/\/aerothrive.com\/wp-content\/uploads\/2024\/01\/aerothrive-logo.png","width":3508,"height":2480,"caption":"AEROTHRIVE GmbH"},"image":{"@id":"https:\/\/aerothrive.com\/de\/#\/schema\/logo\/image\/"}}]}},"acf":[],"_links":{"self":[{"href":"https:\/\/aerothrive.com\/de\/wp-json\/wp\/v2\/pages\/38642","targetHints":{"allow":["GET"]}}],"collection":[{"href":"https:\/\/aerothrive.com\/de\/wp-json\/wp\/v2\/pages"}],"about":[{"href":"https:\/\/aerothrive.com\/de\/wp-json\/wp\/v2\/types\/page"}],"author":[{"embeddable":true,"href":"https:\/\/aerothrive.com\/de\/wp-json\/wp\/v2\/users\/1"}],"replies":[{"embeddable":true,"href":"https:\/\/aerothrive.com\/de\/wp-json\/wp\/v2\/comments?post=38642"}],"version-history":[{"count":1,"href":"https:\/\/aerothrive.com\/de\/wp-json\/wp\/v2\/pages\/38642\/revisions"}],"predecessor-version":[{"id":38643,"href":"https:\/\/aerothrive.com\/de\/wp-json\/wp\/v2\/pages\/38642\/revisions\/38643"}],"wp:attachment":[{"href":"https:\/\/aerothrive.com\/de\/wp-json\/wp\/v2\/media?parent=38642"}],"curies":[{"name":"wp","href":"https:\/\/api.w.org\/{rel}","templated":true}]}}