{"id":38634,"date":"2024-03-22T11:23:19","date_gmt":"2024-03-22T10:23:19","guid":{"rendered":"https:\/\/stage.aerothrive.com\/home-2\/audits-von-subunternehmern\/"},"modified":"2026-03-12T15:51:50","modified_gmt":"2026-03-12T14:51:50","slug":"audits-von-subunternehmern","status":"publish","type":"page","link":"https:\/\/aerothrive.com\/de\/home-2\/audits-von-subunternehmern\/","title":{"rendered":"Audits von Subunternehmern"},"content":{"rendered":"\n<div  class=\" f4-block-hero-header is-layout-constrained alignfull\"   >\n    <div class=\"block-media\">\n            <\/div>\n    <div class=\"block-content\">\n            <div class=\"acf-innerblocks-container\"><\/div>    <\/div>\n<\/div>\n\n<div class=\"wp-block-group is-layout-constrained wp-block-group-is-layout-constrained\" style=\"margin-top:var(--wp--preset--spacing--default);margin-bottom:var(--wp--preset--spacing--default);padding-top:0;padding-bottom:0\">\n<h1 class=\"wp-block-heading is-style-decor-element\">Audits von Subunternehmern<\/h1>\n\n\n\n<div class=\"wp-block-columns is-layout-flex wp-container-core-columns-is-layout-9216ddd0 wp-block-columns-is-layout-flex\" style=\"margin-top:0;margin-bottom:var(--wp--preset--spacing--default)\">\n<div class=\"wp-block-column is-layout-flow wp-block-column-is-layout-flow\">\n<p>Bei <strong>AERO<\/strong>THRIVE erweitern wir unsere Audit-Expertise \u00fcber Fluggesellschaften hinaus und bieten ein umfassendes Spektrum an Audits von Subunternehmern. Unsere Leistungen pr\u00fcfen Bodenabfertigungsdienstleister, Instandhaltungsbetriebe, Trainingsanbieter und weitere kritische Subunternehmer, um sicherzustellen, dass sie Ihre strengen Standards und regulatorischen Anforderungen erf\u00fcllen. Durch die Zusammenarbeit mit <strong>AERO<\/strong>THRIVE erhalten Unternehmen Zugang zu unserem tiefen Branchenwissen und unserer unabh\u00e4ngigen Perspektive \u2013 beides ist entscheidend, um potenzielle Risiken und Verbesserungsm\u00f6glichkeiten zu identifizieren.  <\/p>\n<\/div>\n\n\n\n<div class=\"wp-block-column is-layout-flow wp-block-column-is-layout-flow\">\n<p>Unsere Audits von Subunternehmern sind entscheidend f\u00fcr den Aufbau einer robusten Lieferkette, die Erh\u00f6hung der Betriebssicherheit und die Sicherung der Zuverl\u00e4ssigkeit Ihrer Luftfahrtdienstleistungen. Mit dem externen Audit von <strong>AERO<\/strong>THRIVE nutzen Sie unsere langj\u00e4hrige Expertise, um Exzellenz in Ihrem gesamten Subunternehmernetzwerk zu gew\u00e4hrleisten und sicherzustellen, dass dieses mit Ihrem Anspruch an Qualit\u00e4t und Sicherheit \u00fcbereinstimmt. Entscheiden Sie sich f\u00fcr <strong>AERO<\/strong>THRIVE, damit Ihre Subunternehmer positiv zu Ihrer operativen Integrit\u00e4t und Kundenzufriedenheit beitragen, Ihre Reputation st\u00e4rken und Sie sich im wettbewerbsintensiven Luftfahrtumfeld behaupten.  <\/p>\n<\/div>\n<\/div>\n\n\n\n<div class=\"wp-block-columns is-layout-flex wp-container-core-columns-is-layout-c37af7d3 wp-block-columns-is-layout-flex\" style=\"margin-top:var(--wp--preset--spacing--default)\">\n<div class=\"wp-block-column is-layout-flow wp-block-column-is-layout-flow\">\n<h2 class=\"wp-block-heading\">Zu Ihren Diensten<\/h2>\n\n\n\n<p>Ein Projektstart mit <strong>AERO<\/strong>THRIVE erfolgt nach einem ma\u00dfgeschneiderten Ansatz und beginnt mit einer fundierten Analyse Ihres Bedarfs im Subunternehmermanagement. Wir k\u00f6nnen entweder einen strategischen Auditplan entwickeln, der auf maximale Transparenz ausgerichtet ist, oder den von Ihnen bereits vorhandenen umsetzen. Unsere Vorgehensweise ist kollaborativ \u2013 Ihre Anforderungen geben die Richtung unserer Audits vor. Um zu erfahren, wie wir Ihre Subunternehmeraufsicht st\u00e4rken k\u00f6nnen, und f\u00fcr eine detaillierte \u00dcbersicht unserer Leistungen kontaktieren Sie uns bitte. Arbeiten Sie mit <strong>AERO<\/strong>THRIVE zusammen \u2013 f\u00fcr professionelle Subunternehmer-Audits, die Ihren Exzellenzstandards entsprechen.    <\/p>\n<\/div>\n\n\n\n<div class=\"wp-block-column is-layout-flow wp-block-column-is-layout-flow\">\n<figure class=\"wp-block-image size-full\"><img loading=\"lazy\" decoding=\"async\" width=\"523\" height=\"294\" src=\"https:\/\/aerothrive.com\/wp-content\/uploads\/2024\/01\/Teaser_Audits.jpg\" alt=\"\" class=\"wp-image-35637\" srcset=\"https:\/\/aerothrive.com\/wp-content\/uploads\/2024\/01\/Teaser_Audits.jpg 523w, https:\/\/aerothrive.com\/wp-content\/uploads\/2024\/01\/Teaser_Audits-300x169.jpg 300w\" sizes=\"auto, (max-width: 523px) 100vw, 523px\" \/><\/figure>\n<\/div>\n<\/div>\n<\/div>\n\n<div class=\"wp-block-group is-layout-flow wp-block-group-is-layout-flow\" style=\"margin-top:var(--wp--preset--spacing--medium);margin-bottom:var(--wp--preset--spacing--medium);padding-top:0;padding-bottom:0\">\n<div class=\"wp-block-columns is-layout-flex wp-container-core-columns-is-layout-9d6595d7 wp-block-columns-is-layout-flex\">\n<div class=\"wp-block-column is-layout-flow wp-block-column-is-layout-flow\">\n<h2 class=\"wp-block-heading\">Ihr weltweiter Partner.<br>Kontaktieren Sie uns weltweit.<\/h2>\n<\/div>\n\n\n\n<div class=\"wp-block-column is-layout-flow wp-block-column-is-layout-flow\">\n<p>Unsere Schulungen sowie weltweiten Audit- und Beratungsdienstleistungen erstrecken sich \u00fcber alle Zeitzonen weltweit. Mit Hauptsitz im Herzen Europas bieten wir auch lokalen Support \u00fcber unsere regionalen Niederlassungen, jede mit eigenen Ansprechpartnern. <\/p>\n<\/div>\n<\/div>\n\n\n\n<div  class=\" f4-block-image-with-cards cards-4\"   >\n    <div class=\"f4_img--adaptive card-image\" ><div class=\"f4_img-container f4_img--mobile landscape\" ><img width=\"1524\" height=\"762\" src=\"https:\/\/aerothrive.com\/wp-content\/uploads\/2024\/02\/aerothrive-map.png\" class=\"attachment-16-to-9 size-16-to-9\" alt=\"\" decoding=\"async\" loading=\"lazy\" srcset=\"https:\/\/aerothrive.com\/wp-content\/uploads\/2024\/02\/aerothrive-map.png 1524w, https:\/\/aerothrive.com\/wp-content\/uploads\/2024\/02\/aerothrive-map-300x150.png 300w, https:\/\/aerothrive.com\/wp-content\/uploads\/2024\/02\/aerothrive-map-1024x512.png 1024w\" sizes=\"auto, (max-width: 1524px) 100vw, 1524px\" \/><\/div><div class=\"f4_img-container f4_img--desktop landscape\" ><img width=\"1524\" height=\"762\" src=\"https:\/\/aerothrive.com\/wp-content\/uploads\/2024\/02\/aerothrive-map.png\" class=\"attachment-16-to-9 size-16-to-9\" alt=\"\" decoding=\"async\" loading=\"lazy\" srcset=\"https:\/\/aerothrive.com\/wp-content\/uploads\/2024\/02\/aerothrive-map.png 1524w, https:\/\/aerothrive.com\/wp-content\/uploads\/2024\/02\/aerothrive-map-300x150.png 300w, https:\/\/aerothrive.com\/wp-content\/uploads\/2024\/02\/aerothrive-map-1024x512.png 1024w\" sizes=\"auto, (max-width: 1524px) 100vw, 1524px\" \/><\/div><\/div><div class=\"cards-wrapper\"><div class=\"single-card\"><h3 class=\"hero-card-headline is-style-h4\">Amerika<\/h3><div class=\"hero-card-text\"><p>Miami, \u00d6stliche Standardzeit (EST)<br \/>\n&amp; \u00d6stliche Sommerzeit (EDT)<\/p>\n<p>E-Mail:<br \/>\n<a href=\"mailto:Americas@AEROTHRIVE.com\">Americas@AEROTHRIVE.com<\/a><\/p>\n<p>Telefon:<br \/>\n<span>+49 156 79267670<\/span><span><\/span><\/p>\n<p>&nbsp;<\/p>\n<\/div><div class=\"wp-block-buttons is-layout-flex wp-block-buttons-is-layout-flex\"><div class=\"wp-block-button is-style-text has-icon--circle-outline-arrow-right--primary icon-position--left\"><a class=\"wp-block-button__link wp-element-button\" target=\"\" href=\"https:\/\/aerothrive.com\/de\/kontakt\/\">Kontakt<\/a><\/div><\/div><\/div><div class=\"single-card\"><h3 class=\"hero-card-headline is-style-h4\">Europa, Afrika<\/h3><div class=\"hero-card-text\"><p>Hamburg, Mitteleurop\u00e4ische Zeit (CET)<br \/>\n&amp; Mitteleurop\u00e4ische Sommerzeit (CEST)<\/p>\n<p>E-Mail:<br \/>\n<a href=\"mailto:hello@AEROTHRIVE.com\">hello@AEROTHRIVE.com<\/a><\/p>\n<p>Telefon:<br \/>\n<span>+49 156 79267670<\/span><span><\/span><\/p>\n<\/div><div class=\"wp-block-buttons is-layout-flex wp-block-buttons-is-layout-flex\"><div class=\"wp-block-button is-style-text has-icon--circle-outline-arrow-right--primary icon-position--left\"><a class=\"wp-block-button__link wp-element-button\" target=\"\" href=\"https:\/\/aerothrive.com\/de\/kontakt\/\">Kontakt<\/a><\/div><\/div><\/div><div class=\"single-card\"><h3 class=\"hero-card-headline is-style-h4\">Naher Osten<\/h3><div class=\"hero-card-text\"><p>Dubai,<br \/>\nGolf-Standardzeit (GST)<\/p>\n<p>E-Mail:<br \/>\n<a href=\"mailto:AfricaMidEast@AEROTHRIVE.com\">AfricaMidEast@AEROTHRIVE.com<\/a><\/p>\n<p>Telefon:<br \/>\n<span>+49 156 79267670<\/span><span><\/span><\/p>\n<\/div><div class=\"wp-block-buttons is-layout-flex wp-block-buttons-is-layout-flex\"><div class=\"wp-block-button is-style-text has-icon--circle-outline-arrow-right--primary icon-position--left\"><a class=\"wp-block-button__link wp-element-button\" target=\"\" href=\"https:\/\/aerothrive.com\/de\/kontakt\/\">Kontakt<\/a><\/div><\/div><\/div><div class=\"single-card\"><h3 class=\"hero-card-headline is-style-h4\">Australien, Ferner Osten, Pazifik<\/h3><div class=\"hero-card-text\"><p>Hongkong,<br \/>\nHongkong-Zeit (HKT)<\/p>\n<p>E-Mail:<br \/>\n<a href=\"mailto:AustraliaFarEast@AEROTHRIVE.com\">AustraliaFarEast@AEROTHRIVE.com<\/a><\/p>\n<p>Telefon:<br \/>\n<span>+49 156 79267670<\/span><span><\/span><\/p>\n<\/div><div class=\"wp-block-buttons is-layout-flex wp-block-buttons-is-layout-flex\"><div class=\"wp-block-button is-style-text has-icon--circle-outline-arrow-right--primary icon-position--left\"><a class=\"wp-block-button__link wp-element-button\" target=\"\" href=\"https:\/\/aerothrive.com\/de\/kontakt\/\">Kontakt<\/a><\/div><\/div><\/div><\/div><\/div>\n<\/div>\n","protected":false},"excerpt":{"rendered":"<p>Audits von Subunternehmern Bei AEROTHRIVE erweitern wir unsere Audit-Expertise \u00fcber Fluggesellschaften hinaus und bieten ein umfassendes Spektrum an Audits von Subunternehmern. Unsere Leistungen pr\u00fcfen Bodenabfertigungsdienstleister, Instandhaltungsbetriebe, Trainingsanbieter und weitere kritische Subunternehmer, um sicherzustellen, dass sie Ihre strengen Standards und regulatorischen Anforderungen erf\u00fcllen. Durch die Zusammenarbeit mit AEROTHRIVE erhalten Unternehmen Zugang zu unserem tiefen Branchenwissen und [&hellip;]<\/p>\n","protected":false},"author":1,"featured_media":0,"parent":686,"menu_order":0,"comment_status":"closed","ping_status":"closed","template":"","meta":{"_acf_changed":false,"footnotes":""},"class_list":["post-38634","page","type-page","status-publish","hentry"],"yoast_head":"<!-- This site is optimized with the Yoast SEO plugin v27.4 - https:\/\/yoast.com\/product\/yoast-seo-wordpress\/ -->\n<title>Audits von Subunternehmern | AEROTHRIVE<\/title>\n<meta name=\"robots\" content=\"index, follow, max-snippet:-1, max-image-preview:large, max-video-preview:-1\" \/>\n<link rel=\"canonical\" href=\"https:\/\/aerothrive.com\/de\/home-2\/audits-von-subunternehmern\/\" \/>\n<meta property=\"og:locale\" content=\"de_DE\" \/>\n<meta property=\"og:type\" content=\"article\" \/>\n<meta property=\"og:title\" content=\"Audits von Subunternehmern | AEROTHRIVE\" \/>\n<meta property=\"og:description\" content=\"Audits von Subunternehmern Bei AEROTHRIVE erweitern wir unsere Audit-Expertise \u00fcber Fluggesellschaften hinaus und bieten ein umfassendes Spektrum an Audits von Subunternehmern. Unsere Leistungen pr\u00fcfen Bodenabfertigungsdienstleister, Instandhaltungsbetriebe, Trainingsanbieter und weitere kritische Subunternehmer, um sicherzustellen, dass sie Ihre strengen Standards und regulatorischen Anforderungen erf\u00fcllen. Durch die Zusammenarbeit mit AEROTHRIVE erhalten Unternehmen Zugang zu unserem tiefen Branchenwissen und [&hellip;]\" \/>\n<meta property=\"og:url\" content=\"https:\/\/aerothrive.com\/de\/home-2\/audits-von-subunternehmern\/\" \/>\n<meta property=\"og:site_name\" content=\"AEROTHRIVE\" \/>\n<meta property=\"article:modified_time\" content=\"2026-03-12T14:51:50+00:00\" \/>\n<meta property=\"og:image\" content=\"https:\/\/aerothrive.com\/wp-content\/uploads\/2024\/01\/Teaser_Audits.jpg\" \/>\n\t<meta property=\"og:image:width\" content=\"523\" \/>\n\t<meta property=\"og:image:height\" content=\"294\" \/>\n\t<meta property=\"og:image:type\" content=\"image\/jpeg\" \/>\n<meta name=\"twitter:card\" content=\"summary_large_image\" \/>\n<meta name=\"twitter:label1\" content=\"Gesch\u00e4tzte Lesezeit\" \/>\n\t<meta name=\"twitter:data1\" content=\"1\u00a0Minute\" \/>\n<script type=\"application\/ld+json\" class=\"yoast-schema-graph\">{\"@context\":\"https:\\\/\\\/schema.org\",\"@graph\":[{\"@type\":\"WebPage\",\"@id\":\"https:\\\/\\\/aerothrive.com\\\/de\\\/home-2\\\/audits-von-subunternehmern\\\/\",\"url\":\"https:\\\/\\\/aerothrive.com\\\/de\\\/home-2\\\/audits-von-subunternehmern\\\/\",\"name\":\"Audits von Subunternehmern | AEROTHRIVE\",\"isPartOf\":{\"@id\":\"https:\\\/\\\/aerothrive.com\\\/de\\\/#website\"},\"primaryImageOfPage\":{\"@id\":\"https:\\\/\\\/aerothrive.com\\\/de\\\/home-2\\\/audits-von-subunternehmern\\\/#primaryimage\"},\"image\":{\"@id\":\"https:\\\/\\\/aerothrive.com\\\/de\\\/home-2\\\/audits-von-subunternehmern\\\/#primaryimage\"},\"thumbnailUrl\":\"https:\\\/\\\/aerothrive.com\\\/wp-content\\\/uploads\\\/2024\\\/01\\\/Teaser_Audits.jpg\",\"datePublished\":\"2024-03-22T10:23:19+00:00\",\"dateModified\":\"2026-03-12T14:51:50+00:00\",\"breadcrumb\":{\"@id\":\"https:\\\/\\\/aerothrive.com\\\/de\\\/home-2\\\/audits-von-subunternehmern\\\/#breadcrumb\"},\"inLanguage\":\"de\",\"potentialAction\":[{\"@type\":\"ReadAction\",\"target\":[\"https:\\\/\\\/aerothrive.com\\\/de\\\/home-2\\\/audits-von-subunternehmern\\\/\"]}]},{\"@type\":\"ImageObject\",\"inLanguage\":\"de\",\"@id\":\"https:\\\/\\\/aerothrive.com\\\/de\\\/home-2\\\/audits-von-subunternehmern\\\/#primaryimage\",\"url\":\"https:\\\/\\\/aerothrive.com\\\/wp-content\\\/uploads\\\/2024\\\/01\\\/Teaser_Audits.jpg\",\"contentUrl\":\"https:\\\/\\\/aerothrive.com\\\/wp-content\\\/uploads\\\/2024\\\/01\\\/Teaser_Audits.jpg\"},{\"@type\":\"BreadcrumbList\",\"@id\":\"https:\\\/\\\/aerothrive.com\\\/de\\\/home-2\\\/audits-von-subunternehmern\\\/#breadcrumb\",\"itemListElement\":[{\"@type\":\"ListItem\",\"position\":1,\"name\":\"Home\",\"item\":\"https:\\\/\\\/aerothrive.com\\\/de\\\/\"},{\"@type\":\"ListItem\",\"position\":2,\"name\":\"Audits\",\"item\":\"https:\\\/\\\/aerothrive.com\\\/de\\\/home-2\\\/\"},{\"@type\":\"ListItem\",\"position\":3,\"name\":\"Audits von Subunternehmern\"}]},{\"@type\":\"WebSite\",\"@id\":\"https:\\\/\\\/aerothrive.com\\\/de\\\/#website\",\"url\":\"https:\\\/\\\/aerothrive.com\\\/de\\\/\",\"name\":\"AEROTHRIVE\",\"description\":\"Global Aviation Excellence\",\"publisher\":{\"@id\":\"https:\\\/\\\/aerothrive.com\\\/de\\\/#organization\"},\"alternateName\":\"AEROTHRIVE\",\"potentialAction\":[{\"@type\":\"SearchAction\",\"target\":{\"@type\":\"EntryPoint\",\"urlTemplate\":\"https:\\\/\\\/aerothrive.com\\\/de\\\/?s={search_term_string}\"},\"query-input\":{\"@type\":\"PropertyValueSpecification\",\"valueRequired\":true,\"valueName\":\"search_term_string\"}}],\"inLanguage\":\"de\"},{\"@type\":\"Organization\",\"@id\":\"https:\\\/\\\/aerothrive.com\\\/de\\\/#organization\",\"name\":\"AEROTHRIVE GmbH\",\"url\":\"https:\\\/\\\/aerothrive.com\\\/de\\\/\",\"logo\":{\"@type\":\"ImageObject\",\"inLanguage\":\"de\",\"@id\":\"https:\\\/\\\/aerothrive.com\\\/de\\\/#\\\/schema\\\/logo\\\/image\\\/\",\"url\":\"https:\\\/\\\/aerothrive.com\\\/wp-content\\\/uploads\\\/2024\\\/01\\\/aerothrive-logo.png\",\"contentUrl\":\"https:\\\/\\\/aerothrive.com\\\/wp-content\\\/uploads\\\/2024\\\/01\\\/aerothrive-logo.png\",\"width\":3508,\"height\":2480,\"caption\":\"AEROTHRIVE GmbH\"},\"image\":{\"@id\":\"https:\\\/\\\/aerothrive.com\\\/de\\\/#\\\/schema\\\/logo\\\/image\\\/\"}}]}<\/script>\n<!-- \/ Yoast SEO plugin. -->","yoast_head_json":{"title":"Audits von Subunternehmern | AEROTHRIVE","robots":{"index":"index","follow":"follow","max-snippet":"max-snippet:-1","max-image-preview":"max-image-preview:large","max-video-preview":"max-video-preview:-1"},"canonical":"https:\/\/aerothrive.com\/de\/home-2\/audits-von-subunternehmern\/","og_locale":"de_DE","og_type":"article","og_title":"Audits von Subunternehmern | AEROTHRIVE","og_description":"Audits von Subunternehmern Bei AEROTHRIVE erweitern wir unsere Audit-Expertise \u00fcber Fluggesellschaften hinaus und bieten ein umfassendes Spektrum an Audits von Subunternehmern. Unsere Leistungen pr\u00fcfen Bodenabfertigungsdienstleister, Instandhaltungsbetriebe, Trainingsanbieter und weitere kritische Subunternehmer, um sicherzustellen, dass sie Ihre strengen Standards und regulatorischen Anforderungen erf\u00fcllen. Durch die Zusammenarbeit mit AEROTHRIVE erhalten Unternehmen Zugang zu unserem tiefen Branchenwissen und [&hellip;]","og_url":"https:\/\/aerothrive.com\/de\/home-2\/audits-von-subunternehmern\/","og_site_name":"AEROTHRIVE","article_modified_time":"2026-03-12T14:51:50+00:00","og_image":[{"width":523,"height":294,"url":"https:\/\/aerothrive.com\/wp-content\/uploads\/2024\/01\/Teaser_Audits.jpg","type":"image\/jpeg"}],"twitter_card":"summary_large_image","twitter_misc":{"Gesch\u00e4tzte Lesezeit":"1\u00a0Minute"},"schema":{"@context":"https:\/\/schema.org","@graph":[{"@type":"WebPage","@id":"https:\/\/aerothrive.com\/de\/home-2\/audits-von-subunternehmern\/","url":"https:\/\/aerothrive.com\/de\/home-2\/audits-von-subunternehmern\/","name":"Audits von Subunternehmern | AEROTHRIVE","isPartOf":{"@id":"https:\/\/aerothrive.com\/de\/#website"},"primaryImageOfPage":{"@id":"https:\/\/aerothrive.com\/de\/home-2\/audits-von-subunternehmern\/#primaryimage"},"image":{"@id":"https:\/\/aerothrive.com\/de\/home-2\/audits-von-subunternehmern\/#primaryimage"},"thumbnailUrl":"https:\/\/aerothrive.com\/wp-content\/uploads\/2024\/01\/Teaser_Audits.jpg","datePublished":"2024-03-22T10:23:19+00:00","dateModified":"2026-03-12T14:51:50+00:00","breadcrumb":{"@id":"https:\/\/aerothrive.com\/de\/home-2\/audits-von-subunternehmern\/#breadcrumb"},"inLanguage":"de","potentialAction":[{"@type":"ReadAction","target":["https:\/\/aerothrive.com\/de\/home-2\/audits-von-subunternehmern\/"]}]},{"@type":"ImageObject","inLanguage":"de","@id":"https:\/\/aerothrive.com\/de\/home-2\/audits-von-subunternehmern\/#primaryimage","url":"https:\/\/aerothrive.com\/wp-content\/uploads\/2024\/01\/Teaser_Audits.jpg","contentUrl":"https:\/\/aerothrive.com\/wp-content\/uploads\/2024\/01\/Teaser_Audits.jpg"},{"@type":"BreadcrumbList","@id":"https:\/\/aerothrive.com\/de\/home-2\/audits-von-subunternehmern\/#breadcrumb","itemListElement":[{"@type":"ListItem","position":1,"name":"Home","item":"https:\/\/aerothrive.com\/de\/"},{"@type":"ListItem","position":2,"name":"Audits","item":"https:\/\/aerothrive.com\/de\/home-2\/"},{"@type":"ListItem","position":3,"name":"Audits von Subunternehmern"}]},{"@type":"WebSite","@id":"https:\/\/aerothrive.com\/de\/#website","url":"https:\/\/aerothrive.com\/de\/","name":"AEROTHRIVE","description":"Global Aviation Excellence","publisher":{"@id":"https:\/\/aerothrive.com\/de\/#organization"},"alternateName":"AEROTHRIVE","potentialAction":[{"@type":"SearchAction","target":{"@type":"EntryPoint","urlTemplate":"https:\/\/aerothrive.com\/de\/?s={search_term_string}"},"query-input":{"@type":"PropertyValueSpecification","valueRequired":true,"valueName":"search_term_string"}}],"inLanguage":"de"},{"@type":"Organization","@id":"https:\/\/aerothrive.com\/de\/#organization","name":"AEROTHRIVE GmbH","url":"https:\/\/aerothrive.com\/de\/","logo":{"@type":"ImageObject","inLanguage":"de","@id":"https:\/\/aerothrive.com\/de\/#\/schema\/logo\/image\/","url":"https:\/\/aerothrive.com\/wp-content\/uploads\/2024\/01\/aerothrive-logo.png","contentUrl":"https:\/\/aerothrive.com\/wp-content\/uploads\/2024\/01\/aerothrive-logo.png","width":3508,"height":2480,"caption":"AEROTHRIVE GmbH"},"image":{"@id":"https:\/\/aerothrive.com\/de\/#\/schema\/logo\/image\/"}}]}},"acf":[],"_links":{"self":[{"href":"https:\/\/aerothrive.com\/de\/wp-json\/wp\/v2\/pages\/38634","targetHints":{"allow":["GET"]}}],"collection":[{"href":"https:\/\/aerothrive.com\/de\/wp-json\/wp\/v2\/pages"}],"about":[{"href":"https:\/\/aerothrive.com\/de\/wp-json\/wp\/v2\/types\/page"}],"author":[{"embeddable":true,"href":"https:\/\/aerothrive.com\/de\/wp-json\/wp\/v2\/users\/1"}],"replies":[{"embeddable":true,"href":"https:\/\/aerothrive.com\/de\/wp-json\/wp\/v2\/comments?post=38634"}],"version-history":[{"count":1,"href":"https:\/\/aerothrive.com\/de\/wp-json\/wp\/v2\/pages\/38634\/revisions"}],"predecessor-version":[{"id":38635,"href":"https:\/\/aerothrive.com\/de\/wp-json\/wp\/v2\/pages\/38634\/revisions\/38635"}],"up":[{"embeddable":true,"href":"https:\/\/aerothrive.com\/de\/wp-json\/wp\/v2\/pages\/686"}],"wp:attachment":[{"href":"https:\/\/aerothrive.com\/de\/wp-json\/wp\/v2\/media?parent=38634"}],"curies":[{"name":"wp","href":"https:\/\/api.w.org\/{rel}","templated":true}]}}