{"id":38625,"date":"2025-04-28T10:08:33","date_gmt":"2025-04-28T08:08:33","guid":{"rendered":"https:\/\/stage.aerothrive.com\/home-2\/sicherheitsbewertungen-fuer-hubschrauber\/"},"modified":"2026-03-12T15:51:22","modified_gmt":"2026-03-12T14:51:22","slug":"sicherheitsbewertungen-fuer-hubschrauber","status":"publish","type":"page","link":"https:\/\/aerothrive.com\/de\/home-2\/sicherheitsbewertungen-fuer-hubschrauber\/","title":{"rendered":"Sicherheitsbewertungen f\u00fcr Hubschrauber"},"content":{"rendered":"\n<div  class=\" f4-block-hero-header is-layout-constrained alignfull\"   >\n    <div class=\"block-media\">\n            <\/div>\n    <div class=\"block-content\">\n            <div class=\"acf-innerblocks-container\"><\/div>    <\/div>\n<\/div>\n\n<div class=\"wp-block-group is-layout-constrained wp-block-group-is-layout-constrained\" style=\"margin-top:var(--wp--preset--spacing--default);margin-bottom:var(--wp--preset--spacing--default);padding-top:0;padding-bottom:0\">\n<h1 class=\"wp-block-heading is-style-decor-element\">Sicherheitsbewertungen f\u00fcr Hubschrauber<\/h1>\n\n\n\n<div class=\"wp-block-columns is-layout-flex wp-container-core-columns-is-layout-9216ddd0 wp-block-columns-is-layout-flex\" style=\"margin-top:0;margin-bottom:var(--wp--preset--spacing--default)\">\n<div class=\"wp-block-column is-layout-flow wp-block-column-is-layout-flow\">\n<p>Bei <strong>AERO<\/strong>THRIVE wenden wir unsere robuste Methodik zur Sicherheitsbewertung auf Hubschrauberbetreiber in unterschiedlichsten Einsatzprofilen an \u2013 darunter HEMS, HHO und Versorgungsfl\u00fcge. Unsere ma\u00dfgeschneiderten Audits gehen weit \u00fcber die reine Checklisten-Compliance hinaus: Wir bewerten operative Risiken aus der Praxis, den Reifegrad des SMS, die Crew-Kultur sowie die Ausrichtung an EASA- und FAA-Standards. Jede Bewertung wird von Senior-Experten mit operativer Rotorcraft-Frontline-Erfahrung durchgef\u00fchrt \u2013 f\u00fcr Relevanz, Tiefe und einen hohen praktischen Nutzen. Unsere Sicherheitsbewertungen f\u00fcr Hubschrauber helfen Betreibern, ihr Sicherheitsniveau zu st\u00e4rken, kontinuierliche Verbesserung zu unterst\u00fctzen und zugleich die Glaubw\u00fcrdigkeit gegen\u00fcber Aufsichtsbeh\u00f6rden und Kunden zu erh\u00f6hen.   <\/p>\n<\/div>\n\n\n\n<div class=\"wp-block-column is-layout-flow wp-block-column-is-layout-flow\">\n<p>Ob im Rahmen von Due Diligence, interner Aufsicht oder der Pr\u00fcfung potenzieller Partnerschaften: Die Erkenntnisse von <strong>AERO<\/strong>THRIVE bieten eine starke Grundlage f\u00fcr sicherere und widerstandsf\u00e4higere Betriebsabl\u00e4ufe. Entscheiden Sie sich f\u00fcr <strong>AERO<\/strong>THRIVE, um Ihre Rotorcraft-Sicherheitsstandards mit Sicherheit und Kompetenz auf ein h\u00f6heres Niveau zu heben. <\/p>\n\n\n\n<p>M\u00f6chten Sie eine Version, die sich speziell auf Audits f\u00fcr \u00d6l &amp; Gas, HEMS oder Polizeieins\u00e4tze konzentriert?<\/p>\n<\/div>\n<\/div>\n\n\n\n<div class=\"wp-block-columns is-layout-flex wp-container-core-columns-is-layout-c37af7d3 wp-block-columns-is-layout-flex\" style=\"margin-top:var(--wp--preset--spacing--default)\">\n<div class=\"wp-block-column is-layout-flow wp-block-column-is-layout-flow\">\n<h2 class=\"wp-block-heading\">Zu Ihren Diensten<\/h2>\n\n\n\n<p>Ein Projektstart mit <strong>AERO<\/strong>THRIVE erfolgt nach einem ma\u00dfgeschneiderten Ansatz und beginnt mit einer eingehenden Analyse Ihres Bedarfs im Subunternehmermanagement. Wir k\u00f6nnen entweder einen strategischen Auditplan entwickeln, der auf maximale Klarheit ausgerichtet ist, oder den von Ihnen vorhandenen Plan umsetzen. Unsere Vorgehensweise ist kollaborativ \u2013 Ihre Anforderungen geben die Richtung unserer Audits vor. Um zu besprechen, wie wir Ihre Subunternehmeraufsicht st\u00e4rken k\u00f6nnen, und f\u00fcr eine detaillierte \u00dcbersicht unserer Leistungen kontaktieren Sie uns bitte. Arbeiten Sie mit <strong>AERO<\/strong>THRIVE zusammen \u2013 f\u00fcr professionelle Subunternehmer-Audits, die Ihren Exzellenzstandards entsprechen.    <\/p>\n<\/div>\n\n\n\n<div class=\"wp-block-column is-layout-flow wp-block-column-is-layout-flow\">\n<figure class=\"wp-block-image size-full\"><img loading=\"lazy\" decoding=\"async\" width=\"2560\" height=\"1920\" src=\"https:\/\/aerothrive.com\/wp-content\/uploads\/2025\/05\/IMG_4334-scaled.jpg\" alt=\"\" class=\"wp-image-38121\" srcset=\"https:\/\/aerothrive.com\/wp-content\/uploads\/2025\/05\/IMG_4334-scaled.jpg 2560w, https:\/\/aerothrive.com\/wp-content\/uploads\/2025\/05\/IMG_4334-300x225.jpg 300w, https:\/\/aerothrive.com\/wp-content\/uploads\/2025\/05\/IMG_4334-1024x768.jpg 1024w, https:\/\/aerothrive.com\/wp-content\/uploads\/2025\/05\/IMG_4334-1536x1152.jpg 1536w, https:\/\/aerothrive.com\/wp-content\/uploads\/2025\/05\/IMG_4334-2048x1536.jpg 2048w\" sizes=\"auto, (max-width: 2560px) 100vw, 2560px\" \/><\/figure>\n<\/div>\n<\/div>\n<\/div>\n\n<div class=\"wp-block-group is-layout-flow wp-block-group-is-layout-flow\" style=\"margin-top:var(--wp--preset--spacing--medium);margin-bottom:var(--wp--preset--spacing--medium);padding-top:0;padding-bottom:0\">\n<div class=\"wp-block-columns is-layout-flex wp-container-core-columns-is-layout-9d6595d7 wp-block-columns-is-layout-flex\">\n<div class=\"wp-block-column is-layout-flow wp-block-column-is-layout-flow\">\n<h2 class=\"wp-block-heading\">Ihr weltweiter Partner.<br>Kontaktieren Sie uns weltweit.<\/h2>\n<\/div>\n\n\n\n<div class=\"wp-block-column is-layout-flow wp-block-column-is-layout-flow\">\n<p>Unsere Schulungen sowie weltweiten Audit- und Beratungsdienstleistungen erstrecken sich \u00fcber alle Zeitzonen weltweit. Mit Hauptsitz im Herzen Europas bieten wir auch lokalen Support \u00fcber unsere regionalen Niederlassungen, jede mit eigenen Ansprechpartnern. <\/p>\n<\/div>\n<\/div>\n\n\n\n<div  class=\" f4-block-image-with-cards cards-4\"   >\n    <div class=\"f4_img--adaptive card-image\" ><div class=\"f4_img-container f4_img--mobile landscape\" ><img width=\"1524\" height=\"762\" src=\"https:\/\/aerothrive.com\/wp-content\/uploads\/2024\/02\/aerothrive-map.png\" class=\"attachment-16-to-9 size-16-to-9\" alt=\"\" decoding=\"async\" loading=\"lazy\" srcset=\"https:\/\/aerothrive.com\/wp-content\/uploads\/2024\/02\/aerothrive-map.png 1524w, https:\/\/aerothrive.com\/wp-content\/uploads\/2024\/02\/aerothrive-map-300x150.png 300w, https:\/\/aerothrive.com\/wp-content\/uploads\/2024\/02\/aerothrive-map-1024x512.png 1024w\" sizes=\"auto, (max-width: 1524px) 100vw, 1524px\" \/><\/div><div class=\"f4_img-container f4_img--desktop landscape\" ><img width=\"1524\" height=\"762\" src=\"https:\/\/aerothrive.com\/wp-content\/uploads\/2024\/02\/aerothrive-map.png\" class=\"attachment-16-to-9 size-16-to-9\" alt=\"\" decoding=\"async\" loading=\"lazy\" srcset=\"https:\/\/aerothrive.com\/wp-content\/uploads\/2024\/02\/aerothrive-map.png 1524w, https:\/\/aerothrive.com\/wp-content\/uploads\/2024\/02\/aerothrive-map-300x150.png 300w, https:\/\/aerothrive.com\/wp-content\/uploads\/2024\/02\/aerothrive-map-1024x512.png 1024w\" sizes=\"auto, (max-width: 1524px) 100vw, 1524px\" \/><\/div><\/div><div class=\"cards-wrapper\"><div class=\"single-card\"><h3 class=\"hero-card-headline is-style-h4\">Amerika<\/h3><div class=\"hero-card-text\"><p>Miami, \u00d6stliche Standardzeit (EST)<br \/>\n&amp; \u00d6stliche Sommerzeit (EDT)<\/p>\n<p>E-Mail:<br \/>\n<a href=\"mailto:Americas@AEROTHRIVE.com\">Americas@AEROTHRIVE.com<\/a><\/p>\n<p>Telefon:<br \/>\n<span>+49 156 79267670<\/span><span><\/span><\/p>\n<p>&nbsp;<\/p>\n<\/div><div class=\"wp-block-buttons is-layout-flex wp-block-buttons-is-layout-flex\"><div class=\"wp-block-button is-style-text has-icon--circle-outline-arrow-right--primary icon-position--left\"><a class=\"wp-block-button__link wp-element-button\" target=\"\" href=\"https:\/\/aerothrive.com\/de\/kontakt\/\">Kontakt<\/a><\/div><\/div><\/div><div class=\"single-card\"><h3 class=\"hero-card-headline is-style-h4\">Europa, Afrika<\/h3><div class=\"hero-card-text\"><p>Hamburg, Mitteleurop\u00e4ische Zeit (CET)<br \/>\n&amp; Mitteleurop\u00e4ische Sommerzeit (CEST)<\/p>\n<p>E-Mail:<br \/>\n<a href=\"mailto:hello@AEROTHRIVE.com\">hello@AEROTHRIVE.com<\/a><\/p>\n<p>Telefon:<br \/>\n<span>+49 156 79267670<\/span><span><\/span><\/p>\n<\/div><div class=\"wp-block-buttons is-layout-flex wp-block-buttons-is-layout-flex\"><div class=\"wp-block-button is-style-text has-icon--circle-outline-arrow-right--primary icon-position--left\"><a class=\"wp-block-button__link wp-element-button\" target=\"\" href=\"https:\/\/aerothrive.com\/de\/kontakt\/\">Kontakt<\/a><\/div><\/div><\/div><div class=\"single-card\"><h3 class=\"hero-card-headline is-style-h4\">Naher Osten<\/h3><div class=\"hero-card-text\"><p>Dubai,<br \/>\nGolf-Standardzeit (GST)<\/p>\n<p>E-Mail:<br \/>\n<a href=\"mailto:AfricaMidEast@AEROTHRIVE.com\">AfricaMidEast@AEROTHRIVE.com<\/a><\/p>\n<p>Telefon:<br \/>\n<span>+49 156 79267670<\/span><span><\/span><\/p>\n<\/div><div class=\"wp-block-buttons is-layout-flex wp-block-buttons-is-layout-flex\"><div class=\"wp-block-button is-style-text has-icon--circle-outline-arrow-right--primary icon-position--left\"><a class=\"wp-block-button__link wp-element-button\" target=\"\" href=\"https:\/\/aerothrive.com\/de\/kontakt\/\">Kontakt<\/a><\/div><\/div><\/div><div class=\"single-card\"><h3 class=\"hero-card-headline is-style-h4\">Australien, Ferner Osten, Pazifik<\/h3><div class=\"hero-card-text\"><p>Hongkong,<br \/>\nHongkong-Zeit (HKT)<\/p>\n<p>E-Mail:<br \/>\n<a href=\"mailto:AustraliaFarEast@AEROTHRIVE.com\">AustraliaFarEast@AEROTHRIVE.com<\/a><\/p>\n<p>Telefon:<br \/>\n<span>+49 156 79267670<\/span><span><\/span><\/p>\n<\/div><div class=\"wp-block-buttons is-layout-flex wp-block-buttons-is-layout-flex\"><div class=\"wp-block-button is-style-text has-icon--circle-outline-arrow-right--primary icon-position--left\"><a class=\"wp-block-button__link wp-element-button\" target=\"\" href=\"https:\/\/aerothrive.com\/de\/kontakt\/\">Kontakt<\/a><\/div><\/div><\/div><\/div><\/div>\n<\/div>\n","protected":false},"excerpt":{"rendered":"<p>Sicherheitsbewertungen f\u00fcr Hubschrauber Bei AEROTHRIVE wenden wir unsere robuste Methodik zur Sicherheitsbewertung auf Hubschrauberbetreiber in unterschiedlichsten Einsatzprofilen an \u2013 darunter HEMS, HHO und Versorgungsfl\u00fcge. Unsere ma\u00dfgeschneiderten Audits gehen weit \u00fcber die reine Checklisten-Compliance hinaus: Wir bewerten operative Risiken aus der Praxis, den Reifegrad des SMS, die Crew-Kultur sowie die Ausrichtung an EASA- und FAA-Standards. Jede [&hellip;]<\/p>\n","protected":false},"author":3,"featured_media":0,"parent":686,"menu_order":0,"comment_status":"closed","ping_status":"closed","template":"","meta":{"_acf_changed":false,"footnotes":""},"class_list":["post-38625","page","type-page","status-publish","hentry"],"yoast_head":"<!-- This site is optimized with the Yoast SEO plugin v27.4 - https:\/\/yoast.com\/product\/yoast-seo-wordpress\/ -->\n<title>Sicherheitsbewertungen f\u00fcr Hubschrauber | AEROTHRIVE<\/title>\n<meta name=\"robots\" content=\"index, follow, max-snippet:-1, max-image-preview:large, max-video-preview:-1\" \/>\n<link rel=\"canonical\" href=\"https:\/\/aerothrive.com\/de\/home-2\/sicherheitsbewertungen-fuer-hubschrauber\/\" \/>\n<meta property=\"og:locale\" content=\"de_DE\" \/>\n<meta property=\"og:type\" content=\"article\" \/>\n<meta property=\"og:title\" content=\"Sicherheitsbewertungen f\u00fcr Hubschrauber | AEROTHRIVE\" \/>\n<meta property=\"og:description\" content=\"Sicherheitsbewertungen f\u00fcr Hubschrauber Bei AEROTHRIVE wenden wir unsere robuste Methodik zur Sicherheitsbewertung auf Hubschrauberbetreiber in unterschiedlichsten Einsatzprofilen an \u2013 darunter HEMS, HHO und Versorgungsfl\u00fcge. Unsere ma\u00dfgeschneiderten Audits gehen weit \u00fcber die reine Checklisten-Compliance hinaus: Wir bewerten operative Risiken aus der Praxis, den Reifegrad des SMS, die Crew-Kultur sowie die Ausrichtung an EASA- und FAA-Standards. Jede [&hellip;]\" \/>\n<meta property=\"og:url\" content=\"https:\/\/aerothrive.com\/de\/home-2\/sicherheitsbewertungen-fuer-hubschrauber\/\" \/>\n<meta property=\"og:site_name\" content=\"AEROTHRIVE\" \/>\n<meta property=\"article:modified_time\" content=\"2026-03-12T14:51:22+00:00\" \/>\n<meta property=\"og:image\" content=\"https:\/\/aerothrive.com\/wp-content\/uploads\/2025\/05\/IMG_4334-scaled.jpg\" \/>\n\t<meta property=\"og:image:width\" content=\"2560\" \/>\n\t<meta property=\"og:image:height\" content=\"1920\" \/>\n\t<meta property=\"og:image:type\" content=\"image\/jpeg\" \/>\n<meta name=\"twitter:card\" content=\"summary_large_image\" \/>\n<meta name=\"twitter:label1\" content=\"Gesch\u00e4tzte Lesezeit\" \/>\n\t<meta name=\"twitter:data1\" content=\"1\u00a0Minute\" \/>\n<script type=\"application\/ld+json\" class=\"yoast-schema-graph\">{\"@context\":\"https:\\\/\\\/schema.org\",\"@graph\":[{\"@type\":\"WebPage\",\"@id\":\"https:\\\/\\\/aerothrive.com\\\/de\\\/home-2\\\/sicherheitsbewertungen-fuer-hubschrauber\\\/\",\"url\":\"https:\\\/\\\/aerothrive.com\\\/de\\\/home-2\\\/sicherheitsbewertungen-fuer-hubschrauber\\\/\",\"name\":\"Sicherheitsbewertungen f\u00fcr Hubschrauber | AEROTHRIVE\",\"isPartOf\":{\"@id\":\"https:\\\/\\\/aerothrive.com\\\/de\\\/#website\"},\"primaryImageOfPage\":{\"@id\":\"https:\\\/\\\/aerothrive.com\\\/de\\\/home-2\\\/sicherheitsbewertungen-fuer-hubschrauber\\\/#primaryimage\"},\"image\":{\"@id\":\"https:\\\/\\\/aerothrive.com\\\/de\\\/home-2\\\/sicherheitsbewertungen-fuer-hubschrauber\\\/#primaryimage\"},\"thumbnailUrl\":\"https:\\\/\\\/aerothrive.com\\\/wp-content\\\/uploads\\\/2025\\\/05\\\/IMG_4334-scaled.jpg\",\"datePublished\":\"2025-04-28T08:08:33+00:00\",\"dateModified\":\"2026-03-12T14:51:22+00:00\",\"breadcrumb\":{\"@id\":\"https:\\\/\\\/aerothrive.com\\\/de\\\/home-2\\\/sicherheitsbewertungen-fuer-hubschrauber\\\/#breadcrumb\"},\"inLanguage\":\"de\",\"potentialAction\":[{\"@type\":\"ReadAction\",\"target\":[\"https:\\\/\\\/aerothrive.com\\\/de\\\/home-2\\\/sicherheitsbewertungen-fuer-hubschrauber\\\/\"]}]},{\"@type\":\"ImageObject\",\"inLanguage\":\"de\",\"@id\":\"https:\\\/\\\/aerothrive.com\\\/de\\\/home-2\\\/sicherheitsbewertungen-fuer-hubschrauber\\\/#primaryimage\",\"url\":\"https:\\\/\\\/aerothrive.com\\\/wp-content\\\/uploads\\\/2025\\\/05\\\/IMG_4334-scaled.jpg\",\"contentUrl\":\"https:\\\/\\\/aerothrive.com\\\/wp-content\\\/uploads\\\/2025\\\/05\\\/IMG_4334-scaled.jpg\"},{\"@type\":\"BreadcrumbList\",\"@id\":\"https:\\\/\\\/aerothrive.com\\\/de\\\/home-2\\\/sicherheitsbewertungen-fuer-hubschrauber\\\/#breadcrumb\",\"itemListElement\":[{\"@type\":\"ListItem\",\"position\":1,\"name\":\"Home\",\"item\":\"https:\\\/\\\/aerothrive.com\\\/de\\\/\"},{\"@type\":\"ListItem\",\"position\":2,\"name\":\"Audits\",\"item\":\"https:\\\/\\\/aerothrive.com\\\/de\\\/home-2\\\/\"},{\"@type\":\"ListItem\",\"position\":3,\"name\":\"Sicherheitsbewertungen f\u00fcr Hubschrauber\"}]},{\"@type\":\"WebSite\",\"@id\":\"https:\\\/\\\/aerothrive.com\\\/de\\\/#website\",\"url\":\"https:\\\/\\\/aerothrive.com\\\/de\\\/\",\"name\":\"AEROTHRIVE\",\"description\":\"Global Aviation Excellence\",\"publisher\":{\"@id\":\"https:\\\/\\\/aerothrive.com\\\/de\\\/#organization\"},\"alternateName\":\"AEROTHRIVE\",\"potentialAction\":[{\"@type\":\"SearchAction\",\"target\":{\"@type\":\"EntryPoint\",\"urlTemplate\":\"https:\\\/\\\/aerothrive.com\\\/de\\\/?s={search_term_string}\"},\"query-input\":{\"@type\":\"PropertyValueSpecification\",\"valueRequired\":true,\"valueName\":\"search_term_string\"}}],\"inLanguage\":\"de\"},{\"@type\":\"Organization\",\"@id\":\"https:\\\/\\\/aerothrive.com\\\/de\\\/#organization\",\"name\":\"AEROTHRIVE GmbH\",\"url\":\"https:\\\/\\\/aerothrive.com\\\/de\\\/\",\"logo\":{\"@type\":\"ImageObject\",\"inLanguage\":\"de\",\"@id\":\"https:\\\/\\\/aerothrive.com\\\/de\\\/#\\\/schema\\\/logo\\\/image\\\/\",\"url\":\"https:\\\/\\\/aerothrive.com\\\/wp-content\\\/uploads\\\/2024\\\/01\\\/aerothrive-logo.png\",\"contentUrl\":\"https:\\\/\\\/aerothrive.com\\\/wp-content\\\/uploads\\\/2024\\\/01\\\/aerothrive-logo.png\",\"width\":3508,\"height\":2480,\"caption\":\"AEROTHRIVE GmbH\"},\"image\":{\"@id\":\"https:\\\/\\\/aerothrive.com\\\/de\\\/#\\\/schema\\\/logo\\\/image\\\/\"}}]}<\/script>\n<!-- \/ Yoast SEO plugin. -->","yoast_head_json":{"title":"Sicherheitsbewertungen f\u00fcr Hubschrauber | AEROTHRIVE","robots":{"index":"index","follow":"follow","max-snippet":"max-snippet:-1","max-image-preview":"max-image-preview:large","max-video-preview":"max-video-preview:-1"},"canonical":"https:\/\/aerothrive.com\/de\/home-2\/sicherheitsbewertungen-fuer-hubschrauber\/","og_locale":"de_DE","og_type":"article","og_title":"Sicherheitsbewertungen f\u00fcr Hubschrauber | AEROTHRIVE","og_description":"Sicherheitsbewertungen f\u00fcr Hubschrauber Bei AEROTHRIVE wenden wir unsere robuste Methodik zur Sicherheitsbewertung auf Hubschrauberbetreiber in unterschiedlichsten Einsatzprofilen an \u2013 darunter HEMS, HHO und Versorgungsfl\u00fcge. Unsere ma\u00dfgeschneiderten Audits gehen weit \u00fcber die reine Checklisten-Compliance hinaus: Wir bewerten operative Risiken aus der Praxis, den Reifegrad des SMS, die Crew-Kultur sowie die Ausrichtung an EASA- und FAA-Standards. Jede [&hellip;]","og_url":"https:\/\/aerothrive.com\/de\/home-2\/sicherheitsbewertungen-fuer-hubschrauber\/","og_site_name":"AEROTHRIVE","article_modified_time":"2026-03-12T14:51:22+00:00","og_image":[{"width":2560,"height":1920,"url":"https:\/\/aerothrive.com\/wp-content\/uploads\/2025\/05\/IMG_4334-scaled.jpg","type":"image\/jpeg"}],"twitter_card":"summary_large_image","twitter_misc":{"Gesch\u00e4tzte Lesezeit":"1\u00a0Minute"},"schema":{"@context":"https:\/\/schema.org","@graph":[{"@type":"WebPage","@id":"https:\/\/aerothrive.com\/de\/home-2\/sicherheitsbewertungen-fuer-hubschrauber\/","url":"https:\/\/aerothrive.com\/de\/home-2\/sicherheitsbewertungen-fuer-hubschrauber\/","name":"Sicherheitsbewertungen f\u00fcr Hubschrauber | AEROTHRIVE","isPartOf":{"@id":"https:\/\/aerothrive.com\/de\/#website"},"primaryImageOfPage":{"@id":"https:\/\/aerothrive.com\/de\/home-2\/sicherheitsbewertungen-fuer-hubschrauber\/#primaryimage"},"image":{"@id":"https:\/\/aerothrive.com\/de\/home-2\/sicherheitsbewertungen-fuer-hubschrauber\/#primaryimage"},"thumbnailUrl":"https:\/\/aerothrive.com\/wp-content\/uploads\/2025\/05\/IMG_4334-scaled.jpg","datePublished":"2025-04-28T08:08:33+00:00","dateModified":"2026-03-12T14:51:22+00:00","breadcrumb":{"@id":"https:\/\/aerothrive.com\/de\/home-2\/sicherheitsbewertungen-fuer-hubschrauber\/#breadcrumb"},"inLanguage":"de","potentialAction":[{"@type":"ReadAction","target":["https:\/\/aerothrive.com\/de\/home-2\/sicherheitsbewertungen-fuer-hubschrauber\/"]}]},{"@type":"ImageObject","inLanguage":"de","@id":"https:\/\/aerothrive.com\/de\/home-2\/sicherheitsbewertungen-fuer-hubschrauber\/#primaryimage","url":"https:\/\/aerothrive.com\/wp-content\/uploads\/2025\/05\/IMG_4334-scaled.jpg","contentUrl":"https:\/\/aerothrive.com\/wp-content\/uploads\/2025\/05\/IMG_4334-scaled.jpg"},{"@type":"BreadcrumbList","@id":"https:\/\/aerothrive.com\/de\/home-2\/sicherheitsbewertungen-fuer-hubschrauber\/#breadcrumb","itemListElement":[{"@type":"ListItem","position":1,"name":"Home","item":"https:\/\/aerothrive.com\/de\/"},{"@type":"ListItem","position":2,"name":"Audits","item":"https:\/\/aerothrive.com\/de\/home-2\/"},{"@type":"ListItem","position":3,"name":"Sicherheitsbewertungen f\u00fcr Hubschrauber"}]},{"@type":"WebSite","@id":"https:\/\/aerothrive.com\/de\/#website","url":"https:\/\/aerothrive.com\/de\/","name":"AEROTHRIVE","description":"Global Aviation Excellence","publisher":{"@id":"https:\/\/aerothrive.com\/de\/#organization"},"alternateName":"AEROTHRIVE","potentialAction":[{"@type":"SearchAction","target":{"@type":"EntryPoint","urlTemplate":"https:\/\/aerothrive.com\/de\/?s={search_term_string}"},"query-input":{"@type":"PropertyValueSpecification","valueRequired":true,"valueName":"search_term_string"}}],"inLanguage":"de"},{"@type":"Organization","@id":"https:\/\/aerothrive.com\/de\/#organization","name":"AEROTHRIVE GmbH","url":"https:\/\/aerothrive.com\/de\/","logo":{"@type":"ImageObject","inLanguage":"de","@id":"https:\/\/aerothrive.com\/de\/#\/schema\/logo\/image\/","url":"https:\/\/aerothrive.com\/wp-content\/uploads\/2024\/01\/aerothrive-logo.png","contentUrl":"https:\/\/aerothrive.com\/wp-content\/uploads\/2024\/01\/aerothrive-logo.png","width":3508,"height":2480,"caption":"AEROTHRIVE GmbH"},"image":{"@id":"https:\/\/aerothrive.com\/de\/#\/schema\/logo\/image\/"}}]}},"acf":[],"_links":{"self":[{"href":"https:\/\/aerothrive.com\/de\/wp-json\/wp\/v2\/pages\/38625","targetHints":{"allow":["GET"]}}],"collection":[{"href":"https:\/\/aerothrive.com\/de\/wp-json\/wp\/v2\/pages"}],"about":[{"href":"https:\/\/aerothrive.com\/de\/wp-json\/wp\/v2\/types\/page"}],"author":[{"embeddable":true,"href":"https:\/\/aerothrive.com\/de\/wp-json\/wp\/v2\/users\/3"}],"replies":[{"embeddable":true,"href":"https:\/\/aerothrive.com\/de\/wp-json\/wp\/v2\/comments?post=38625"}],"version-history":[{"count":1,"href":"https:\/\/aerothrive.com\/de\/wp-json\/wp\/v2\/pages\/38625\/revisions"}],"predecessor-version":[{"id":38626,"href":"https:\/\/aerothrive.com\/de\/wp-json\/wp\/v2\/pages\/38625\/revisions\/38626"}],"up":[{"embeddable":true,"href":"https:\/\/aerothrive.com\/de\/wp-json\/wp\/v2\/pages\/686"}],"wp:attachment":[{"href":"https:\/\/aerothrive.com\/de\/wp-json\/wp\/v2\/media?parent=38625"}],"curies":[{"name":"wp","href":"https:\/\/api.w.org\/{rel}","templated":true}]}}