{"id":38622,"date":"2025-04-28T10:16:43","date_gmt":"2025-04-28T08:16:43","guid":{"rendered":"https:\/\/stage.aerothrive.com\/home-2\/fstd-audits\/"},"modified":"2026-03-12T15:51:13","modified_gmt":"2026-03-12T14:51:13","slug":"fstd-audits","status":"publish","type":"page","link":"https:\/\/aerothrive.com\/de\/home-2\/fstd-audits\/","title":{"rendered":"FSTD-Audits"},"content":{"rendered":"\n<div  class=\" f4-block-hero-header is-layout-constrained alignfull\"   >\n    <div class=\"block-media\">\n            <\/div>\n    <div class=\"block-content\">\n            <div class=\"acf-innerblocks-container\"><\/div>    <\/div>\n<\/div>\n\n<div class=\"wp-block-group is-layout-constrained wp-block-group-is-layout-constrained\" style=\"margin-top:var(--wp--preset--spacing--default);margin-bottom:var(--wp--preset--spacing--default);padding-top:0;padding-bottom:0\">\n<h1 class=\"wp-block-heading is-style-decor-element\">FSTD-Audits<\/h1>\n\n\n\n<div class=\"wp-block-columns is-layout-flex wp-container-core-columns-is-layout-9216ddd0 wp-block-columns-is-layout-flex\" style=\"margin-top:0;margin-bottom:var(--wp--preset--spacing--default)\">\n<div class=\"wp-block-column is-layout-flow wp-block-column-is-layout-flow\">\n<p>Die Beauftragung von <strong>AERO<\/strong>THRIVE f\u00fcr Ihre FSTD-Audits bietet FSTD-Betreibern, Fluggesellschaftskunden und Beh\u00f6rden gleicherma\u00dfen einen au\u00dfergew\u00f6hnlichen Mehrwert. Unsere erfahrenen Auditoren bieten eine unabh\u00e4ngige Expertenperspektive, die f\u00fcr gr\u00fcndliche Bewertungen und die Identifizierung von Verbesserungspotenzialen unerl\u00e4sslich ist. Im Gegensatz zu internen Inspektionen eliminieren unsere externen Audits potenzielle Voreingenommenheiten und stellen sicher, dass die Ergebnisse objektiv, detailliert und umsetzbar sind. Diese Unabh\u00e4ngigkeit ist entscheidend f\u00fcr die Aufrechterhaltung der Integrit\u00e4t Ihrer Schulungsabl\u00e4ufe und die Erf\u00fcllung strenger regulatorischer Anforderungen. Dar\u00fcber hinaus ist unser Team vollst\u00e4ndig auf internationale FSTD-Standards und      <\/p>\n<\/div>\n\n\n\n<div class=\"wp-block-column is-layout-flow wp-block-column-is-layout-flow\">\n<p>Beh\u00f6rdenanforderungen abgestimmt, um sicherzustellen, dass Ihre Ger\u00e4te die Compliance-Schwellenwerte nicht nur erf\u00fcllen, sondern \u00fcbertreffen. Durch die Zusammenarbeit mit uns k\u00f6nnen FSTD-Betreiber, Fluggesellschaften und Aufsichtsbeh\u00f6rden darauf vertrauen, dass alle betrieblichen, technischen und dokumentarischen Standards auf h\u00f6chstem Niveau eingehalten werden. Dieses Engagement f\u00fcr Exzellenz st\u00e4rkt die Glaubw\u00fcrdigkeit Ihrer Schulungsprogramme und f\u00f6rdert das Vertrauen bei Besatzungen, Management und Aufsichtsbeh\u00f6rden. W\u00e4hlen Sie <strong>AERO<\/strong>THRIVE f\u00fcr einen sorgf\u00e4ltigen, expertenbasierten Auditprozess, der die FSTD-Qualit\u00e4t erh\u00f6ht, die Compliance sicherstellt und die kontinuierliche Weiterentwicklung in der Exzellenz der Luftfahrtausbildung unterst\u00fctzt.   <\/p>\n<\/div>\n<\/div>\n\n\n\n<div class=\"wp-block-columns is-layout-flex wp-container-core-columns-is-layout-c37af7d3 wp-block-columns-is-layout-flex\" style=\"margin-top:var(--wp--preset--spacing--default)\">\n<div class=\"wp-block-column is-layout-flow wp-block-column-is-layout-flow\">\n<h2 class=\"wp-block-heading\">Ihre Sicherheit \u2013 Unsere Bewertung <\/h2>\n\n\n\n<p>Die Wahl von <strong>AERO<\/strong>THRIVE f\u00fcr Sicherheitsbewertungen gew\u00e4hrleistet nicht nur die Einhaltung von Vorschriften, sondern erh\u00f6ht auch die Sicherheitsstandards. Unsere externen Experten identifizieren \u00fcbersehene Bereiche und verbessern so die Sicherheit und das Vertrauen. Unser Prozess, von der Beratung bis zum Abschlussbericht, ist kollaborativ und auf Ihre Bed\u00fcrfnisse zugeschnitten. Arbeiten Sie mit uns zusammen, um signifikante Sicherheits- und Betriebsverbesserungen zu erzielen. Kontaktieren Sie <strong>AERO<\/strong>THRIVE, um die Sicherheitskultur Ihrer Fluggesellschaft zu verbessern.    <\/p>\n<\/div>\n\n\n\n<div class=\"wp-block-column is-layout-flow wp-block-column-is-layout-flow\">\n<figure class=\"wp-block-image size-16-to-9\"><img loading=\"lazy\" decoding=\"async\" width=\"1920\" height=\"1080\" src=\"https:\/\/aerothrive.com\/wp-content\/uploads\/2025\/04\/252-5263_IMG-1920x1080.jpg\" alt=\"\" class=\"wp-image-38093\" srcset=\"https:\/\/aerothrive.com\/wp-content\/uploads\/2025\/04\/252-5263_IMG-1920x1080.jpg 1920w, https:\/\/aerothrive.com\/wp-content\/uploads\/2025\/04\/252-5263_IMG-528x297.jpg 528w, https:\/\/aerothrive.com\/wp-content\/uploads\/2025\/04\/252-5263_IMG-532x299.jpg 532w\" sizes=\"auto, (max-width: 1920px) 100vw, 1920px\" \/><\/figure>\n<\/div>\n<\/div>\n<\/div>\n\n<div class=\"wp-block-group is-layout-flow wp-block-group-is-layout-flow\" style=\"margin-top:var(--wp--preset--spacing--medium);margin-bottom:var(--wp--preset--spacing--medium);padding-top:0;padding-bottom:0\">\n<div class=\"wp-block-columns is-layout-flex wp-container-core-columns-is-layout-9d6595d7 wp-block-columns-is-layout-flex\">\n<div class=\"wp-block-column is-layout-flow wp-block-column-is-layout-flow\">\n<h2 class=\"wp-block-heading\">Ihr weltweiter Partner.<br>Kontaktieren Sie uns weltweit.<\/h2>\n<\/div>\n\n\n\n<div class=\"wp-block-column is-layout-flow wp-block-column-is-layout-flow\">\n<p>Unsere Schulungen sowie weltweiten Audit- und Beratungsdienstleistungen erstrecken sich \u00fcber alle Zeitzonen weltweit. Mit Hauptsitz im Herzen Europas bieten wir auch lokalen Support \u00fcber unsere regionalen Niederlassungen, jede mit eigenen Ansprechpartnern. <\/p>\n<\/div>\n<\/div>\n\n\n\n<div  class=\" f4-block-image-with-cards cards-4\"   >\n    <div class=\"f4_img--adaptive card-image\" ><div class=\"f4_img-container f4_img--mobile landscape\" ><img width=\"1524\" height=\"762\" src=\"https:\/\/aerothrive.com\/wp-content\/uploads\/2024\/02\/aerothrive-map.png\" class=\"attachment-16-to-9 size-16-to-9\" alt=\"\" decoding=\"async\" loading=\"lazy\" srcset=\"https:\/\/aerothrive.com\/wp-content\/uploads\/2024\/02\/aerothrive-map.png 1524w, https:\/\/aerothrive.com\/wp-content\/uploads\/2024\/02\/aerothrive-map-300x150.png 300w, https:\/\/aerothrive.com\/wp-content\/uploads\/2024\/02\/aerothrive-map-1024x512.png 1024w\" sizes=\"auto, (max-width: 1524px) 100vw, 1524px\" \/><\/div><div class=\"f4_img-container f4_img--desktop landscape\" ><img width=\"1524\" height=\"762\" src=\"https:\/\/aerothrive.com\/wp-content\/uploads\/2024\/02\/aerothrive-map.png\" class=\"attachment-16-to-9 size-16-to-9\" alt=\"\" decoding=\"async\" loading=\"lazy\" srcset=\"https:\/\/aerothrive.com\/wp-content\/uploads\/2024\/02\/aerothrive-map.png 1524w, https:\/\/aerothrive.com\/wp-content\/uploads\/2024\/02\/aerothrive-map-300x150.png 300w, https:\/\/aerothrive.com\/wp-content\/uploads\/2024\/02\/aerothrive-map-1024x512.png 1024w\" sizes=\"auto, (max-width: 1524px) 100vw, 1524px\" \/><\/div><\/div><div class=\"cards-wrapper\"><div class=\"single-card\"><h3 class=\"hero-card-headline is-style-h4\">Amerika<\/h3><div class=\"hero-card-text\"><p>Miami, \u00d6stliche Standardzeit (EST)<br \/>\n&amp; \u00d6stliche Sommerzeit (EDT)<\/p>\n<p>E-Mail:<br \/>\n<a href=\"mailto:Americas@AEROTHRIVE.com\">Americas@AEROTHRIVE.com<\/a><\/p>\n<p>Telefon:<br \/>\n<span>+49 156 79267670<\/span><span><\/span><\/p>\n<p>&nbsp;<\/p>\n<\/div><div class=\"wp-block-buttons is-layout-flex wp-block-buttons-is-layout-flex\"><div class=\"wp-block-button is-style-text has-icon--circle-outline-arrow-right--primary icon-position--left\"><a class=\"wp-block-button__link wp-element-button\" target=\"\" href=\"https:\/\/aerothrive.com\/de\/kontakt\/\">Kontakt<\/a><\/div><\/div><\/div><div class=\"single-card\"><h3 class=\"hero-card-headline is-style-h4\">Europa, Afrika<\/h3><div class=\"hero-card-text\"><p>Hamburg, Mitteleurop\u00e4ische Zeit (CET)<br \/>\n&amp; Mitteleurop\u00e4ische Sommerzeit (CEST)<\/p>\n<p>E-Mail:<br \/>\n<a href=\"mailto:hello@AEROTHRIVE.com\">hello@AEROTHRIVE.com<\/a><\/p>\n<p>Telefon:<br \/>\n<span>+49 156 79267670<\/span><span><\/span><\/p>\n<\/div><div class=\"wp-block-buttons is-layout-flex wp-block-buttons-is-layout-flex\"><div class=\"wp-block-button is-style-text has-icon--circle-outline-arrow-right--primary icon-position--left\"><a class=\"wp-block-button__link wp-element-button\" target=\"\" href=\"https:\/\/aerothrive.com\/de\/kontakt\/\">Kontakt<\/a><\/div><\/div><\/div><div class=\"single-card\"><h3 class=\"hero-card-headline is-style-h4\">Naher Osten<\/h3><div class=\"hero-card-text\"><p>Dubai,<br \/>\nGolf-Standardzeit (GST)<\/p>\n<p>E-Mail:<br \/>\n<a href=\"mailto:AfricaMidEast@AEROTHRIVE.com\">AfricaMidEast@AEROTHRIVE.com<\/a><\/p>\n<p>Telefon:<br \/>\n<span>+49 156 79267670<\/span><span><\/span><\/p>\n<\/div><div class=\"wp-block-buttons is-layout-flex wp-block-buttons-is-layout-flex\"><div class=\"wp-block-button is-style-text has-icon--circle-outline-arrow-right--primary icon-position--left\"><a class=\"wp-block-button__link wp-element-button\" target=\"\" href=\"https:\/\/aerothrive.com\/de\/kontakt\/\">Kontakt<\/a><\/div><\/div><\/div><div class=\"single-card\"><h3 class=\"hero-card-headline is-style-h4\">Australien, Ferner Osten, Pazifik<\/h3><div class=\"hero-card-text\"><p>Hongkong,<br \/>\nHongkong-Zeit (HKT)<\/p>\n<p>E-Mail:<br \/>\n<a href=\"mailto:AustraliaFarEast@AEROTHRIVE.com\">AustraliaFarEast@AEROTHRIVE.com<\/a><\/p>\n<p>Telefon:<br \/>\n<span>+49 156 79267670<\/span><span><\/span><\/p>\n<\/div><div class=\"wp-block-buttons is-layout-flex wp-block-buttons-is-layout-flex\"><div class=\"wp-block-button is-style-text has-icon--circle-outline-arrow-right--primary icon-position--left\"><a class=\"wp-block-button__link wp-element-button\" target=\"\" href=\"https:\/\/aerothrive.com\/de\/kontakt\/\">Kontakt<\/a><\/div><\/div><\/div><\/div><\/div>\n<\/div>\n","protected":false},"excerpt":{"rendered":"<p>FSTD-Audits Die Beauftragung von AEROTHRIVE f\u00fcr Ihre FSTD-Audits bietet FSTD-Betreibern, Fluggesellschaftskunden und Beh\u00f6rden gleicherma\u00dfen einen au\u00dfergew\u00f6hnlichen Mehrwert. Unsere erfahrenen Auditoren bieten eine unabh\u00e4ngige Expertenperspektive, die f\u00fcr gr\u00fcndliche Bewertungen und die Identifizierung von Verbesserungspotenzialen unerl\u00e4sslich ist. Im Gegensatz zu internen Inspektionen eliminieren unsere externen Audits potenzielle Voreingenommenheiten und stellen sicher, dass die Ergebnisse objektiv, detailliert und [&hellip;]<\/p>\n","protected":false},"author":3,"featured_media":0,"parent":686,"menu_order":0,"comment_status":"closed","ping_status":"closed","template":"","meta":{"_acf_changed":false,"footnotes":""},"class_list":["post-38622","page","type-page","status-publish","hentry"],"yoast_head":"<!-- This site is optimized with the Yoast SEO plugin v27.4 - https:\/\/yoast.com\/product\/yoast-seo-wordpress\/ -->\n<title>FSTD-Audits | AEROTHRIVE<\/title>\n<meta name=\"robots\" content=\"index, follow, max-snippet:-1, max-image-preview:large, max-video-preview:-1\" \/>\n<link rel=\"canonical\" href=\"https:\/\/aerothrive.com\/de\/home-2\/fstd-audits\/\" \/>\n<meta property=\"og:locale\" content=\"de_DE\" \/>\n<meta property=\"og:type\" content=\"article\" \/>\n<meta property=\"og:title\" content=\"FSTD-Audits | AEROTHRIVE\" \/>\n<meta property=\"og:description\" content=\"FSTD-Audits Die Beauftragung von AEROTHRIVE f\u00fcr Ihre FSTD-Audits bietet FSTD-Betreibern, Fluggesellschaftskunden und Beh\u00f6rden gleicherma\u00dfen einen au\u00dfergew\u00f6hnlichen Mehrwert. Unsere erfahrenen Auditoren bieten eine unabh\u00e4ngige Expertenperspektive, die f\u00fcr gr\u00fcndliche Bewertungen und die Identifizierung von Verbesserungspotenzialen unerl\u00e4sslich ist. Im Gegensatz zu internen Inspektionen eliminieren unsere externen Audits potenzielle Voreingenommenheiten und stellen sicher, dass die Ergebnisse objektiv, detailliert und [&hellip;]\" \/>\n<meta property=\"og:url\" content=\"https:\/\/aerothrive.com\/de\/home-2\/fstd-audits\/\" \/>\n<meta property=\"og:site_name\" content=\"AEROTHRIVE\" \/>\n<meta property=\"article:modified_time\" content=\"2026-03-12T14:51:13+00:00\" \/>\n<meta property=\"og:image\" content=\"https:\/\/aerothrive.com\/wp-content\/uploads\/2025\/04\/252-5263_IMG-scaled.jpg\" \/>\n\t<meta property=\"og:image:width\" content=\"2560\" \/>\n\t<meta property=\"og:image:height\" content=\"1699\" \/>\n\t<meta property=\"og:image:type\" content=\"image\/jpeg\" \/>\n<meta name=\"twitter:card\" content=\"summary_large_image\" \/>\n<meta name=\"twitter:label1\" content=\"Gesch\u00e4tzte Lesezeit\" \/>\n\t<meta name=\"twitter:data1\" content=\"1\u00a0Minute\" \/>\n<script type=\"application\/ld+json\" class=\"yoast-schema-graph\">{\"@context\":\"https:\\\/\\\/schema.org\",\"@graph\":[{\"@type\":\"WebPage\",\"@id\":\"https:\\\/\\\/aerothrive.com\\\/de\\\/home-2\\\/fstd-audits\\\/\",\"url\":\"https:\\\/\\\/aerothrive.com\\\/de\\\/home-2\\\/fstd-audits\\\/\",\"name\":\"FSTD-Audits | AEROTHRIVE\",\"isPartOf\":{\"@id\":\"https:\\\/\\\/aerothrive.com\\\/de\\\/#website\"},\"primaryImageOfPage\":{\"@id\":\"https:\\\/\\\/aerothrive.com\\\/de\\\/home-2\\\/fstd-audits\\\/#primaryimage\"},\"image\":{\"@id\":\"https:\\\/\\\/aerothrive.com\\\/de\\\/home-2\\\/fstd-audits\\\/#primaryimage\"},\"thumbnailUrl\":\"https:\\\/\\\/aerothrive.com\\\/wp-content\\\/uploads\\\/2025\\\/04\\\/252-5263_IMG-1920x1080.jpg\",\"datePublished\":\"2025-04-28T08:16:43+00:00\",\"dateModified\":\"2026-03-12T14:51:13+00:00\",\"breadcrumb\":{\"@id\":\"https:\\\/\\\/aerothrive.com\\\/de\\\/home-2\\\/fstd-audits\\\/#breadcrumb\"},\"inLanguage\":\"de\",\"potentialAction\":[{\"@type\":\"ReadAction\",\"target\":[\"https:\\\/\\\/aerothrive.com\\\/de\\\/home-2\\\/fstd-audits\\\/\"]}]},{\"@type\":\"ImageObject\",\"inLanguage\":\"de\",\"@id\":\"https:\\\/\\\/aerothrive.com\\\/de\\\/home-2\\\/fstd-audits\\\/#primaryimage\",\"url\":\"https:\\\/\\\/aerothrive.com\\\/wp-content\\\/uploads\\\/2025\\\/04\\\/252-5263_IMG-1920x1080.jpg\",\"contentUrl\":\"https:\\\/\\\/aerothrive.com\\\/wp-content\\\/uploads\\\/2025\\\/04\\\/252-5263_IMG-1920x1080.jpg\"},{\"@type\":\"BreadcrumbList\",\"@id\":\"https:\\\/\\\/aerothrive.com\\\/de\\\/home-2\\\/fstd-audits\\\/#breadcrumb\",\"itemListElement\":[{\"@type\":\"ListItem\",\"position\":1,\"name\":\"Home\",\"item\":\"https:\\\/\\\/aerothrive.com\\\/de\\\/\"},{\"@type\":\"ListItem\",\"position\":2,\"name\":\"Audits\",\"item\":\"https:\\\/\\\/aerothrive.com\\\/de\\\/home-2\\\/\"},{\"@type\":\"ListItem\",\"position\":3,\"name\":\"FSTD-Audits\"}]},{\"@type\":\"WebSite\",\"@id\":\"https:\\\/\\\/aerothrive.com\\\/de\\\/#website\",\"url\":\"https:\\\/\\\/aerothrive.com\\\/de\\\/\",\"name\":\"AEROTHRIVE\",\"description\":\"Global Aviation Excellence\",\"publisher\":{\"@id\":\"https:\\\/\\\/aerothrive.com\\\/de\\\/#organization\"},\"alternateName\":\"AEROTHRIVE\",\"potentialAction\":[{\"@type\":\"SearchAction\",\"target\":{\"@type\":\"EntryPoint\",\"urlTemplate\":\"https:\\\/\\\/aerothrive.com\\\/de\\\/?s={search_term_string}\"},\"query-input\":{\"@type\":\"PropertyValueSpecification\",\"valueRequired\":true,\"valueName\":\"search_term_string\"}}],\"inLanguage\":\"de\"},{\"@type\":\"Organization\",\"@id\":\"https:\\\/\\\/aerothrive.com\\\/de\\\/#organization\",\"name\":\"AEROTHRIVE GmbH\",\"url\":\"https:\\\/\\\/aerothrive.com\\\/de\\\/\",\"logo\":{\"@type\":\"ImageObject\",\"inLanguage\":\"de\",\"@id\":\"https:\\\/\\\/aerothrive.com\\\/de\\\/#\\\/schema\\\/logo\\\/image\\\/\",\"url\":\"https:\\\/\\\/aerothrive.com\\\/wp-content\\\/uploads\\\/2024\\\/01\\\/aerothrive-logo.png\",\"contentUrl\":\"https:\\\/\\\/aerothrive.com\\\/wp-content\\\/uploads\\\/2024\\\/01\\\/aerothrive-logo.png\",\"width\":3508,\"height\":2480,\"caption\":\"AEROTHRIVE GmbH\"},\"image\":{\"@id\":\"https:\\\/\\\/aerothrive.com\\\/de\\\/#\\\/schema\\\/logo\\\/image\\\/\"}}]}<\/script>\n<!-- \/ Yoast SEO plugin. -->","yoast_head_json":{"title":"FSTD-Audits | AEROTHRIVE","robots":{"index":"index","follow":"follow","max-snippet":"max-snippet:-1","max-image-preview":"max-image-preview:large","max-video-preview":"max-video-preview:-1"},"canonical":"https:\/\/aerothrive.com\/de\/home-2\/fstd-audits\/","og_locale":"de_DE","og_type":"article","og_title":"FSTD-Audits | AEROTHRIVE","og_description":"FSTD-Audits Die Beauftragung von AEROTHRIVE f\u00fcr Ihre FSTD-Audits bietet FSTD-Betreibern, Fluggesellschaftskunden und Beh\u00f6rden gleicherma\u00dfen einen au\u00dfergew\u00f6hnlichen Mehrwert. Unsere erfahrenen Auditoren bieten eine unabh\u00e4ngige Expertenperspektive, die f\u00fcr gr\u00fcndliche Bewertungen und die Identifizierung von Verbesserungspotenzialen unerl\u00e4sslich ist. Im Gegensatz zu internen Inspektionen eliminieren unsere externen Audits potenzielle Voreingenommenheiten und stellen sicher, dass die Ergebnisse objektiv, detailliert und [&hellip;]","og_url":"https:\/\/aerothrive.com\/de\/home-2\/fstd-audits\/","og_site_name":"AEROTHRIVE","article_modified_time":"2026-03-12T14:51:13+00:00","og_image":[{"width":2560,"height":1699,"url":"https:\/\/aerothrive.com\/wp-content\/uploads\/2025\/04\/252-5263_IMG-scaled.jpg","type":"image\/jpeg"}],"twitter_card":"summary_large_image","twitter_misc":{"Gesch\u00e4tzte Lesezeit":"1\u00a0Minute"},"schema":{"@context":"https:\/\/schema.org","@graph":[{"@type":"WebPage","@id":"https:\/\/aerothrive.com\/de\/home-2\/fstd-audits\/","url":"https:\/\/aerothrive.com\/de\/home-2\/fstd-audits\/","name":"FSTD-Audits | AEROTHRIVE","isPartOf":{"@id":"https:\/\/aerothrive.com\/de\/#website"},"primaryImageOfPage":{"@id":"https:\/\/aerothrive.com\/de\/home-2\/fstd-audits\/#primaryimage"},"image":{"@id":"https:\/\/aerothrive.com\/de\/home-2\/fstd-audits\/#primaryimage"},"thumbnailUrl":"https:\/\/aerothrive.com\/wp-content\/uploads\/2025\/04\/252-5263_IMG-1920x1080.jpg","datePublished":"2025-04-28T08:16:43+00:00","dateModified":"2026-03-12T14:51:13+00:00","breadcrumb":{"@id":"https:\/\/aerothrive.com\/de\/home-2\/fstd-audits\/#breadcrumb"},"inLanguage":"de","potentialAction":[{"@type":"ReadAction","target":["https:\/\/aerothrive.com\/de\/home-2\/fstd-audits\/"]}]},{"@type":"ImageObject","inLanguage":"de","@id":"https:\/\/aerothrive.com\/de\/home-2\/fstd-audits\/#primaryimage","url":"https:\/\/aerothrive.com\/wp-content\/uploads\/2025\/04\/252-5263_IMG-1920x1080.jpg","contentUrl":"https:\/\/aerothrive.com\/wp-content\/uploads\/2025\/04\/252-5263_IMG-1920x1080.jpg"},{"@type":"BreadcrumbList","@id":"https:\/\/aerothrive.com\/de\/home-2\/fstd-audits\/#breadcrumb","itemListElement":[{"@type":"ListItem","position":1,"name":"Home","item":"https:\/\/aerothrive.com\/de\/"},{"@type":"ListItem","position":2,"name":"Audits","item":"https:\/\/aerothrive.com\/de\/home-2\/"},{"@type":"ListItem","position":3,"name":"FSTD-Audits"}]},{"@type":"WebSite","@id":"https:\/\/aerothrive.com\/de\/#website","url":"https:\/\/aerothrive.com\/de\/","name":"AEROTHRIVE","description":"Global Aviation Excellence","publisher":{"@id":"https:\/\/aerothrive.com\/de\/#organization"},"alternateName":"AEROTHRIVE","potentialAction":[{"@type":"SearchAction","target":{"@type":"EntryPoint","urlTemplate":"https:\/\/aerothrive.com\/de\/?s={search_term_string}"},"query-input":{"@type":"PropertyValueSpecification","valueRequired":true,"valueName":"search_term_string"}}],"inLanguage":"de"},{"@type":"Organization","@id":"https:\/\/aerothrive.com\/de\/#organization","name":"AEROTHRIVE GmbH","url":"https:\/\/aerothrive.com\/de\/","logo":{"@type":"ImageObject","inLanguage":"de","@id":"https:\/\/aerothrive.com\/de\/#\/schema\/logo\/image\/","url":"https:\/\/aerothrive.com\/wp-content\/uploads\/2024\/01\/aerothrive-logo.png","contentUrl":"https:\/\/aerothrive.com\/wp-content\/uploads\/2024\/01\/aerothrive-logo.png","width":3508,"height":2480,"caption":"AEROTHRIVE GmbH"},"image":{"@id":"https:\/\/aerothrive.com\/de\/#\/schema\/logo\/image\/"}}]}},"acf":[],"_links":{"self":[{"href":"https:\/\/aerothrive.com\/de\/wp-json\/wp\/v2\/pages\/38622","targetHints":{"allow":["GET"]}}],"collection":[{"href":"https:\/\/aerothrive.com\/de\/wp-json\/wp\/v2\/pages"}],"about":[{"href":"https:\/\/aerothrive.com\/de\/wp-json\/wp\/v2\/types\/page"}],"author":[{"embeddable":true,"href":"https:\/\/aerothrive.com\/de\/wp-json\/wp\/v2\/users\/3"}],"replies":[{"embeddable":true,"href":"https:\/\/aerothrive.com\/de\/wp-json\/wp\/v2\/comments?post=38622"}],"version-history":[{"count":1,"href":"https:\/\/aerothrive.com\/de\/wp-json\/wp\/v2\/pages\/38622\/revisions"}],"predecessor-version":[{"id":38623,"href":"https:\/\/aerothrive.com\/de\/wp-json\/wp\/v2\/pages\/38622\/revisions\/38623"}],"up":[{"embeddable":true,"href":"https:\/\/aerothrive.com\/de\/wp-json\/wp\/v2\/pages\/686"}],"wp:attachment":[{"href":"https:\/\/aerothrive.com\/de\/wp-json\/wp\/v2\/media?parent=38622"}],"curies":[{"name":"wp","href":"https:\/\/api.w.org\/{rel}","templated":true}]}}